{"id":144,"date":"2023-12-31T09:23:46","date_gmt":"2023-12-31T08:23:46","guid":{"rendered":"https:\/\/mipcysumundo.com.co\/?post_type=product&#038;p=144"},"modified":"2024-05-04T19:13:30","modified_gmt":"2024-05-04T17:13:30","slug":"camara-bala-2mpx-metalica-dahua-dh-hac-b2a21n-0360b","status":"publish","type":"product","link":"https:\/\/mipcysumundo.com.co\/index.php\/producto\/camara-bala-2mpx-metalica-dahua-dh-hac-b2a21n-0360b\/","title":{"rendered":"Camara bala 2mpx metalica dahua dh-hac-b2a21n-0360b"},"content":{"rendered":"<p>&nbsp;<\/p>\n<p><img fetchpriority=\"high\" decoding=\"async\" class=\"size-medium wp-image-136 aligncenter\" src=\"http:\/\/mipcysumundo.com.co\/wp-content\/uploads\/2023\/12\/204409198_4108938165862477_5460476142605677659_n-300x300.jpg\" alt=\"\" width=\"300\" height=\"300\" srcset=\"https:\/\/mipcysumundo.com.co\/wp-content\/uploads\/2023\/12\/204409198_4108938165862477_5460476142605677659_n-300x300.jpg 300w, https:\/\/mipcysumundo.com.co\/wp-content\/uploads\/2023\/12\/204409198_4108938165862477_5460476142605677659_n-150x150.jpg 150w, https:\/\/mipcysumundo.com.co\/wp-content\/uploads\/2023\/12\/204409198_4108938165862477_5460476142605677659_n-100x100.jpg 100w, https:\/\/mipcysumundo.com.co\/wp-content\/uploads\/2023\/12\/204409198_4108938165862477_5460476142605677659_n.jpg 500w\" sizes=\"(max-width: 300px) 100vw, 300px\" \/>La tecnolog\u00eda HDCVI garantiza la transmisi\u00f3n en tiempo real a larga distancia sin experimentar perdidas en la calidad del video. Soporta transmisiones via cable coaxial hasta 800m(1080P)\/1200m(720P), y hasta 300m(1080P)\/450m(720P) con cable UTP*. * Resultados reales verificados por pruebas en la escena real en el laboratorio de pruebas de Dahua Sencillez La tecnolog\u00eda HDCVI hereda la caracter\u00edstica nata de la simplicidad del sistema de vigilancia anal\u00f3gica tradicional, convirti\u00e9ndose en la mejor opci\u00f3n de inversi\u00f3n en protecci\u00f3n.El sistema HDCVI puede actualizar el sistema an\u00e1logo tradicional sin problemas, sin necesidad de reemplazar el cableado coaxial existente. El enfoque \u201cplug and play\u201d permite una video vigilancia HD completa sin tener que configurar una red. Smart IR La c\u00e1mara esta dise\u00f1ada con Iluminaci\u00f3n LED microcristalina IR para un mejor rendimiento en condiciones de baja iluminaci\u00f3n. El Smart IR \u00fanico de Dahua ajusta la intensidad de los LED infrarrojos de la c\u00e1mara de acuerdo a la distancia del objeto u objetivo, previniendo una sobreexposici\u00f3n de luz cuando se acerca a la c\u00e1mara y garantizando la uniformidad del brillo en la imagen en blanco y negro con baja iluminaci\u00f3n. Formatos de video m\u00faltiple La c\u00e1mara es compatible con m\u00faltiples formatos de video, incluidos HDCVI, CVBS y otros dos formatos an\u00e1logos de HD comunes en el mercado. Los cuatro formatos se pueden cambiar a trav\u00e9s del men\u00fa OSD. Esta funci\u00f3n hace que la c\u00e1mara sea compatible no solo con los HCVR, sino tambi\u00e9n con DVR HD \/ SD que es usado por la mayor\u00eda de los usuarios finales. Protecci\u00f3n confiable La excepcional confiabilidad de la c\u00e1mara es insuperable debido a su dise\u00f1o resistente. La c\u00e1mara est\u00e1 protegida contra el agua y el polvo gracias a su dise\u00f1o de clasificaci\u00f3n IP67, por lo que es adecuada para entornos interiores y exteriores. Con un rango de temperatura de trabajo de -40 \u00b0 C a + 60 \u00b0 C (-40 \u00b0 F a + 140 \u00b0 F), la c\u00e1mara est\u00e1 dise\u00f1ada para entornos de temperaturas extremas. Tambi\u00e9n tiene tolerancia de voltaje de entrada de \u00b1 30%, haciendo que se adapte incluso a las condiciones de fuente de alimentaci\u00f3n m\u00e1s inestables. Su clasificaci\u00f3n de rayos 4KV proporciona protecci\u00f3n contra la c\u00e1mara y su estructura contra los efectos de descargas electricas. Dimensiones (mm\/inch)<\/p>\n","protected":false},"excerpt":{"rendered":"<p>&nbsp; La tecnolog\u00eda HDCVI garantiza la transmisi\u00f3n en tiempo real a larga distancia sin experimentar perdidas en la calidad del video. Soporta transmisiones via cable coaxial hasta 800m(1080P)\/1200m(720P), y hasta<\/p>\n","protected":false},"featured_media":136,"comment_status":"open","ping_status":"closed","template":"","meta":{"_acf_changed":false,"_joinchat":[]},"product_cat":[15],"product_tag":[],"acf":[],"jetpack_sharing_enabled":true,"_links":{"self":[{"href":"https:\/\/mipcysumundo.com.co\/index.php\/wp-json\/wp\/v2\/product\/144"}],"collection":[{"href":"https:\/\/mipcysumundo.com.co\/index.php\/wp-json\/wp\/v2\/product"}],"about":[{"href":"https:\/\/mipcysumundo.com.co\/index.php\/wp-json\/wp\/v2\/types\/product"}],"replies":[{"embeddable":true,"href":"https:\/\/mipcysumundo.com.co\/index.php\/wp-json\/wp\/v2\/comments?post=144"}],"wp:featuredmedia":[{"embeddable":true,"href":"https:\/\/mipcysumundo.com.co\/index.php\/wp-json\/wp\/v2\/media\/136"}],"wp:attachment":[{"href":"https:\/\/mipcysumundo.com.co\/index.php\/wp-json\/wp\/v2\/media?parent=144"}],"wp:term":[{"taxonomy":"product_cat","embeddable":true,"href":"https:\/\/mipcysumundo.com.co\/index.php\/wp-json\/wp\/v2\/product_cat?post=144"},{"taxonomy":"product_tag","embeddable":true,"href":"https:\/\/mipcysumundo.com.co\/index.php\/wp-json\/wp\/v2\/product_tag?post=144"}],"curies":[{"name":"wp","href":"https:\/\/api.w.org\/{rel}","templated":true}]}}