{"id":158,"date":"2023-12-31T09:38:13","date_gmt":"2023-12-31T08:38:13","guid":{"rendered":"https:\/\/mipcysumundo.com.co\/?post_type=product&#038;p=158"},"modified":"2024-05-04T19:12:47","modified_gmt":"2024-05-04T17:12:47","slug":"mouse-vertical-recargable","status":"publish","type":"product","link":"https:\/\/mipcysumundo.com.co\/index.php\/producto\/mouse-vertical-recargable\/","title":{"rendered":"Mouse vertical recargable"},"content":{"rendered":"<p>\u00a1Comodidad y precisi\u00f3n! El mouse vertical ergon\u00f3mico est\u00e1 dise\u00f1ado especialmente para tener comodidad y una postura natural de la mano al realizar tareas en equipos de c\u00f3mputo. Es inal\u00e1mbrico para mayor practicidad, usa un nano receptor USB de 2.4 GHz que permite una r\u00e1pida transmisi\u00f3n de datos. NOTA: \u00danicamente para la mano derecha. Contenido de la caja. 1-Mouse Vertical 1-Receptor USB 1-Cable de carga<\/p>\n","protected":false},"excerpt":{"rendered":"<p>\u00a1Comodidad y precisi\u00f3n! El mouse vertical ergon\u00f3mico est\u00e1 dise\u00f1ado especialmente para tener comodidad y una postura natural de la mano al realizar tareas en equipos de c\u00f3mputo. Es inal\u00e1mbrico para<\/p>\n","protected":false},"featured_media":159,"comment_status":"open","ping_status":"closed","template":"","meta":{"_acf_changed":false,"_joinchat":[]},"product_cat":[20],"product_tag":[],"acf":[],"jetpack_sharing_enabled":true,"_links":{"self":[{"href":"https:\/\/mipcysumundo.com.co\/index.php\/wp-json\/wp\/v2\/product\/158"}],"collection":[{"href":"https:\/\/mipcysumundo.com.co\/index.php\/wp-json\/wp\/v2\/product"}],"about":[{"href":"https:\/\/mipcysumundo.com.co\/index.php\/wp-json\/wp\/v2\/types\/product"}],"replies":[{"embeddable":true,"href":"https:\/\/mipcysumundo.com.co\/index.php\/wp-json\/wp\/v2\/comments?post=158"}],"wp:featuredmedia":[{"embeddable":true,"href":"https:\/\/mipcysumundo.com.co\/index.php\/wp-json\/wp\/v2\/media\/159"}],"wp:attachment":[{"href":"https:\/\/mipcysumundo.com.co\/index.php\/wp-json\/wp\/v2\/media?parent=158"}],"wp:term":[{"taxonomy":"product_cat","embeddable":true,"href":"https:\/\/mipcysumundo.com.co\/index.php\/wp-json\/wp\/v2\/product_cat?post=158"},{"taxonomy":"product_tag","embeddable":true,"href":"https:\/\/mipcysumundo.com.co\/index.php\/wp-json\/wp\/v2\/product_tag?post=158"}],"curies":[{"name":"wp","href":"https:\/\/api.w.org\/{rel}","templated":true}]}}