{"id":165,"date":"2023-12-31T09:47:28","date_gmt":"2023-12-31T08:47:28","guid":{"rendered":"https:\/\/mipcysumundo.com.co\/?post_type=product&#038;p=165"},"modified":"2024-05-04T19:12:35","modified_gmt":"2024-05-04T17:12:35","slug":"165","status":"publish","type":"product","link":"https:\/\/mipcysumundo.com.co\/index.php\/producto\/165\/","title":{"rendered":"Computador Port\u00e1til Gamer LOQ &#8211; LENOVO 15,6&#8243; Pulgadas 512SSG 8GB DDR5"},"content":{"rendered":"<p>Lenovo LOQ (15\u201d, Intel)<\/p>\n<p>Sube de nivel y une fuerzas<br \/>\nFunciona r\u00e1pido con procesadores hasta Intel\u00ae Core\u2122 de 13ra generaci\u00f3n y GPU NVIDIA\u00ae GeForce RTX\u2122.<br \/>\nRendimiento optimizado gracias a Lenovo AI Engine+ y NVIDIA\u00ae Advanced Optimus<br \/>\nRobustez de grado militar con una pared lateral m\u00e1s delgada y puertos de E\/S opcionales de alto rendimiento<br \/>\nVe a todos los enemigos en una brillante pantalla hasta FHD de 15\u2033 con altas frecuencias de actualizaci\u00f3n<br \/>\nAbundantes opciones de memoria y almacenamiento para mantenerte competitivo en cualquier lobby<br \/>\nJuega a m\u00e1s de 100 juegos de PC de alta calidad con tu nueva PC LOQ de Lenovo y 3 meses gratis de Xbox Game Pass<\/p>\n<p>&nbsp;<\/p>\n<h2 class=\"tabbedBrowse-title\"><span class=\"tabbedBrowse-currentTab\">Caracter\u00edsticas<\/span><\/h2>\n<p class=\"features-disclaimer\">Las caracter\u00edsticas de cada producto pueden variar seg\u00fan el pa\u00eds de adquisici\u00f3n del mismo, por lo que la siguiente descripci\u00f3n no debe ser interpretada como un compromiso contractual. Te invitamos a revisar las caracter\u00edsticas espec\u00edficas para cada producto antes de realizar la compra online en la secci\u00f3n &#8216;Ver Modelos&#8217; de esta misma p\u00e1gina, o con un asesor de ventas si es en una tienda f\u00edsica.<\/p>\n<div class=\"tabbedBrowse-other\">\n<div class=\"tabbedBrowse-features-wrapper tabbedBrowse-wrapper\">\n<section class=\"no-flex-zone\">\n<div class=\"tabbedBrowse-features-textWrapper fullwidth below\">\n<div class=\"tabbedBrowse-features-featureText\">\n<h2 class=\"tabbedBrowse-features-featureHeading\">Procesadores Intel\u00ae Core\u2122 de 13ra generaci\u00f3n M\u00e1s all\u00e1 del rendimiento.<\/h2>\n<div class=\"tabbedBrowse-features-featureText\">\n<p>La arquitectura h\u00edbrida m\u00e1s reciente de Intel, combinada con funciones l\u00edderes del sector, ofrece la experiencia de juego definitiva. Transmite, crea y compite al m\u00e1s alto nivel: los procesadores hasta Intel\u00ae Core\u2122 de 13ra generaci\u00f3n llevan su juego m\u00e1s all\u00e1 del rendimiento, proporcion\u00e1ndote la potencia para hacerlo todo.<\/p>\n<\/div>\n<p>&nbsp;<\/p>\n<\/div>\n<\/div>\n<div class=\"tabbedBrowse-features-mediaItem fullwidth above\">\n<figure><img decoding=\"async\" title=\"\" src=\"https:\/\/www.lenovo.com\/medias\/?context=bWFzdGVyfHJvb3R8MjI0NzQ4fGltYWdlL3BuZ3xoNjEvaDdiLzE3MTg4Nzc2ODA0MzgyLmpwZ3wyMTA4MGIxZmI5M2E4ZDM5MjU0NDNkYWE0NmM5ZDJkM2FhMDQzNjhmNzRkZTM5MGYwNDFiNDdjYmNiZjEyNTYy\" alt=\"Closeup of Lenovo LOQ 15IRH8 keyboard with RGB keyboard backlight turned on\" \/><figcaption>\n<div class=\"tabbedBrowse-features-mediaCaption\">Algunos puertos\/ranuras pueden ser opcionales o variar; colores sujetos a disponibilidad.<\/div>\n<\/figcaption><\/figure>\n<\/div>\n<\/section>\n<section class=\"no-flex-zone\">\n<div class=\"tabbedBrowse-features-textWrapper fullwidth below\">\n<h2 class=\"tabbedBrowse-features-featureHeading\"><\/h2>\n<div class=\"tabbedBrowse-features-featureText\">\n<p>&nbsp;<\/p>\n<h2 class=\"tabbedBrowse-features-featureHeading\">Tarjetas gr\u00e1ficas NVIDIA\u00ae GeForce RTX\u2122 totalmente potenciadas. M\u00e1s all\u00e1 de la velocidad.<\/h2>\n<div class=\"tabbedBrowse-features-featureText\">\n<p>Las GPU NVIDIA\u00ae GeForce RTX\u2122 Serie 40 para laptops van m\u00e1s all\u00e1 de la velocidad para gamers y creadores. Est\u00e1n impulsadas por la arquitectura ultraeficiente NVIDIA Ada Lovelace, que ofrece un salto cu\u00e1ntico tanto en rendimiento como en gr\u00e1ficos impulsados por IA. Experimenta mundos virtuales realistas con el trazado de rayos, aumenta masivamente el rendimiento con DLSS 3 y obt\u00e9n una ventaja competitiva con Reflex. Descubre nuevas y revolucionarias formas de crear y una aceleraci\u00f3n del flujo de trabajo sin precedentes.<\/p>\n<\/div>\n<p>&nbsp;<\/p>\n<\/div>\n<\/div>\n<div class=\"tabbedBrowse-features-mediaItem fullwidth above\">\n<figure><img decoding=\"async\" title=\"\" src=\"https:\/\/www.lenovo.com\/medias\/?context=bWFzdGVyfHJvb3R8MjM0OTU3fGltYWdlL3BuZ3xoYWYvaDJlLzE3MTYwMDAzMDI2OTc0LmpwZ3w4OWExNmY2NGNkNTM3ODYxYTE3N2IzMTkwNDU5ZGE3NzQ4YjU4ZTM1MjNmMTIyZmJlMTVlMWQzMDk0MTcyMjZl\" alt=\"Lenovo LOQ 15IRH8 with video game bursting from the display to illustrate the graphics power of NVIDIA\u00ae GPU\u2019s\" \/><figcaption>\n<div class=\"tabbedBrowse-features-mediaCaption\">Algunos puertos\/ranuras pueden ser opcionales o variar; colores sujetos a disponibilidad \u2013 im\u00e1genes ilustrativas.<\/div>\n<\/figcaption><\/figure>\n<\/div>\n<\/section>\n<section class=\"no-flex-zone\">\n<div class=\"tabbedBrowse-features-textWrapper fullwidth below\">\n<h2 class=\"tabbedBrowse-features-featureHeading\">Disfruta de 3 meses de Xbox Game Pass en los dispositivos Lenovo LOQ<\/h2>\n<div class=\"tabbedBrowse-features-featureText\">\n<p>Disfruta de m\u00e1s de 100 juegos de alta calidad en tu nueva laptop Lenovo LOQ 15 (15\u201d, Intel), con tres meses de EA Play con Xbox Game Pass. Con juegos que se van incorporando todo el tiempo, siempre tendr\u00e1s algo nuevo. Descarga y disfruta de los mejores juegos con fidelidad total, o activa los juegos de la consola desde la nube con controlador conectado. Consulta xbox.com\/subscriptionterms *No disponible para todos los pa\u00edses.<\/p>\n<\/div>\n<\/div>\n<div class=\"tabbedBrowse-features-mediaItem fullwidth above\">\n<figure><img decoding=\"async\" title=\"\" src=\"https:\/\/www.lenovo.com\/medias\/?context=bWFzdGVyfHJvb3R8MTM4MTM3fGltYWdlL3BuZ3xoYjgvaGIwLzE3MTYwMDAzMDkyNTEwLmpwZ3wwMzBiZTJlN2Y3NTljMjYzMmRiYzRhMjc1YTk1NWY1YWI2ZWQyZTJhMjYzZmJkYjM2Y2FhM2Q1YTAyNTA5MWY1\" alt=\"Lenovo LOQ 15IRH8 with Microsoft Xbox Game Pass UI on the display\" \/><figcaption>\n<div class=\"tabbedBrowse-features-mediaCaption\">Algunos puertos\/ranuras pueden ser opcionales o variar; colores sujetos a disponibilidad.<\/div>\n<\/figcaption><\/figure>\n<\/div>\n<\/section>\n<section class=\"no-flex-zone\">\n<div class=\"tabbedBrowse-features-textWrapper fullwidth below\">\n<h2 class=\"tabbedBrowse-features-featureHeading\">Gaming potenciado por la IA<\/h2>\n<div class=\"tabbedBrowse-features-featureText\">\n<p>Adel\u00e1ntate al juego con Lenovo AI Engine+, equipado con el chip LA1 AI para un sistema perfeccionado que utiliza sensores para mejorar tu experiencia de gaming. Un MUX Switch dedicado con NVIDIA\u00ae Advanced Optimus reduce la latencia, optimiza la duraci\u00f3n de la bater\u00eda y aumenta los FPS. La tecnolog\u00eda Smart Engine opcional te mantiene en control de tu juego para que puedas liberar tu verdadero potencial.<\/p>\n<\/div>\n<\/div>\n<div class=\"tabbedBrowse-features-mediaItem fullwidth above\">\n<figure><img decoding=\"async\" title=\"\" src=\"https:\/\/www.lenovo.com\/medias\/?context=bWFzdGVyfHJvb3R8MjE1MTM1fGltYWdlL3BuZ3xoZDIvaDkxLzE3MTYwMDAzMTU4MDQ2LmpwZ3wwYjlkNTFlMGMwNjk5MGNmNmFkZDYyYWU1NWVhNjdhZTI5MzI4MWY3MmY2NWEyYjEyOWZkZDA0YzkxMWZlNmE2\" alt=\"Lenovo LOQ 15IRH8 with Apex Legends on the screen showing NVIDIA\u00ae Reflex effect\" \/><figcaption>\n<div class=\"tabbedBrowse-features-mediaCaption\">Algunos puertos\/ranuras pueden ser opcionales o variar &#8211; colores sujetos a disponibilidad.<\/div>\n<\/figcaption><\/figure>\n<\/div>\n<\/section>\n<section class=\"no-flex-zone\">\n<div class=\"tabbedBrowse-features-textWrapper fullwidth below\">\n<h2 class=\"tabbedBrowse-features-featureHeading\">Juego en\u00e9rgico y desplazamiento silencioso<\/h2>\n<div class=\"tabbedBrowse-features-featureText\">\n<p>Mu\u00e9vete en silencio y juega en\u00e9rgicamente con la soluci\u00f3n t\u00e9rmica silenciosa de Lenovo LOQ 15 (15\u201d, Intel). Su innovador dise\u00f1o incluye hasta 4 tubos de calor, hasta dos ventiladores de alta velocidad de 85 mm y 12 V, una entrada de aire un 28,6% m\u00e1s grande y rejillas de salida un 24% m\u00e1s grandes. Con una generosa ventilaci\u00f3n y un TDP de hasta 135 W, tu laptop gaming se mantendr\u00e1 fresco y silencioso incluso en \u00e1reas p\u00fablicas o zonas silenciosas de bibliotecas. Disfruta de sesiones de gaming ininterrumpidas sin llamar la atenci\u00f3n.<\/p>\n<\/div>\n<\/div>\n<div class=\"tabbedBrowse-features-mediaItem fullwidth above\">\n<figure><img decoding=\"async\" title=\"\" src=\"https:\/\/www.lenovo.com\/medias\/?context=bWFzdGVyfHJvb3R8MTc2ODc3fGltYWdlL3BuZ3xoNzIvaDEzLzE3MTYwMDAzMjIzNTgyLmpwZ3xjMWQ1OWQ2NzFkNDQ5N2QwNmEyZWY0YTZhZWRkYzcxYWEyMmM2NDU2ZjJlODU3ZjQwMzg5MzEwYWRjYTg2NjFj\" alt=\"Depiction air flowing through Lenovo LOQ 15IRH8\" \/><figcaption>\n<div class=\"tabbedBrowse-features-mediaCaption\">Algunos puertos\/ranuras pueden ser opcionales o variar &#8211; colores sujetos a disponibilidad.<\/div>\n<\/figcaption><\/figure>\n<\/div>\n<\/section>\n<section class=\"no-flex-zone\">\n<div class=\"tabbedBrowse-features-textWrapper fullwidth below\">\n<h2 class=\"tabbedBrowse-features-featureHeading\">Dise\u00f1o robusto, simplicidad potenciada<\/h2>\n<div class=\"tabbedBrowse-features-featureText\">\n<p>La laptop Lenovo LOQ 15 (15\u201d, Intel) luce un dise\u00f1o resistente, pr\u00e1ctico y elegante y un panel de E\/S posterior exclusivo para gaming. Viene con una amplia gama de puertos opcionales de f\u00e1cil acceso y un aspecto despejado. Disponible en gris tormenta con una c\u00e1mara hasta FHD 1080P integrada que incorpora un obturador de privacidad electr\u00f3nica para una mayor privacidad. Fabricada conforme a los estrictos est\u00e1ndares militares MIL-STD 810H de EE. UU. para ofrecer la m\u00e1xima durabilidad, esta laptop es tan resistente como los personajes con los que juegas.<\/p>\n<\/div>\n<\/div>\n<div class=\"tabbedBrowse-features-mediaItem fullwidth above\">\n<figure><img decoding=\"async\" title=\"\" src=\"https:\/\/www.lenovo.com\/medias\/?context=bWFzdGVyfHJvb3R8MjY0MDQ1fGltYWdlL3BuZ3xoMWIvaDAwLzE3MTYwMDAzMjg5MTE4LmpwZ3w0Y2FhNTJhYjc0MDIwOWYxMzRhOTE3OGIxNzUxMjc1ZDUwNzJlZDQwNzgwYTFkYjk0MzE3NjJkNGNiYzVmMzFk\" alt=\"Lenovo LOQ 15IRH8 floating in and bouncing off of a hard surface to depict its durability\" \/><figcaption>\n<div class=\"tabbedBrowse-features-mediaCaption\">Algunos puertos\/ranuras pueden ser opcionales o variar &#8211; colores sujetos a disponibilidad.<\/div>\n<\/figcaption><\/figure>\n<\/div>\n<\/section>\n<section class=\"no-flex-zone\">\n<div class=\"tabbedBrowse-features-textWrapper fullwidth below\">\n<h2 class=\"tabbedBrowse-features-featureHeading\">Grandeza a la vista<\/h2>\n<div class=\"tabbedBrowse-features-featureText\">\n<p>Eleva tu experiencia de juego en una pantalla hasta FHD de 15\u2033. Tus juegos cobrar\u00e1n vida con una rapid\u00edsima frecuencia de actualizaci\u00f3n de hasta 144 Hz, colores realistas y una brillante pantalla de 350 nits. Adem\u00e1s, la atenuaci\u00f3n de CC garantiza un bajo consumo de energ\u00eda, lo que ayuda a prolongar la duraci\u00f3n de la bater\u00eda para esas largas sesiones de juego sobre la marcha. Pi\u00e9rdete en el juego con la laptop Lenovo LOQ 15 (15\u201d, Intel).<\/p>\n<\/div>\n<\/div>\n<div class=\"tabbedBrowse-features-mediaItem fullwidth above\">\n<figure><img decoding=\"async\" title=\"\" src=\"https:\/\/www.lenovo.com\/medias\/?context=bWFzdGVyfHJvb3R8MTkzNTMwfGltYWdlL3BuZ3xoNDUvaDdlLzE3MTYwMDAzMzU0NjU0LmpwZ3w4YTk4MjMwMTg1OGRmMTMyYjU2NDk1MDBjMGNkYzFhOWE5Y2Y3NjFjOWFiY2MzNGEzMzExYzg5YjkzMDExOTAy\" alt=\"Lenovo LOQ 15IRH8 with Apex Legends exploding from the screen\" \/><figcaption>\n<div class=\"tabbedBrowse-features-mediaCaption\">Algunos puertos\/ranuras pueden ser opcionales o variar &#8211; colores sujetos a disponibilidad. &#8211; Im\u00e1genes ilustrativas.<\/div>\n<\/figcaption><\/figure>\n<\/div>\n<\/section>\n<section class=\"no-flex-zone\">\n<div class=\"tabbedBrowse-features-textWrapper fullwidth below\">\n<h2 class=\"tabbedBrowse-features-featureHeading\">Domina con precisi\u00f3n y exactitud ergon\u00f3micas<\/h2>\n<div class=\"tabbedBrowse-features-featureText\">\n<p>Libera tu m\u00e1ximo potencial de escritura y juego con el teclado LOQ de Lenovo. Con la cl\u00e1sica sensaci\u00f3n t\u00e1ctil y un recorrido de tecla de 1,5 mm, disfrutar\u00e1s de un accionamiento ultrarr\u00e1pido y 100% anti-ghosting para una precisi\u00f3n inigualable. Las teclas de flecha de tama\u00f1o completo y el teclado num\u00e9rico te ayudan a mantener el control en cualquier situaci\u00f3n.<\/p>\n<\/div>\n<\/div>\n<div class=\"tabbedBrowse-features-mediaItem fullwidth above\">\n<figure><img decoding=\"async\" title=\"\" src=\"https:\/\/www.lenovo.com\/medias\/?context=bWFzdGVyfHJvb3R8MTUzODY5fGltYWdlL3BuZ3xoOTMvaDU1LzE3MTYwMDAzNDIwMTkwLmpwZ3wzN2MwNDlhZDdhZDFmMWIyNGI0MTQwMGU3ODMwNTAyMjAyYTljMmRmZDdjODlmYjgzOTJmYTFhZWM4ZDNkN2I5\" alt=\"Birdseye closeup of Lenovo LOQ 15IRH8 keyboard with the backlight turned on, one side white, and the other side RGB\" \/><figcaption>\n<div class=\"tabbedBrowse-features-mediaCaption\">Algunos puertos\/ranuras pueden ser opcionales o variar &#8211; colores sujetos a disponibilidad.<\/div>\n<\/figcaption><\/figure>\n<\/div>\n<\/section>\n<section class=\"no-flex-zone\">\n<div class=\"tabbedBrowse-features-textWrapper fullwidth below\">\n<h2 class=\"tabbedBrowse-features-featureHeading\">Capacidad de ampliaci\u00f3n a prueba de futuro<\/h2>\n<div class=\"tabbedBrowse-features-featureText\">\n<p>Mejora tu experiencia de gaming con la capacidad de ampliaci\u00f3n ilimitada de la laptop Lenovo LOQ 15 (15\u201d, Intel). Con hasta 16 GB de memoria DDR5 y 1 TB de almacenamiento PCIe Gen4, puedes alternar entre gaming, streaming y creaci\u00f3n sin ning\u00fan retraso ni tiempos de arranque lentos. Adem\u00e1s, con 2 ranuras SSD y una ranura M.2 abierta, puedes a\u00f1adir f\u00e1cilmente una segunda unidad para obtener a\u00fan m\u00e1s almacenamiento. \u00a1 Ya no tendr\u00e1s que borrar tus juegos favoritos!<\/p>\n<\/div>\n<\/div>\n<div class=\"tabbedBrowse-features-mediaItem fullwidth above\">\n<figure><img decoding=\"async\" title=\"\" src=\"https:\/\/www.lenovo.com\/medias\/?context=bWFzdGVyfHJvb3R8Mjg0NzI1fGltYWdlL3BuZ3xoMmYvaGVhLzE3MTg4Nzc2ODY5OTE4LmpwZ3xiM2NiOTM5NmI0NjA5ZWFjODk3OGFkMzVjZjljNjJjM2VkYjQxZTc2YjRkNTBhNWMwOTkxZThhMTM3OWNkZmIy\" alt=\"View of Lenovo LOQ 15IRH8 rear ports\" \/><figcaption>\n<div class=\"tabbedBrowse-features-mediaCaption\">Algunos puertos\/ranuras pueden ser opcionales o variar &#8211; colores sujetos a disponibilidad. &#8211; Im\u00e1genes ilustrativas.<\/div>\n<\/figcaption><\/figure>\n<\/div>\n<\/section>\n<section class=\"no-flex-zone\">\n<div class=\"tabbedBrowse-features-textWrapper fullwidth below\">\n<h2 class=\"tabbedBrowse-features-featureHeading\">Potencia tu juego<\/h2>\n<div class=\"tabbedBrowse-features-featureText\">\n<p>&nbsp;<\/p>\n<p>Lleva al m\u00e1ximo la duraci\u00f3n de tu bater\u00eda y aprovecha la revolucionaria carga superr\u00e1pida. Carga tu bater\u00eda de hasta 60 Wh en un abrir y cerrar de ojos: de 0 a 30% en 10 minutos, de 0 a 70% en 30 minutos y de 0 a 100% en 80 minutos. Gracias a la compatibilidad con la carga USB-C con adaptador opcional de 140 W*, dispondr\u00e1s de toda la energ\u00eda que necesites cuando la necesites, para que puedas centrarte en ser el due\u00f1o de la competici\u00f3n en lugar de buscar un enchufe.<\/p>\n<p><em>*Las laptops incluyen adaptador de corriente de 170 W o 230 W. El adaptador de corriente USB-C de 140 W opcional se vende por separado.<\/em><\/p>\n<p>&nbsp;<\/p>\n<\/div>\n<\/div>\n<div class=\"tabbedBrowse-features-mediaItem fullwidth above\">\n<figure><img decoding=\"async\" title=\"\" src=\"https:\/\/www.lenovo.com\/medias\/?context=bWFzdGVyfHJvb3R8MTE3ODcwfGltYWdlL3BuZ3xoN2MvaDE1LzE3MTYwMDAyODMwMzY2LmpwZ3xiZmNiNTMwZWM1ZjI0MzE4ODMwZDQzZWJkZGUzNTk5MTBlNmZjOTQ4ZGIxNDBjYTVkNmYzMTgzMjI1MTUyYzJh\" alt=\"Two Lenovo LOQ 15IRH8 back-to-back with a game on the display\" \/><figcaption>\n<div class=\"tabbedBrowse-features-mediaCaption\">Algunos puertos\/ranuras pueden ser opcionales o variar &#8211; colores sujetos a disponibilidad.<\/div>\n<\/figcaption><\/figure>\n<\/div>\n<\/section>\n<section class=\"no-flex-zone\">\n<div class=\"tabbedBrowse-features-textWrapper fullwidth below\">\n<h2 class=\"tabbedBrowse-features-featureHeading\"><\/h2>\n<div class=\"tabbedBrowse-features-featureText\">\n<p>&nbsp;<\/p>\n<h2 class=\"tabbedBrowse-features-featureHeading\">Audio Nahimic\u00ae de SteelSeries para gamers<\/h2>\n<div class=\"tabbedBrowse-features-featureText\">\n<p>Eleva tu experiencia de juego con Nahimic by SteelSeries, dise\u00f1ado espec\u00edficamente para gamers. Disfruta de un audio 3D envolvente sin igual y de una comunicaci\u00f3n cristalina con tus compa\u00f1eros de equipo. Con la capacidad de combinar y compartir transmisiones de audio como un profesional, Nahimic te permite sumergirte en tus juegos y vivirlos plenamente.<\/p>\n<\/div>\n<p>&nbsp;<\/p>\n<\/div>\n<\/div>\n<div class=\"tabbedBrowse-features-mediaItem fullwidth above\">\n<figure><img decoding=\"async\" title=\"\" src=\"https:\/\/www.lenovo.com\/medias\/?context=bWFzdGVyfHJvb3R8MjAwMjExfGltYWdlL3BuZ3xoYTMvaDgyLzE3MTYwMDAyODk1OTAyLmpwZ3w0MGU1NWE1NTc4YWE1MWNhOTlhZTZkZGJmNmM3NjE1YmVhNGNjMTMyY2JkNThiOGQwMDhiYjkxZDdhMGVmOTMz\" alt=\"Lenovo LOQ 15IRH8 with Nahimic Audio UI on screen\" \/><figcaption>\n<div class=\"tabbedBrowse-features-mediaCaption\">Algunos puertos\/ranuras pueden ser opcionales o variar &#8211; colores sujetos a disponibilidad.<\/div>\n<\/figcaption><\/figure>\n<\/div>\n<\/section>\n<section class=\"no-flex-zone\">\n<div class=\"tabbedBrowse-features-textWrapper fullwidth below\">\n<h2 class=\"tabbedBrowse-features-featureHeading\">Aprovecha Lenovo Vantage<\/h2>\n<div class=\"tabbedBrowse-features-featureText\">\n<p>&nbsp;<\/p>\n<p>Lenovo Vantage te ayuda a optimizar la configuraci\u00f3n para una experiencia en juegos sin precedentes. Puedes ajustar, personalizar y maximizar las funcionalidades de tu laptop con una serie de herramientas &#8220;todo en uno&#8221;. Con nuestro panel de rendimiento en tiempo real, controles de sobreaceleraci\u00f3n y ajuste de rendimiento por IA con controles de ventilaci\u00f3n inteligentes, no hay nada que te impida disfrutar al m\u00e1ximo de tu \u00e9xito.<\/p>\n<p><em>Las especificaciones pueden variar seg\u00fan la regi\u00f3n y el modelo.<\/em><\/p>\n<\/div>\n<\/div>\n<\/section>\n<\/div>\n<\/div>\n","protected":false},"excerpt":{"rendered":"<p>Lenovo LOQ (15\u201d, Intel) Sube de nivel y une fuerzas Funciona r\u00e1pido con procesadores hasta Intel\u00ae Core\u2122 de 13ra generaci\u00f3n y GPU NVIDIA\u00ae GeForce RTX\u2122. Rendimiento optimizado gracias a Lenovo<\/p>\n","protected":false},"featured_media":166,"comment_status":"open","ping_status":"closed","template":"","meta":{"_acf_changed":false,"_joinchat":[]},"product_cat":[23],"product_tag":[],"acf":[],"jetpack_sharing_enabled":true,"_links":{"self":[{"href":"https:\/\/mipcysumundo.com.co\/index.php\/wp-json\/wp\/v2\/product\/165"}],"collection":[{"href":"https:\/\/mipcysumundo.com.co\/index.php\/wp-json\/wp\/v2\/product"}],"about":[{"href":"https:\/\/mipcysumundo.com.co\/index.php\/wp-json\/wp\/v2\/types\/product"}],"replies":[{"embeddable":true,"href":"https:\/\/mipcysumundo.com.co\/index.php\/wp-json\/wp\/v2\/comments?post=165"}],"wp:featuredmedia":[{"embeddable":true,"href":"https:\/\/mipcysumundo.com.co\/index.php\/wp-json\/wp\/v2\/media\/166"}],"wp:attachment":[{"href":"https:\/\/mipcysumundo.com.co\/index.php\/wp-json\/wp\/v2\/media?parent=165"}],"wp:term":[{"taxonomy":"product_cat","embeddable":true,"href":"https:\/\/mipcysumundo.com.co\/index.php\/wp-json\/wp\/v2\/product_cat?post=165"},{"taxonomy":"product_tag","embeddable":true,"href":"https:\/\/mipcysumundo.com.co\/index.php\/wp-json\/wp\/v2\/product_tag?post=165"}],"curies":[{"name":"wp","href":"https:\/\/api.w.org\/{rel}","templated":true}]}}