{"id":190,"date":"2023-12-31T10:00:52","date_gmt":"2023-12-31T09:00:52","guid":{"rendered":"https:\/\/mipcysumundo.com.co\/?post_type=product&#038;p=190"},"modified":"2026-05-06T13:19:50","modified_gmt":"2026-05-06T11:19:50","slug":"tablet-matepad-huawei-t10s","status":"publish","type":"product","link":"https:\/\/mipcysumundo.com.co\/index.php\/producto\/tablet-matepad-huawei-t10s\/","title":{"rendered":"Tablet MatePad Huawei T10S"},"content":{"rendered":"<div class=\"new-container__titles\">\n<h2 class=\"js-subtitle-pdp new-container__titles\">Resumen del producto<\/h2>\n<\/div>\n<div class=\"tab-details__description\">HUAWEI MatePad SE cuenta con una impresionante pantalla 2K FullView de 10.4 pulgadas con una relaci\u00f3n pantalla-cuerpo del 83%, proporcionando una experiencia visual totalmente envolvente,superado las certificaciones T\u00dcV Rheinland de baja emisi\u00f3n de luz azul y de pantalla libre de parpadeo con el sistema de altavoces sim\u00e9tricos duales optimizados por la tecnolog\u00eda Huawei Histen 8.0, MatePad SE puede ampliar el campo de sonido envolvente y mejorar la voz humana, haciendo que cada llamada, frase en la pel\u00edcula y clase en l\u00ednea sean claras como el cristal.<\/div>\n<div><\/div>\n<div>\n<div class=\"new-container__titles\">\n<h2 class=\"js-subtitle-pdp\">Caracter\u00edsticas destacadas<\/h2>\n<\/div>\n<ul class=\"tab-details__keyFeatures--list\">\n<li class=\"tab-details__keyFeatures--item\">Pantalla FullView 2K con comodidad ocular<\/li>\n<li class=\"tab-details__keyFeatures--item\">Sonido envolvente ecualizado por Histen 8<\/li>\n<li class=\"tab-details__keyFeatures--item\">Procesador ocho n\u00facleos de 6nm experiencia estable y fluida<\/li>\n<li class=\"tab-details__keyFeatures--item\">Mayor Nitides 16.7 millones de colores<\/li>\n<\/ul>\n<\/div>\n","protected":false},"excerpt":{"rendered":"<p>Resumen del producto HUAWEI MatePad SE cuenta con una impresionante pantalla 2K FullView de 10.4 pulgadas con una relaci\u00f3n pantalla-cuerpo del 83%, proporcionando una experiencia visual totalmente envolvente,superado las certificaciones<\/p>\n","protected":false},"featured_media":193,"comment_status":"open","ping_status":"closed","template":"","meta":{"_acf_changed":false,"_joinchat":[]},"product_cat":[23],"product_tag":[],"acf":[],"jetpack_sharing_enabled":true,"_links":{"self":[{"href":"https:\/\/mipcysumundo.com.co\/index.php\/wp-json\/wp\/v2\/product\/190"}],"collection":[{"href":"https:\/\/mipcysumundo.com.co\/index.php\/wp-json\/wp\/v2\/product"}],"about":[{"href":"https:\/\/mipcysumundo.com.co\/index.php\/wp-json\/wp\/v2\/types\/product"}],"replies":[{"embeddable":true,"href":"https:\/\/mipcysumundo.com.co\/index.php\/wp-json\/wp\/v2\/comments?post=190"}],"wp:featuredmedia":[{"embeddable":true,"href":"https:\/\/mipcysumundo.com.co\/index.php\/wp-json\/wp\/v2\/media\/193"}],"wp:attachment":[{"href":"https:\/\/mipcysumundo.com.co\/index.php\/wp-json\/wp\/v2\/media?parent=190"}],"wp:term":[{"taxonomy":"product_cat","embeddable":true,"href":"https:\/\/mipcysumundo.com.co\/index.php\/wp-json\/wp\/v2\/product_cat?post=190"},{"taxonomy":"product_tag","embeddable":true,"href":"https:\/\/mipcysumundo.com.co\/index.php\/wp-json\/wp\/v2\/product_tag?post=190"}],"curies":[{"name":"wp","href":"https:\/\/api.w.org\/{rel}","templated":true}]}}