{"id":5405,"date":"2024-05-11T02:37:29","date_gmt":"2024-05-11T00:37:29","guid":{"rendered":"https:\/\/mipcysumundo.com.co\/?post_type=product&#038;p=5405"},"modified":"2024-05-11T03:25:47","modified_gmt":"2024-05-11T01:25:47","slug":"adaptador-de-corriente-psp-go-5v","status":"publish","type":"product","link":"https:\/\/mipcysumundo.com.co\/index.php\/producto\/adaptador-de-corriente-psp-go-5v\/","title":{"rendered":"ADAPTADOR DE CORRIENTE PSP GO 5V"},"content":{"rendered":"<p>Especificaciones:<br \/>\nMaterial: ABS<\/p>\n<p>Peso: aprox. 3.28 oz<br \/>\nVoltaje de entrada: CA 100-240V<br \/>\nCargador: DC 5V\/1500mA<br \/>\nFrecuencia: 50\/60Hz<br \/>\nTemperatura de trabajo: 14.0-104.0 \u00b0F<br \/>\nAplicaci\u00f3n: Para PSP GO<\/p>\n<p>Lista del paquete:<br \/>\n1 adaptador.<\/p>\n","protected":false},"excerpt":{"rendered":"<h1 class=\"a-size-base-plus a-text-bold\">Sobre este art\u00edculo<\/h1>\n<ul class=\"a-unordered-list a-vertical a-spacing-mini\">\n<li class=\"a-spacing-mini\"><span class=\"a-list-item\">Tama\u00f1o peque\u00f1o, peso ligero, completamente sellado, muy port\u00e1til.<\/span><\/li>\n<li class=\"a-spacing-mini\"><span class=\"a-list-item\">Est\u00e1 hecho de material ecol\u00f3gico de alta calidad, fuerte y estable.<\/span><\/li>\n<li class=\"a-spacing-mini\"><span class=\"a-list-item\">La vida \u00fatil del dise\u00f1o del producto es de 30000 horas, asegura que sea duradero.<\/span><\/li>\n<li class=\"a-spacing-mini\"><span class=\"a-list-item\">Construido con estrictos est\u00e1ndares de control de calidad, dise\u00f1o mejorado para una mayor durabilidad.<\/span><\/li>\n<li class=\"a-spacing-mini\"><span class=\"a-list-item\">Corriente constante y carga de voltaje constante, sin problemas de cortocircuito, protecci\u00f3n completa de la funci\u00f3n.<\/span><\/li>\n<\/ul>\n","protected":false},"featured_media":5406,"comment_status":"open","ping_status":"closed","template":"","meta":{"_acf_changed":false,"_joinchat":[]},"product_cat":[15],"product_tag":[],"acf":[],"jetpack_sharing_enabled":true,"_links":{"self":[{"href":"https:\/\/mipcysumundo.com.co\/index.php\/wp-json\/wp\/v2\/product\/5405"}],"collection":[{"href":"https:\/\/mipcysumundo.com.co\/index.php\/wp-json\/wp\/v2\/product"}],"about":[{"href":"https:\/\/mipcysumundo.com.co\/index.php\/wp-json\/wp\/v2\/types\/product"}],"replies":[{"embeddable":true,"href":"https:\/\/mipcysumundo.com.co\/index.php\/wp-json\/wp\/v2\/comments?post=5405"}],"wp:featuredmedia":[{"embeddable":true,"href":"https:\/\/mipcysumundo.com.co\/index.php\/wp-json\/wp\/v2\/media\/5406"}],"wp:attachment":[{"href":"https:\/\/mipcysumundo.com.co\/index.php\/wp-json\/wp\/v2\/media?parent=5405"}],"wp:term":[{"taxonomy":"product_cat","embeddable":true,"href":"https:\/\/mipcysumundo.com.co\/index.php\/wp-json\/wp\/v2\/product_cat?post=5405"},{"taxonomy":"product_tag","embeddable":true,"href":"https:\/\/mipcysumundo.com.co\/index.php\/wp-json\/wp\/v2\/product_tag?post=5405"}],"curies":[{"name":"wp","href":"https:\/\/api.w.org\/{rel}","templated":true}]}}