{"id":5410,"date":"2024-05-11T02:54:16","date_gmt":"2024-05-11T00:54:16","guid":{"rendered":"https:\/\/mipcysumundo.com.co\/?post_type=product&#038;p=5410"},"modified":"2024-05-11T03:25:31","modified_gmt":"2024-05-11T01:25:31","slug":"adaptador-display-poprt-a-dvi-encoreeletrocnis","status":"publish","type":"product","link":"https:\/\/mipcysumundo.com.co\/index.php\/producto\/adaptador-display-poprt-a-dvi-encoreeletrocnis\/","title":{"rendered":"ADAPTADOR DISPLAY POPRT a DVI ENCOREELETROCNIS"},"content":{"rendered":"<h1><strong>Caracter\u00edsticas<\/strong><\/h1>\n<ul>\n<li>Admite pantallas WUXGA de hasta 1920 x 1200 y v\u00eddeo HD de 1080p<\/li>\n<li>La forma m\u00e1s sencilla de conectar un PC con salida DisplayPort a dispositivos preparados para DVI, como monitores y proyectores<\/li>\n<li>Cumple la especificaci\u00f3n DisplayPort V1.1a<\/li>\n<li>Soporta formato de color de 18\/24 bits por p\u00edxel<\/li>\n<li>Compatible con DPCD Rev 1.1<\/li>\n<li>Soporta salida de solicitud de interrupci\u00f3n para funci\u00f3n de expansi\u00f3n<\/li>\n<\/ul>\n<p>&nbsp;<\/p>\n<h1>Especificaciones<\/h1>\n<p>Conector:<br \/>\nDisplayPort macho a DVI hembra<br \/>\nEst\u00e1ndar:<br \/>\nConforme a la especificaci\u00f3n DisplayPort v1.1a<br \/>\nResoluci\u00f3n:<br \/>\nHasta 1920X1200 (pantalla WUXGA) y 1080p @ 60Hz (v\u00eddeo Full HD)<br \/>\nLongitud del cable:<br \/>\n150 mm (excluyendo los conectores de ambos extremos)<br \/>\nDimensiones:<br \/>\n45,2 x 45 x 15 mm (L x A x A) (lado DVI)<br \/>\nPeso: 54 g<br \/>\n54 g<br \/>\nTemperatura de funcionamiento:<br \/>\n10 ~ 40 \u00baC<br \/>\nTemperatura de almacenamiento:<br \/>\n-10 ~ 80 \u00baC<br \/>\nCertificaci\u00f3n:<br \/>\nFCC, CE, RoHS<br \/>\nENCA-DD<\/p>\n","protected":false},"excerpt":{"rendered":"<h1>Sobre este articulo<\/h1>\n<p>ENCA-DD le permite conectar directamente cualquier dispositivo preparado para DVI (monitor, proyector&#8230;) a una interfaz DisplayPort (en port\u00e1til o sobremesa&#8230;). Es la elecci\u00f3n perfecta para proyectores de salas de conferencias, pantallas digitales y aplicaciones de PC remotas. Permite conectar pantallas que utilizan est\u00e1ndares de conexi\u00f3n m\u00e1s antiguos: DVI. As\u00ed, la actualizaci\u00f3n a rendimiento con ENCA-DD no le disparar\u00e1 el presupuesto. \u00bfRecuerda aquellos problemas cuando un proyector nunca funcionaba con su port\u00e1til? No vuelva a preocuparse. ENCA-DD proporciona un verdadero plug and play proyector digital con su port\u00e1til. Los proyectores vuelven a ser compatibles con los port\u00e1tiles.<\/p>\n","protected":false},"featured_media":5411,"comment_status":"open","ping_status":"closed","template":"","meta":{"_acf_changed":false,"_joinchat":[]},"product_cat":[15],"product_tag":[],"acf":[],"jetpack_sharing_enabled":true,"_links":{"self":[{"href":"https:\/\/mipcysumundo.com.co\/index.php\/wp-json\/wp\/v2\/product\/5410"}],"collection":[{"href":"https:\/\/mipcysumundo.com.co\/index.php\/wp-json\/wp\/v2\/product"}],"about":[{"href":"https:\/\/mipcysumundo.com.co\/index.php\/wp-json\/wp\/v2\/types\/product"}],"replies":[{"embeddable":true,"href":"https:\/\/mipcysumundo.com.co\/index.php\/wp-json\/wp\/v2\/comments?post=5410"}],"wp:featuredmedia":[{"embeddable":true,"href":"https:\/\/mipcysumundo.com.co\/index.php\/wp-json\/wp\/v2\/media\/5411"}],"wp:attachment":[{"href":"https:\/\/mipcysumundo.com.co\/index.php\/wp-json\/wp\/v2\/media?parent=5410"}],"wp:term":[{"taxonomy":"product_cat","embeddable":true,"href":"https:\/\/mipcysumundo.com.co\/index.php\/wp-json\/wp\/v2\/product_cat?post=5410"},{"taxonomy":"product_tag","embeddable":true,"href":"https:\/\/mipcysumundo.com.co\/index.php\/wp-json\/wp\/v2\/product_tag?post=5410"}],"curies":[{"name":"wp","href":"https:\/\/api.w.org\/{rel}","templated":true}]}}