{"id":5416,"date":"2024-05-11T03:30:50","date_gmt":"2024-05-11T01:30:50","guid":{"rendered":"https:\/\/mipcysumundo.com.co\/?post_type=product&#038;p=5416"},"modified":"2024-05-11T03:30:50","modified_gmt":"2024-05-11T01:30:50","slug":"adaptador-de-red-gigabit-pci-tf-3239dl-tp-link","status":"publish","type":"product","link":"https:\/\/mipcysumundo.com.co\/index.php\/producto\/adaptador-de-red-gigabit-pci-tf-3239dl-tp-link\/","title":{"rendered":"ADAPTADOR DE RED Gigabit PCI TF-3239DL TP-LINK"},"content":{"rendered":"<h1>Qu\u00e9 hace este producto<\/h1>\n<p>El adaptador Fast Ethernet TF-3239DL de TP-LINK es un adaptador Fast Ethernet altamente integrado y rentable que proporciona un rendimiento de 32 bits, controlador de bus PCI y total conformidad con las especificaciones IEEE 802.3 10Base-T, IEEE 802.3u 100Base-TX y IEEE 802.3x Full Duplex Flow.<\/p>\n<p>TF-3239DL mantiene el bajo coste y elimina las barreras de uso. Es la forma m\u00e1s sencilla de actualizar una red de 10 a 100Mbps. Soporta velocidades de red de 10Mbps y 100Mbps tanto en modo de transferencia Half-Duplex como Full-Duplex, utilizando la tecnolog\u00eda Auto-Negotiation para detectar la velocidad de la red. Tambi\u00e9n puede ser ampliamente utilizado en la mayor\u00eda de los sistemas operativos modernos, TF-3239DL es realmente un dispositivo plug-and-play.<\/p>\n","protected":false},"excerpt":{"rendered":"<p>Sobre este articulo<\/p>\n<ul class=\"tp-ada-mouseactivate\">\n<li class=\"tp-ada-mouseactivate\">Adaptador PCI a 10\/100 Mbps*.<\/li>\n<li>Un puerto RJ45 de 10\/100 Mbps con autonegociaci\u00f3n<\/li>\n<li class=\"\">Compatible con los controladores de los sistemas operativos m\u00e1s populares<\/li>\n<\/ul>\n","protected":false},"featured_media":5417,"comment_status":"open","ping_status":"closed","template":"","meta":{"_acf_changed":false,"_joinchat":[]},"product_cat":[15],"product_tag":[],"acf":[],"jetpack_sharing_enabled":true,"_links":{"self":[{"href":"https:\/\/mipcysumundo.com.co\/index.php\/wp-json\/wp\/v2\/product\/5416"}],"collection":[{"href":"https:\/\/mipcysumundo.com.co\/index.php\/wp-json\/wp\/v2\/product"}],"about":[{"href":"https:\/\/mipcysumundo.com.co\/index.php\/wp-json\/wp\/v2\/types\/product"}],"replies":[{"embeddable":true,"href":"https:\/\/mipcysumundo.com.co\/index.php\/wp-json\/wp\/v2\/comments?post=5416"}],"wp:featuredmedia":[{"embeddable":true,"href":"https:\/\/mipcysumundo.com.co\/index.php\/wp-json\/wp\/v2\/media\/5417"}],"wp:attachment":[{"href":"https:\/\/mipcysumundo.com.co\/index.php\/wp-json\/wp\/v2\/media?parent=5416"}],"wp:term":[{"taxonomy":"product_cat","embeddable":true,"href":"https:\/\/mipcysumundo.com.co\/index.php\/wp-json\/wp\/v2\/product_cat?post=5416"},{"taxonomy":"product_tag","embeddable":true,"href":"https:\/\/mipcysumundo.com.co\/index.php\/wp-json\/wp\/v2\/product_tag?post=5416"}],"curies":[{"name":"wp","href":"https:\/\/api.w.org\/{rel}","templated":true}]}}