{"id":5419,"date":"2024-05-11T03:49:14","date_gmt":"2024-05-11T01:49:14","guid":{"rendered":"https:\/\/mipcysumundo.com.co\/?post_type=product&#038;p=5419"},"modified":"2024-08-17T16:04:34","modified_gmt":"2024-08-17T14:04:34","slug":"adaptador-hdmi-a-dvi-241","status":"publish","type":"product","link":"https:\/\/mipcysumundo.com.co\/index.php\/producto\/adaptador-hdmi-a-dvi-241\/","title":{"rendered":"ADAPTADOR HDMI A DVI 24+1"},"content":{"rendered":"","protected":false},"excerpt":{"rendered":"<h1 class=\"a-size-base-plus a-text-bold\">Sobre este articulo<\/h1>\n<ul class=\"a-unordered-list a-vertical a-spacing-mini\">\n<li class=\"a-spacing-mini\">Dise\u00f1o bidireccional: se puede conectar desde un ordenador con puerto DVI a un monitor, televisor de alta definici\u00f3n o proyector con puerto HDMI, o desde un ordenador, reproductor de Blu-ray, televisor o videoconsola con puerto HDMI a un monitor con puerto DVI. Se necesita un cable HDMI (se vende por separado)<\/li>\n<li class=\"a-spacing-mini\">Alta calidad: los conectores chapados en oro de 24 quilates resisten la corrosi\u00f3n y la oxidaci\u00f3n, y garantizan conexiones estables y seguras. El moldeado de PVC de alto grado dota al adaptador de una excelente propiedad antideslizante, hace que el producto sea resistente al desgaste y a las ca\u00eddas, apto para un uso prolongado<\/li>\n<li class=\"a-spacing-mini\"><span class=\"a-list-item\">Resoluci\u00f3n m\u00e1xima- Admite una resoluci\u00f3n de hasta 1080p (Full HD). El audio debe transmitirse por separado.<\/span><\/li>\n<li class=\"a-spacing-mini\">Tama\u00f1o compacto- El tama\u00f1o port\u00e1til y el peso ligero son perfectos para uso dom\u00e9stico y de viaje, as\u00ed como para monitores de oficina o conexi\u00f3n de proyector<\/li>\n<li class=\"a-spacing-mini\">Plug and play- F\u00e1cil de usar, no necesita controladores adicionales, tanto DVI (24 + 1) y DVI (24 + 5) puertos hembra est\u00e1n disponibles, conecte libremente el adaptador y disfrutar de la gran pantalla<\/li>\n<\/ul>\n","protected":false},"featured_media":5420,"comment_status":"open","ping_status":"closed","template":"","meta":{"_acf_changed":false,"_joinchat":[]},"product_cat":[15],"product_tag":[],"acf":[],"jetpack_sharing_enabled":true,"_links":{"self":[{"href":"https:\/\/mipcysumundo.com.co\/index.php\/wp-json\/wp\/v2\/product\/5419"}],"collection":[{"href":"https:\/\/mipcysumundo.com.co\/index.php\/wp-json\/wp\/v2\/product"}],"about":[{"href":"https:\/\/mipcysumundo.com.co\/index.php\/wp-json\/wp\/v2\/types\/product"}],"replies":[{"embeddable":true,"href":"https:\/\/mipcysumundo.com.co\/index.php\/wp-json\/wp\/v2\/comments?post=5419"}],"wp:featuredmedia":[{"embeddable":true,"href":"https:\/\/mipcysumundo.com.co\/index.php\/wp-json\/wp\/v2\/media\/5420"}],"wp:attachment":[{"href":"https:\/\/mipcysumundo.com.co\/index.php\/wp-json\/wp\/v2\/media?parent=5419"}],"wp:term":[{"taxonomy":"product_cat","embeddable":true,"href":"https:\/\/mipcysumundo.com.co\/index.php\/wp-json\/wp\/v2\/product_cat?post=5419"},{"taxonomy":"product_tag","embeddable":true,"href":"https:\/\/mipcysumundo.com.co\/index.php\/wp-json\/wp\/v2\/product_tag?post=5419"}],"curies":[{"name":"wp","href":"https:\/\/api.w.org\/{rel}","templated":true}]}}