{"id":5425,"date":"2024-05-11T21:51:57","date_gmt":"2024-05-11T19:51:57","guid":{"rendered":"https:\/\/mipcysumundo.com.co\/?post_type=product&#038;p=5425"},"modified":"2024-05-11T21:51:57","modified_gmt":"2024-05-11T19:51:57","slug":"adaptador-hdmi-a-mini-hdmi","status":"publish","type":"product","link":"https:\/\/mipcysumundo.com.co\/index.php\/producto\/adaptador-hdmi-a-mini-hdmi\/","title":{"rendered":"ADAPTADOR HDMI A MINI HDMI"},"content":{"rendered":"<div class=\"jsx-2247763159 mkp-headerContainer\"><span class=\"jsx-2247763159\">Especificaciones<\/span><\/div>\n<div class=\"jsx-2247763159 bodyContainer\">\n<table class=\"jsx-960159652 specification-table \">\n<tbody class=\"jsx-960159652\">\n<tr class=\"jsx-960159652\">\n<td class=\"jsx-960159652 property-name\">Incluye<\/td>\n<td class=\"jsx-960159652 property-value\">1 x adaptador tipo c a hdmi<\/td>\n<\/tr>\n<tr class=\"jsx-960159652\">\n<td class=\"jsx-960159652 property-name\">Modelo<\/td>\n<td class=\"jsx-960159652 property-value\">MINI-HDMI<\/td>\n<\/tr>\n<tr class=\"jsx-960159652\">\n<td class=\"jsx-960159652 property-name\">Dimensiones<\/td>\n<td class=\"jsx-960159652 property-value\">15cms<\/td>\n<\/tr>\n<tr class=\"jsx-960159652\">\n<td class=\"jsx-960159652 property-name\">Detalle de la condici\u00f3n<\/td>\n<td class=\"jsx-960159652 property-value\">Producto nuevo en su empaque original<\/td>\n<\/tr>\n<tr class=\"jsx-960159652\">\n<td class=\"jsx-960159652 property-name\">Pa\u00eds de origen<\/td>\n<td class=\"jsx-960159652 property-value\">China<\/td>\n<\/tr>\n<tr class=\"jsx-960159652\">\n<td class=\"jsx-960159652 property-name\">Detalle de la garant\u00eda<\/td>\n<td class=\"jsx-960159652 property-value\">Garantia por defecto de fabrica, no cubre garant\u00eda por mala manipulaci\u00f3n.<\/td>\n<\/tr>\n<tr class=\"jsx-960159652\">\n<td class=\"jsx-960159652 property-name\">Requiere IMEI<\/td>\n<td class=\"jsx-960159652 property-value\">No<\/td>\n<\/tr>\n<tr class=\"jsx-960159652\">\n<td class=\"jsx-960159652 property-name\">Condici\u00f3n del producto<\/td>\n<td class=\"jsx-960159652 property-value\">Nuevo<\/td>\n<\/tr>\n<tr class=\"jsx-960159652\">\n<td class=\"jsx-960159652 property-name\">Requiere Serial Number<\/td>\n<td class=\"jsx-960159652 property-value\">No<\/td>\n<\/tr>\n<tr class=\"jsx-960159652\">\n<td class=\"jsx-960159652 property-name\">Garant\u00eda<\/td>\n<td class=\"jsx-960159652 property-value\">3 meses<\/td>\n<\/tr>\n<tr class=\"jsx-960159652\">\n<td class=\"jsx-960159652 property-name\">Color<\/td>\n<td class=\"jsx-960159652 property-value\">blanco<\/td>\n<\/tr>\n<\/tbody>\n<\/table>\n<\/div>\n","protected":false},"excerpt":{"rendered":"<div class=\"jsx-2247763159 mkp-headerContainer\"><span class=\"jsx-2247763159\">Informaci\u00f3n adicional<\/span><\/div>\n<div class=\"jsx-2247763159 bodyContainer\">\n<div class=\"fb-product-information__product-information-tab\">\n<div class=\"fb-product-information-tab__copy\">El adaptador HDMI hembra a HDMI Mini masculino convierte un puerto Mini HDMI a un puerto HDMI est\u00e1ndar, que le permite conectar un dispositivo capaz HDMI Mini (Tipo C) como una c\u00e1mara digital, a un dispositivo con capacidad HDMI est\u00e1ndar (HDTV , proyector, etc.) utilizando un cable HDMI est\u00e1ndar.<\/p>\n<p>El adaptador HDMI-Mini HDMI est\u00e1 construido para proporcionar una compatibilidad de larga duraci\u00f3n.<\/p>\n<p>caracter\u00edsticas y beneficios<\/p>\n<p>\u2022 1x conector femenino HDMI\u00ae<br \/>\n\u2022 1x HDMI Mini Conector masculino<br \/>\n\u2022 Admite resoluciones completas de 1080p+ a una velocidad de actualizaci\u00f3n de hasta 120 Hz, con color realista<br \/>\n\u2022 Conectores HDMI y HDMI Mini chapados en oro y HDMI<br \/>\n\u2022 Dise\u00f1o compacto y liviano<br \/>\n\u2022 Una forma rentable de conectar un dispositivo habilitado HDMI\u00ae con un puerto HDMI est\u00e1ndar<br \/>\n\u2022 Elimina la necesidad de m\u00faltiples cables y desorden<\/p><\/div>\n<\/div>\n<\/div>\n","protected":false},"featured_media":5426,"comment_status":"open","ping_status":"closed","template":"","meta":{"_acf_changed":false,"_joinchat":[]},"product_cat":[15],"product_tag":[],"acf":[],"jetpack_sharing_enabled":true,"_links":{"self":[{"href":"https:\/\/mipcysumundo.com.co\/index.php\/wp-json\/wp\/v2\/product\/5425"}],"collection":[{"href":"https:\/\/mipcysumundo.com.co\/index.php\/wp-json\/wp\/v2\/product"}],"about":[{"href":"https:\/\/mipcysumundo.com.co\/index.php\/wp-json\/wp\/v2\/types\/product"}],"replies":[{"embeddable":true,"href":"https:\/\/mipcysumundo.com.co\/index.php\/wp-json\/wp\/v2\/comments?post=5425"}],"wp:featuredmedia":[{"embeddable":true,"href":"https:\/\/mipcysumundo.com.co\/index.php\/wp-json\/wp\/v2\/media\/5426"}],"wp:attachment":[{"href":"https:\/\/mipcysumundo.com.co\/index.php\/wp-json\/wp\/v2\/media?parent=5425"}],"wp:term":[{"taxonomy":"product_cat","embeddable":true,"href":"https:\/\/mipcysumundo.com.co\/index.php\/wp-json\/wp\/v2\/product_cat?post=5425"},{"taxonomy":"product_tag","embeddable":true,"href":"https:\/\/mipcysumundo.com.co\/index.php\/wp-json\/wp\/v2\/product_tag?post=5425"}],"curies":[{"name":"wp","href":"https:\/\/api.w.org\/{rel}","templated":true}]}}