{"id":5429,"date":"2024-05-11T22:01:40","date_gmt":"2024-05-11T20:01:40","guid":{"rendered":"https:\/\/mipcysumundo.com.co\/?post_type=product&#038;p=5429"},"modified":"2024-05-11T22:01:40","modified_gmt":"2024-05-11T20:01:40","slug":"adaptador-micro-sd-a-usb","status":"publish","type":"product","link":"https:\/\/mipcysumundo.com.co\/index.php\/producto\/adaptador-micro-sd-a-usb\/","title":{"rendered":"ADAPTADOR MICRO SD A USB"},"content":{"rendered":"<p>-100% nuevo y de alta calidad.<br \/>\n-Lector\/escritor de micro tarjetas SDHC.<br \/>\n-Soporte USB versi\u00f3n Micro SD 1,1\/2,0 y Micro SDHC 2,0<br \/>\n-Plug and play intercambio en caliente, f\u00e1cil de instalar y usar.<br \/>\n-Transmisi\u00f3n de datos de alta velocidad.<br \/>\n-Fuente de alimentaci\u00f3n: por puerto USB directamente.<br \/>\n-Lector de tarjeta individual, tama\u00f1o Delgado, f\u00e1cil de llevar.<br \/>\n-Agujero de cuerda para colgar.<br \/>\n-Material: de pl\u00e1stico<br \/>\n-Tama\u00f1o: 3,2 cm X 1,6 cm<\/p>\n","protected":false},"excerpt":{"rendered":"<p>Admite USB 2.0 de alta velocidadTasas de transmisi\u00f3n: 480 MbpsAdmite tarjetas de memoria de hasta 64 GBPlug &amp; Play, intercambio en calienteTama\u00f1o delgado y port\u00e1tilIntercambio de fecha para tel\u00e9fonos m\u00f3viles, ordenadores, reproductores MP3 \/ MP4, PDA, c\u00e1maras digitales, etc.Dimensi\u00f3n: 4.9 * 1.9 * 0.97 cmPeso: 5,00g<\/p>\n","protected":false},"featured_media":5430,"comment_status":"open","ping_status":"closed","template":"","meta":{"_acf_changed":false,"_joinchat":[]},"product_cat":[18],"product_tag":[],"acf":[],"jetpack_sharing_enabled":true,"_links":{"self":[{"href":"https:\/\/mipcysumundo.com.co\/index.php\/wp-json\/wp\/v2\/product\/5429"}],"collection":[{"href":"https:\/\/mipcysumundo.com.co\/index.php\/wp-json\/wp\/v2\/product"}],"about":[{"href":"https:\/\/mipcysumundo.com.co\/index.php\/wp-json\/wp\/v2\/types\/product"}],"replies":[{"embeddable":true,"href":"https:\/\/mipcysumundo.com.co\/index.php\/wp-json\/wp\/v2\/comments?post=5429"}],"wp:featuredmedia":[{"embeddable":true,"href":"https:\/\/mipcysumundo.com.co\/index.php\/wp-json\/wp\/v2\/media\/5430"}],"wp:attachment":[{"href":"https:\/\/mipcysumundo.com.co\/index.php\/wp-json\/wp\/v2\/media?parent=5429"}],"wp:term":[{"taxonomy":"product_cat","embeddable":true,"href":"https:\/\/mipcysumundo.com.co\/index.php\/wp-json\/wp\/v2\/product_cat?post=5429"},{"taxonomy":"product_tag","embeddable":true,"href":"https:\/\/mipcysumundo.com.co\/index.php\/wp-json\/wp\/v2\/product_tag?post=5429"}],"curies":[{"name":"wp","href":"https:\/\/api.w.org\/{rel}","templated":true}]}}