{"id":5436,"date":"2024-05-11T22:39:15","date_gmt":"2024-05-11T20:39:15","guid":{"rendered":"https:\/\/mipcysumundo.com.co\/?post_type=product&#038;p=5436"},"modified":"2024-05-11T22:39:15","modified_gmt":"2024-05-11T20:39:15","slug":"adaptador-mini-displayport-a-hdmi","status":"publish","type":"product","link":"https:\/\/mipcysumundo.com.co\/index.php\/producto\/adaptador-mini-displayport-a-hdmi\/","title":{"rendered":"ADAPTADOR MINI DISPLAYPORT A HDMI"},"content":{"rendered":"<div id=\"description\" class=\"tab-pane active details-block\">\n<h3><\/h3>\n<h3>DESCRIPCI\u00d3N<\/h3>\n<div class=\"open\">\n<div class=\"text twocol\">\n<p>Este adaptador \/ convertidor de v\u00eddeo y audio digital HD es ideal, por ejemplo, para conectar un MacBook\u00ae, MacBook Air\u00ae, MacBook Pro\u00ae, iMac\u00ae, Mac Mini\u00ae y Mac Pro\u00ae a un monitor HDMI, proyector, monitor LCD\/TFT, televisor LED o de plasma con un cable HDMI.<\/p>\n<\/div>\n<\/div>\n<\/div>\n<div id=\"techdetails\" class=\"details-block\">\n<h3>DETALLES T\u00c9CNICOS<\/h3>\n<div>\n<div id=\"techdetails-content\" class=\"twocols\">\n<ul>\n<li>Resoluci\u00f3n de v\u00eddeo m\u00e1xima admitida: 1920 x 1080 p con 60 Hz<\/li>\n<li>Modos de transmisi\u00f3n soportados: RBR, HBR, HBR2<\/li>\n<li>Ancho de banda m\u00e1ximo: 10,8 Gbps<\/li>\n<li>Versi\u00f3n HBR\/modo de transmisi\u00f3n: HBR1 (2,70 Gbit\/s por carril)<\/li>\n<li>HDCP-Version: HDCP 1.3<\/li>\n<li>Assortment: DisplayPort Cables<\/li>\n<li>Color cable: white<\/li>\n<li>Color connector: white<\/li>\n<li>Connector 1: Mini DP, plug<\/li>\n<li>Connector 2: HDMI type A, jack<\/li>\n<li>Connector surface: nickel-plated<\/li>\n<li>DisplayPort standard: DisplayPort 1.1a<\/li>\n<li>HDTV Resolution max.: 1920 x 1080 Pixel, 60Hz<\/li>\n<li>HDTV Standard: Full HD<\/li>\n<li>Hoods: molded<\/li>\n<li>Interlock: none<\/li>\n<li>Length: 0.15 m<\/li>\n<li>AOC &#8211; Active Optical Cable: no<\/li>\n<\/ul>\n<\/div>\n<\/div>\n<\/div>\n","protected":false},"excerpt":{"rendered":"<div id=\"description\" class=\"tab-pane active details-block\">\n<p>Cable adaptador DisplayPort, mini DP &#8211; HDMI tipo A M\/F, 0,15 m, compatible con DP 1.1a, blanco<\/p>\n<p>Garantiza una menor carga de la interfaz.<\/p>\n<ul>\n<li>Perfecto para streaming de v\u00eddeo, juegos o ampliaci\u00f3n del lugar de trabajo<\/li>\n<li>Admite resoluciones HDTV de hasta 1920 x 1080p con 60 Hz<\/li>\n<li>Plug and Play, sin necesidad de controlador adicional ni adaptador de corriente<\/li>\n<li>Cable robusto con hebras de cobre, con blindaje de l\u00e1mina y malla para una conexi\u00f3n fiable<\/li>\n<\/ul>\n<h3><\/h3>\n<\/div>\n","protected":false},"featured_media":5437,"comment_status":"open","ping_status":"closed","template":"","meta":{"_acf_changed":false,"_joinchat":[]},"product_cat":[15],"product_tag":[],"acf":[],"jetpack_sharing_enabled":true,"_links":{"self":[{"href":"https:\/\/mipcysumundo.com.co\/index.php\/wp-json\/wp\/v2\/product\/5436"}],"collection":[{"href":"https:\/\/mipcysumundo.com.co\/index.php\/wp-json\/wp\/v2\/product"}],"about":[{"href":"https:\/\/mipcysumundo.com.co\/index.php\/wp-json\/wp\/v2\/types\/product"}],"replies":[{"embeddable":true,"href":"https:\/\/mipcysumundo.com.co\/index.php\/wp-json\/wp\/v2\/comments?post=5436"}],"wp:featuredmedia":[{"embeddable":true,"href":"https:\/\/mipcysumundo.com.co\/index.php\/wp-json\/wp\/v2\/media\/5437"}],"wp:attachment":[{"href":"https:\/\/mipcysumundo.com.co\/index.php\/wp-json\/wp\/v2\/media?parent=5436"}],"wp:term":[{"taxonomy":"product_cat","embeddable":true,"href":"https:\/\/mipcysumundo.com.co\/index.php\/wp-json\/wp\/v2\/product_cat?post=5436"},{"taxonomy":"product_tag","embeddable":true,"href":"https:\/\/mipcysumundo.com.co\/index.php\/wp-json\/wp\/v2\/product_tag?post=5436"}],"curies":[{"name":"wp","href":"https:\/\/api.w.org\/{rel}","templated":true}]}}