{"id":5440,"date":"2024-05-11T22:47:36","date_gmt":"2024-05-11T20:47:36","guid":{"rendered":"https:\/\/mipcysumundo.com.co\/?post_type=product&#038;p=5440"},"modified":"2024-05-11T22:47:36","modified_gmt":"2024-05-11T20:47:36","slug":"adaptador-usb-wifi-300mbp-wn823n","status":"publish","type":"product","link":"https:\/\/mipcysumundo.com.co\/index.php\/producto\/adaptador-usb-wifi-300mbp-wn823n\/","title":{"rendered":"ADAPTADOR USB WIFI 300MBP WN823N"},"content":{"rendered":"<section class=\"a\">\n<div class=\"w1200\">\n<div class=\"text\">\n<h2 class=\"bold\">Minimum Adapter Style,<br \/>\nMaximum Connection<br \/>\nExperience<\/h2>\n<p>300Mbps Mini Wireless N USB Adapter<\/p>\n<p>TL-WN823N<\/p>\n<\/div>\n<\/div>\n<\/section>\n<section class=\"b\">\n<div class=\"w1200\">\n<div class=\"text\">\n<h2 class=\"m-regular\">Stable Connection Satisfies Your Daily Surfing Demands<\/h2>\n<p>TL-WN823N is designed to connect your laptop or desktop to a wireless network. It allows you enjoy high speed wireless performance at 300Mbps, making it a great choice for video streaming, voice streaming and online gaming.<\/p>\n<\/div>\n<\/div>\n<\/section>\n<section class=\"c\">\n<div class=\"w1200\">\n<div class=\"text\">\n<h2 class=\"m-regular\">Tiny Design Brings Infinite Convenience<\/h2>\n<p>TL-WN823N has a smart design that is tinier than a usual USB flash disk. Not only could it be inserted into any USB port , but is quite easy to carry, which is convenient for most usage scenarios.<\/p>\n<\/div>\n<div class=\"img\">\n<p class=\"p1\">39mm<\/p>\n<p class=\"p2\">18.35mm<\/p>\n<p class=\"p3\">7.87mm<\/p>\n<\/div>\n<\/div>\n<\/section>\n<section class=\"d\">\n<ul class=\"w1200\">\n<li class=\"li1\"><img decoding=\"async\" src=\"https:\/\/static.tp-link.com\/res\/images\/vi\/tl-wn823n\/d1.svg\" \/><br \/>\n<h3 class=\"m-regular\">Easy Setup<\/h3>\n<p>A friendly user interface on a CD<br \/>\nfor simple installation<\/li>\n<li class=\"li2\"><img decoding=\"async\" src=\"https:\/\/static.tp-link.com\/res\/images\/vi\/tl-wn823n\/d2.svg\" \/><br \/>\n<h3 class=\"m-regular\">WPS Button<\/h3>\n<p>Easy wireless security encryption<br \/>\nat a push of the WPS button<\/li>\n<li class=\"li3\"><img decoding=\"async\" src=\"https:\/\/static.tp-link.com\/res\/images\/vi\/tl-wn823n\/d3.svg\" \/><br \/>\n<h3 class=\"m-regular\">Operating System<\/h3>\n<p>Supports Windows,<br \/>\nMac OS, Linux<\/li>\n<\/ul>\n<\/section>\n","protected":false},"excerpt":{"rendered":"<ul>\n<li>Velocidad inal\u00e1mbrica de 300 Mbps ideal para video HD fluido, transmisi\u00f3n de voz y juegos en l\u00ednea<\/li>\n<li>Dise\u00f1o de tama\u00f1o mini para una portabilidad conveniente con un alto rendimiento confiable<\/li>\n<li>Configure f\u00e1cilmente una conexi\u00f3n inal\u00e1mbrica segura con el bot\u00f3n WPS de un solo toque<\/li>\n<li>Compatible con Windows 8.1\/8\/7\/XP,\u00a0Mac OS, Linux<\/li>\n<\/ul>\n","protected":false},"featured_media":5441,"comment_status":"open","ping_status":"closed","template":"","meta":{"_acf_changed":false,"_joinchat":[]},"product_cat":[15],"product_tag":[],"acf":[],"jetpack_sharing_enabled":true,"_links":{"self":[{"href":"https:\/\/mipcysumundo.com.co\/index.php\/wp-json\/wp\/v2\/product\/5440"}],"collection":[{"href":"https:\/\/mipcysumundo.com.co\/index.php\/wp-json\/wp\/v2\/product"}],"about":[{"href":"https:\/\/mipcysumundo.com.co\/index.php\/wp-json\/wp\/v2\/types\/product"}],"replies":[{"embeddable":true,"href":"https:\/\/mipcysumundo.com.co\/index.php\/wp-json\/wp\/v2\/comments?post=5440"}],"wp:featuredmedia":[{"embeddable":true,"href":"https:\/\/mipcysumundo.com.co\/index.php\/wp-json\/wp\/v2\/media\/5441"}],"wp:attachment":[{"href":"https:\/\/mipcysumundo.com.co\/index.php\/wp-json\/wp\/v2\/media?parent=5440"}],"wp:term":[{"taxonomy":"product_cat","embeddable":true,"href":"https:\/\/mipcysumundo.com.co\/index.php\/wp-json\/wp\/v2\/product_cat?post=5440"},{"taxonomy":"product_tag","embeddable":true,"href":"https:\/\/mipcysumundo.com.co\/index.php\/wp-json\/wp\/v2\/product_tag?post=5440"}],"curies":[{"name":"wp","href":"https:\/\/api.w.org\/{rel}","templated":true}]}}