{"id":5452,"date":"2024-05-11T23:46:03","date_gmt":"2024-05-11T21:46:03","guid":{"rendered":"https:\/\/mipcysumundo.com.co\/?post_type=product&#038;p=5452"},"modified":"2025-10-31T17:17:22","modified_gmt":"2025-10-31T16:17:22","slug":"antena-onmidireccional-tp-link-tl-ant-2408c","status":"publish","type":"product","link":"https:\/\/mipcysumundo.com.co\/index.php\/producto\/antena-onmidireccional-tp-link-tl-ant-2408c\/","title":{"rendered":"ANTENA ONMIDIRECCIONAL TP LINK TL ANT 2408C"},"content":{"rendered":"<div class=\"overview-article bg-gray\">\n<div class=\"container width-960px padding-default\">\n<h3>Qu\u00e9 hace este producto<\/h3>\n<p>Antena de escritorio omnidireccional para interioresTL-ANT2408C opera en la banda de 2.4-2.5 GHz y proporciona 8 dBi omnidireccional de la operaci\u00f3n, que en gran medida ampl\u00eda la cobertura inal\u00e1mbrica y ofrece un rendimiento inal\u00e1mbrico mucho mejor. La antena ofrece el conector macho RP-SMA (Plug) para garantizar una mayor compatibilidad con la mayor\u00eda de los equipos inal\u00e1mbricos.<\/p>\n<p>Sustituci\u00f3n de la antena wifi con TL-ANT2408C aumentar\u00e1 significativamente el alcance y la potencia de la se\u00f1al wifi. Esta calidad construida antena omnidireccional es un reemplazo directo para la antena que viene de serie con el punto de acceso al router,. Debido a que es omnidireccional, no se requiere la direcci\u00f3n &#8211; se puede enviar y recibir wifi en todas las direcciones.<\/p>\n<\/div>\n<\/div>\n<div class=\"overview-article\">\n<div class=\"container width-960px padding-default\">\n<h3>F\u00e1cil de usar<\/h3>\n<p>La instalaci\u00f3n es muy f\u00e1cil &#8211; s\u00f3lo gire la antena de f\u00e1brica y de vuelta a nuestra antena amplificadora y experimentar\u00e1 un salto instant\u00e1neo. Tenga en cuenta que el aumento de la intensidad de la se\u00f1al depende sobre todo de su router o adaptador, esto ayuda a pero no puede transmitir o recibir el poder que su m\u00f3dem o adaptador no tiene.<\/p>\n<\/div>\n<\/div>\n","protected":false},"excerpt":{"rendered":"<ul>\n<li>Operaci\u00f3n omnidireccional de 8 dBi aumenta su se\u00f1al a un rango m\u00e1s alto<\/li>\n<li>Caracter\u00edsticas del cable de extensi\u00f3n de 130 cm para asegurar el despliegue flexible y un mejor rendimiento<\/li>\n<li>Muy f\u00e1cil de instalar, no requiere software<\/li>\n<li>RP-SMA conector macho, trabaja con dispositivos con conector RP-SMA hembra<\/li>\n<\/ul>\n","protected":false},"featured_media":5453,"comment_status":"open","ping_status":"closed","template":"","meta":{"_acf_changed":false,"_joinchat":[]},"product_cat":[15],"product_tag":[],"acf":[],"jetpack_sharing_enabled":true,"_links":{"self":[{"href":"https:\/\/mipcysumundo.com.co\/index.php\/wp-json\/wp\/v2\/product\/5452"}],"collection":[{"href":"https:\/\/mipcysumundo.com.co\/index.php\/wp-json\/wp\/v2\/product"}],"about":[{"href":"https:\/\/mipcysumundo.com.co\/index.php\/wp-json\/wp\/v2\/types\/product"}],"replies":[{"embeddable":true,"href":"https:\/\/mipcysumundo.com.co\/index.php\/wp-json\/wp\/v2\/comments?post=5452"}],"wp:featuredmedia":[{"embeddable":true,"href":"https:\/\/mipcysumundo.com.co\/index.php\/wp-json\/wp\/v2\/media\/5453"}],"wp:attachment":[{"href":"https:\/\/mipcysumundo.com.co\/index.php\/wp-json\/wp\/v2\/media?parent=5452"}],"wp:term":[{"taxonomy":"product_cat","embeddable":true,"href":"https:\/\/mipcysumundo.com.co\/index.php\/wp-json\/wp\/v2\/product_cat?post=5452"},{"taxonomy":"product_tag","embeddable":true,"href":"https:\/\/mipcysumundo.com.co\/index.php\/wp-json\/wp\/v2\/product_tag?post=5452"}],"curies":[{"name":"wp","href":"https:\/\/api.w.org\/{rel}","templated":true}]}}