{"id":5490,"date":"2024-05-12T02:09:32","date_gmt":"2024-05-12T00:09:32","guid":{"rendered":"https:\/\/mipcysumundo.com.co\/?post_type=product&#038;p=5490"},"modified":"2026-04-23T02:58:26","modified_gmt":"2026-04-23T00:58:26","slug":"cabina-recargable-de-10-de-90-wat-jyr-j5160","status":"publish","type":"product","link":"https:\/\/mipcysumundo.com.co\/index.php\/producto\/cabina-recargable-de-10-de-90-wat-jyr-j5160\/","title":{"rendered":"CABINA RECARGABLE DE 10&#8243; DE 90 WAT JYR J5160"},"content":{"rendered":"<div class=\"elementor-column elementor-col-50 elementor-top-column elementor-element elementor-element-4ea9482\" data-id=\"4ea9482\" data-element_type=\"column\">\n<div class=\"elementor-widget-wrap elementor-element-populated\">\n<div class=\"elementor-element elementor-element-ce46602 elementor-widget elementor-widget-image\" data-id=\"ce46602\" data-element_type=\"widget\" data-widget_type=\"image.default\">\n<div class=\"elementor-widget-container\">Cabina activa<strong>\u00a0recargable<\/strong> amplificada de dos v\u00edas, cuenta con entrada DC para recibir carga de bater\u00eda externa 12V, incorpora reproductor de formato MP3, WAV, y WMA, lector de memoria SD, USB y sistema Bluetooth, posee una potencia insuperable, entrada y salida auxiliar RCA, iluminaci\u00f3n LED frontal, incorpora un control maestro de volumen, control de ecualizaci\u00f3n para brillo y bajo, entrada plug 6.5mm para micr\u00f3fono, control de volumen, brillo, bajo y eco del micr\u00f3fono, incluye un control remoto y un micr\u00f3fono inal\u00e1mbrico, 1500W.<\/div>\n<\/div>\n<\/div>\n<div>\n<div class=\"elementor-column elementor-col-50 elementor-top-column elementor-element elementor-element-4ea9482\" data-id=\"4ea9482\" data-element_type=\"column\">\n<div class=\"elementor-widget-wrap elementor-element-populated\">\n<div class=\"elementor-element elementor-element-ce46602 elementor-widget elementor-widget-image\" data-id=\"ce46602\" data-element_type=\"widget\" data-widget_type=\"image.default\">\n<div class=\"elementor-widget-container\"><\/div>\n<\/div>\n<\/div>\n<\/div>\n<div class=\"elementor-column elementor-col-50 elementor-top-column elementor-element elementor-element-924a05e\" data-id=\"924a05e\" data-element_type=\"column\">\n<div class=\"elementor-widget-wrap elementor-element-populated\">\n<div class=\"elementor-element elementor-element-dde9150 elementor-widget elementor-widget-text-editor\" data-id=\"dde9150\" data-element_type=\"widget\" data-widget_type=\"text-editor.default\">\n<div class=\"woocommerce-tabs wc-tabs-wrapper\">\n<pre><em><a class=\"elementor-button elementor-button-link elementor-size-sm\" href=\"https:\/\/mega.nz\/file\/n0xWADTT?_ga=2.31710654.1011252137.1715472113-1840698082.1715472112#6hUIVyHE6IaQ3WYoADtryL98fICTDgsCdOlQ8-dRPNY\" target=\"_blank\" rel=\"nofollow noopener\"><span class=\"elementor-button-content-wrapper\"><span class=\"elementor-button-text\">Descarga el manual aqu\u00ed<\/span><\/span><\/a><\/em><\/pre>\n<\/div>\n<section class=\"related products\"><\/section>\n<\/div>\n<\/div>\n<\/div>\n<div><\/div>\n<\/div>\n<\/div>\n","protected":false},"excerpt":{"rendered":"<p>Cabina activa\u00a0recargable amplificada de dos v\u00edas, cuenta con entrada DC para recibir carga de bater\u00eda externa 12V, incorpora reproductor de formato MP3, WAV, y WMA, lector de memoria SD, USB<\/p>\n","protected":false},"featured_media":5491,"comment_status":"open","ping_status":"closed","template":"","meta":{"_acf_changed":false,"_joinchat":[]},"product_cat":[15],"product_tag":[],"acf":[],"jetpack_sharing_enabled":true,"_links":{"self":[{"href":"https:\/\/mipcysumundo.com.co\/index.php\/wp-json\/wp\/v2\/product\/5490"}],"collection":[{"href":"https:\/\/mipcysumundo.com.co\/index.php\/wp-json\/wp\/v2\/product"}],"about":[{"href":"https:\/\/mipcysumundo.com.co\/index.php\/wp-json\/wp\/v2\/types\/product"}],"replies":[{"embeddable":true,"href":"https:\/\/mipcysumundo.com.co\/index.php\/wp-json\/wp\/v2\/comments?post=5490"}],"wp:featuredmedia":[{"embeddable":true,"href":"https:\/\/mipcysumundo.com.co\/index.php\/wp-json\/wp\/v2\/media\/5491"}],"wp:attachment":[{"href":"https:\/\/mipcysumundo.com.co\/index.php\/wp-json\/wp\/v2\/media?parent=5490"}],"wp:term":[{"taxonomy":"product_cat","embeddable":true,"href":"https:\/\/mipcysumundo.com.co\/index.php\/wp-json\/wp\/v2\/product_cat?post=5490"},{"taxonomy":"product_tag","embeddable":true,"href":"https:\/\/mipcysumundo.com.co\/index.php\/wp-json\/wp\/v2\/product_tag?post=5490"}],"curies":[{"name":"wp","href":"https:\/\/api.w.org\/{rel}","templated":true}]}}