{"id":5495,"date":"2024-05-12T02:29:11","date_gmt":"2024-05-12T00:29:11","guid":{"rendered":"https:\/\/mipcysumundo.com.co\/?post_type=product&#038;p=5495"},"modified":"2026-02-27T02:36:43","modified_gmt":"2026-02-27T01:36:43","slug":"cable-auxiliar-1-1-3m-jaltech","status":"publish","type":"product","link":"https:\/\/mipcysumundo.com.co\/index.php\/producto\/cable-auxiliar-1-1-3m-jaltech\/","title":{"rendered":"CABLE AUXILIAR 1 * 1 3M JALTECH"},"content":{"rendered":"","protected":false},"excerpt":{"rendered":"<p>Cable de audio 1\u00d71, con excelente dise\u00f1o, este producto cuenta con las siguientes caracter\u00edsticas:<\/p>\n<p>-3 metros.<br \/>\n-Cord\u00f3n de material de tela.<br \/>\n-Enlonado.<br \/>\n-Cord\u00f3n plano.<\/p>\n","protected":false},"featured_media":5496,"comment_status":"open","ping_status":"closed","template":"","meta":{"_acf_changed":false,"_joinchat":[]},"product_cat":[15],"product_tag":[],"acf":[],"jetpack_sharing_enabled":true,"_links":{"self":[{"href":"https:\/\/mipcysumundo.com.co\/index.php\/wp-json\/wp\/v2\/product\/5495"}],"collection":[{"href":"https:\/\/mipcysumundo.com.co\/index.php\/wp-json\/wp\/v2\/product"}],"about":[{"href":"https:\/\/mipcysumundo.com.co\/index.php\/wp-json\/wp\/v2\/types\/product"}],"replies":[{"embeddable":true,"href":"https:\/\/mipcysumundo.com.co\/index.php\/wp-json\/wp\/v2\/comments?post=5495"}],"wp:featuredmedia":[{"embeddable":true,"href":"https:\/\/mipcysumundo.com.co\/index.php\/wp-json\/wp\/v2\/media\/5496"}],"wp:attachment":[{"href":"https:\/\/mipcysumundo.com.co\/index.php\/wp-json\/wp\/v2\/media?parent=5495"}],"wp:term":[{"taxonomy":"product_cat","embeddable":true,"href":"https:\/\/mipcysumundo.com.co\/index.php\/wp-json\/wp\/v2\/product_cat?post=5495"},{"taxonomy":"product_tag","embeddable":true,"href":"https:\/\/mipcysumundo.com.co\/index.php\/wp-json\/wp\/v2\/product_tag?post=5495"}],"curies":[{"name":"wp","href":"https:\/\/api.w.org\/{rel}","templated":true}]}}