{"id":5503,"date":"2024-05-12T02:35:47","date_gmt":"2024-05-12T00:35:47","guid":{"rendered":"https:\/\/mipcysumundo.com.co\/?post_type=product&#038;p=5503"},"modified":"2024-05-12T02:35:47","modified_gmt":"2024-05-12T00:35:47","slug":"cable-de-poder-pc","status":"publish","type":"product","link":"https:\/\/mipcysumundo.com.co\/index.php\/producto\/cable-de-poder-pc\/","title":{"rendered":"CABLE DE PODER PC"},"content":{"rendered":"<p>Este cable de alimentaci\u00f3n el\u00e9ctrica de computadora de 1.5 metros es apropiado para el reemplazo de cables averiados o perdidos de PC y monitor.<\/p>\n<p>Dado que incluye un conector el\u00e9ctrico macho americano y un conector C13, este cable de alta calidad es compatible con la mayor\u00eda de los monitores, PCs, esc\u00e1ner e impresoras l\u00e1ser y otros artefactos El\u00e9ctricos.<\/p>\n<p>Contenido del paquete:<br \/>\n1-Cable de poder 1,50mt<\/p>\n","protected":false},"excerpt":{"rendered":"<p>Este cable de alimentaci\u00f3n el\u00e9ctrica de computadora de 1.5 metros es apropiado para el reemplazo de cables averiados o perdidos de PC y monitor. Dado que incluye un conector el\u00e9ctrico<\/p>\n","protected":false},"featured_media":5504,"comment_status":"open","ping_status":"closed","template":"","meta":{"_acf_changed":false,"_joinchat":[]},"product_cat":[15],"product_tag":[],"acf":[],"jetpack_sharing_enabled":true,"_links":{"self":[{"href":"https:\/\/mipcysumundo.com.co\/index.php\/wp-json\/wp\/v2\/product\/5503"}],"collection":[{"href":"https:\/\/mipcysumundo.com.co\/index.php\/wp-json\/wp\/v2\/product"}],"about":[{"href":"https:\/\/mipcysumundo.com.co\/index.php\/wp-json\/wp\/v2\/types\/product"}],"replies":[{"embeddable":true,"href":"https:\/\/mipcysumundo.com.co\/index.php\/wp-json\/wp\/v2\/comments?post=5503"}],"wp:featuredmedia":[{"embeddable":true,"href":"https:\/\/mipcysumundo.com.co\/index.php\/wp-json\/wp\/v2\/media\/5504"}],"wp:attachment":[{"href":"https:\/\/mipcysumundo.com.co\/index.php\/wp-json\/wp\/v2\/media?parent=5503"}],"wp:term":[{"taxonomy":"product_cat","embeddable":true,"href":"https:\/\/mipcysumundo.com.co\/index.php\/wp-json\/wp\/v2\/product_cat?post=5503"},{"taxonomy":"product_tag","embeddable":true,"href":"https:\/\/mipcysumundo.com.co\/index.php\/wp-json\/wp\/v2\/product_tag?post=5503"}],"curies":[{"name":"wp","href":"https:\/\/api.w.org\/{rel}","templated":true}]}}