{"id":5507,"date":"2024-05-12T02:46:08","date_gmt":"2024-05-12T00:46:08","guid":{"rendered":"https:\/\/mipcysumundo.com.co\/?post_type=product&#038;p=5507"},"modified":"2024-05-12T02:47:23","modified_gmt":"2024-05-12T00:47:23","slug":"cable-de-poder-pc-10m","status":"publish","type":"product","link":"https:\/\/mipcysumundo.com.co\/index.php\/producto\/cable-de-poder-pc-10m\/","title":{"rendered":"CABLE DE PODER PC 10m"},"content":{"rendered":"<p>MARCA: TRAUTECH<br \/>\nModelo: PE-PW0069\/10M.<br \/>\nLARGO: 10 METROS<\/p>\n<div class=\"xdj266r x11i5rnm xat24cr x1mh8g0r x1vvkbs x126k92a\">\n<div dir=\"auto\">Cable de Alimentaci\u00f3n C13 a NEMA 5-15P de 10 Metros<\/div>\n<div dir=\"auto\">Descripci\u00f3n<\/div>\n<div dir=\"auto\">El cable de alimentaci\u00f3n de 10 metros, incluye un conector IEC 320 C13 en un extremo y un conector NEMA 5-15P en el otro: duradero y resistente cable dise\u00f1ado para la alimentaci\u00f3n de un ordenador o equipo de sala de servidores, mediante un tomacorriente con conexi\u00f3n a tierra.<\/div>\n<div dir=\"auto\">Este cable de alimentaci\u00f3n C13 a toma americana tiene un calibre 3*16 y est\u00e1 dise\u00f1ado para ofrecer durabilidad y fiabilidad, Soporta corriente m\u00e1xima de 10AMP \/ 220VAC.<\/div>\n<\/div>\n<div class=\"x11i5rnm xat24cr x1mh8g0r x1vvkbs xtlvy1s x126k92a\">\n<div dir=\"auto\">Especificaciones<\/div>\n<div dir=\"auto\">Longitud: 10 metros.<\/div>\n<div dir=\"auto\">Conectores: IEC 320 C13 a NEMA 5-15P.<\/div>\n<div dir=\"auto\">Amperaje: 220VAC 10AMP (Max).<\/div>\n<div dir=\"auto\">Material de la cubierta: PVC Negro.<\/div>\n<div dir=\"auto\">Rango de temperatura: 3\u00b0C a 75\u00b0C.<\/div>\n<div dir=\"auto\">Di\u00e1metro del cable: 3\u00d70.75mm\u00b2.<\/div>\n<\/div>\n<div class=\"text_exposed_show\">\n<p>PRESENTACI\u00d3N: BOLSA<\/p>\n<\/div>\n","protected":false},"excerpt":{"rendered":"<p>El cable de alimentaci\u00f3n de 10 metros, incluye un conector IEC 320 C13 en un extremo y un conector NEMA 5-15P en el otro: duradero y resistente cable dise\u00f1ado para la alimentaci\u00f3n de un ordenador o equipo de sala de servidores, mediante un tomacorriente con conexi\u00f3n a tierra.<\/p>\n","protected":false},"featured_media":5508,"comment_status":"open","ping_status":"closed","template":"","meta":{"_acf_changed":false,"_joinchat":[]},"product_cat":[15],"product_tag":[],"acf":[],"jetpack_sharing_enabled":true,"_links":{"self":[{"href":"https:\/\/mipcysumundo.com.co\/index.php\/wp-json\/wp\/v2\/product\/5507"}],"collection":[{"href":"https:\/\/mipcysumundo.com.co\/index.php\/wp-json\/wp\/v2\/product"}],"about":[{"href":"https:\/\/mipcysumundo.com.co\/index.php\/wp-json\/wp\/v2\/types\/product"}],"replies":[{"embeddable":true,"href":"https:\/\/mipcysumundo.com.co\/index.php\/wp-json\/wp\/v2\/comments?post=5507"}],"wp:featuredmedia":[{"embeddable":true,"href":"https:\/\/mipcysumundo.com.co\/index.php\/wp-json\/wp\/v2\/media\/5508"}],"wp:attachment":[{"href":"https:\/\/mipcysumundo.com.co\/index.php\/wp-json\/wp\/v2\/media?parent=5507"}],"wp:term":[{"taxonomy":"product_cat","embeddable":true,"href":"https:\/\/mipcysumundo.com.co\/index.php\/wp-json\/wp\/v2\/product_cat?post=5507"},{"taxonomy":"product_tag","embeddable":true,"href":"https:\/\/mipcysumundo.com.co\/index.php\/wp-json\/wp\/v2\/product_tag?post=5507"}],"curies":[{"name":"wp","href":"https:\/\/api.w.org\/{rel}","templated":true}]}}