{"id":5509,"date":"2024-05-14T00:55:32","date_gmt":"2024-05-13T22:55:32","guid":{"rendered":"https:\/\/mipcysumundo.com.co\/?post_type=product&#038;p=5509"},"modified":"2024-05-14T00:55:33","modified_gmt":"2024-05-13T22:55:33","slug":"cable-de-red-15m-cat-6e-ck-link","status":"publish","type":"product","link":"https:\/\/mipcysumundo.com.co\/index.php\/producto\/cable-de-red-15m-cat-6e-ck-link\/","title":{"rendered":"CABLE DE RED 1,5M CAT 6E CK LINK"},"content":{"rendered":"<div id=\"woocommerce-product-details\" class=\"woocommerce-product-details__short-description \">\n<p>Cable de red, con excelente dise\u00f1o, este producto cuenta con las siguientes caracter\u00edsticas:<\/p>\n<p>-1.5 metros de largo.<br \/>\n-Categor\u00eda 6E.<br \/>\n-UTP.<br \/>\n-Aluminio.<\/p>\n<\/div>\n","protected":false},"excerpt":{"rendered":"<div class=\"prod_desc\">\n<ul>\n<li>Cables dise\u00f1ados con los m\u00e1s altos est\u00e1ndares de calidad, sus terminales son de pl\u00e1stico resistente y flexible evitando que se parta.<\/li>\n<li>Utilizado para transmitir datos entre equipos electr\u00f3ni<\/li>\n<li>Ideal para alargar su conexi\u00f3n al router<\/li>\n<li>Flexibilidad Suprema<\/li>\n<\/ul>\n<\/div>\n","protected":false},"featured_media":5510,"comment_status":"open","ping_status":"closed","template":"","meta":{"_acf_changed":false,"_joinchat":[]},"product_cat":[15],"product_tag":[],"acf":[],"jetpack_sharing_enabled":true,"_links":{"self":[{"href":"https:\/\/mipcysumundo.com.co\/index.php\/wp-json\/wp\/v2\/product\/5509"}],"collection":[{"href":"https:\/\/mipcysumundo.com.co\/index.php\/wp-json\/wp\/v2\/product"}],"about":[{"href":"https:\/\/mipcysumundo.com.co\/index.php\/wp-json\/wp\/v2\/types\/product"}],"replies":[{"embeddable":true,"href":"https:\/\/mipcysumundo.com.co\/index.php\/wp-json\/wp\/v2\/comments?post=5509"}],"wp:featuredmedia":[{"embeddable":true,"href":"https:\/\/mipcysumundo.com.co\/index.php\/wp-json\/wp\/v2\/media\/5510"}],"wp:attachment":[{"href":"https:\/\/mipcysumundo.com.co\/index.php\/wp-json\/wp\/v2\/media?parent=5509"}],"wp:term":[{"taxonomy":"product_cat","embeddable":true,"href":"https:\/\/mipcysumundo.com.co\/index.php\/wp-json\/wp\/v2\/product_cat?post=5509"},{"taxonomy":"product_tag","embeddable":true,"href":"https:\/\/mipcysumundo.com.co\/index.php\/wp-json\/wp\/v2\/product_tag?post=5509"}],"curies":[{"name":"wp","href":"https:\/\/api.w.org\/{rel}","templated":true}]}}