{"id":5522,"date":"2024-05-14T01:13:39","date_gmt":"2024-05-13T23:13:39","guid":{"rendered":"https:\/\/mipcysumundo.com.co\/?post_type=product&#038;p=5522"},"modified":"2024-05-14T01:13:39","modified_gmt":"2024-05-13T23:13:39","slug":"cable-tp-link-3-metros-tl-ant24pt3-cable-pigtail","status":"publish","type":"product","link":"https:\/\/mipcysumundo.com.co\/index.php\/producto\/cable-tp-link-3-metros-tl-ant24pt3-cable-pigtail\/","title":{"rendered":"CABLE TP LINK 3 METROS TL ANT24PT3    &#8211;  Cable pigtail"},"content":{"rendered":"<h3>Qu\u00e9 hace este producto<\/h3>\n<p>El TL-ANT24PT3 coleta cable es ideal para una conexi\u00f3n flexible entre el cable r\u00edgido al aire libre y puntos de acceso inal\u00e1mbricos \/ routers. Es muy f\u00e1cil de usar, sin necesidad de software de configuraci\u00f3n o instalaci\u00f3n requerida.<\/p>\n","protected":false},"excerpt":{"rendered":"<ul>\n<li>F\u00e1cil de instalar y utilizar<\/li>\n<li>Fabricado con la p\u00e9rdida de 3 metros bajo CFD-200 cable que proporciona un cable de mayor rendimiento con una excelente flexibilidad<\/li>\n<li>conector N macho a RP-SMA conector macho, aplicable en la mayor\u00eda de las conexiones entre el punto de acceso inal\u00e1mbrico \/ router y la antena<\/li>\n<\/ul>\n","protected":false},"featured_media":5524,"comment_status":"open","ping_status":"closed","template":"","meta":{"_acf_changed":false,"_joinchat":[]},"product_cat":[15],"product_tag":[],"acf":[],"jetpack_sharing_enabled":true,"_links":{"self":[{"href":"https:\/\/mipcysumundo.com.co\/index.php\/wp-json\/wp\/v2\/product\/5522"}],"collection":[{"href":"https:\/\/mipcysumundo.com.co\/index.php\/wp-json\/wp\/v2\/product"}],"about":[{"href":"https:\/\/mipcysumundo.com.co\/index.php\/wp-json\/wp\/v2\/types\/product"}],"replies":[{"embeddable":true,"href":"https:\/\/mipcysumundo.com.co\/index.php\/wp-json\/wp\/v2\/comments?post=5522"}],"wp:featuredmedia":[{"embeddable":true,"href":"https:\/\/mipcysumundo.com.co\/index.php\/wp-json\/wp\/v2\/media\/5524"}],"wp:attachment":[{"href":"https:\/\/mipcysumundo.com.co\/index.php\/wp-json\/wp\/v2\/media?parent=5522"}],"wp:term":[{"taxonomy":"product_cat","embeddable":true,"href":"https:\/\/mipcysumundo.com.co\/index.php\/wp-json\/wp\/v2\/product_cat?post=5522"},{"taxonomy":"product_tag","embeddable":true,"href":"https:\/\/mipcysumundo.com.co\/index.php\/wp-json\/wp\/v2\/product_tag?post=5522"}],"curies":[{"name":"wp","href":"https:\/\/api.w.org\/{rel}","templated":true}]}}