{"id":5531,"date":"2024-05-14T01:23:53","date_gmt":"2024-05-13T23:23:53","guid":{"rendered":"https:\/\/mipcysumundo.com.co\/?post_type=product&#038;p=5531"},"modified":"2024-05-14T01:23:53","modified_gmt":"2024-05-13T23:23:53","slug":"cable-de-poder-molex-y","status":"publish","type":"product","link":"https:\/\/mipcysumundo.com.co\/index.php\/producto\/cable-de-poder-molex-y\/","title":{"rendered":"CABLE DE PODER MOLEX (Y)"},"content":{"rendered":"<p>Cable SATA de Poder<\/p>\n<p>\u2013 Longitud de cable de 17 cent\u00edmetros<br \/>\n\u2013 Permite conectar un Disco Duro Serial ATA a un conector de alimentaci\u00f3n interna est\u00e1ndar \u2013 SATA (15 pines) a Molex de 4 pines (LP4)<br \/>\n\u2013 Brinda alimentaci\u00f3n a su disco duro Serial ATA a trav\u00e9s de una conexi\u00f3n Molex est\u00e1ndar desde su fuente de alimentaci\u00f3n<br \/>\n\u2013 Compatible con el est\u00e1ndar Serial ATA 3.0<\/p>\n","protected":false},"excerpt":{"rendered":"<p>Cable SATA de Poder \u2013 Longitud de cable de 17 cent\u00edmetros \u2013 Permite conectar un Disco Duro Serial ATA a un conector de alimentaci\u00f3n interna est\u00e1ndar \u2013 SATA (15 pines)<\/p>\n","protected":false},"featured_media":5532,"comment_status":"open","ping_status":"closed","template":"","meta":{"_acf_changed":false,"_joinchat":[]},"product_cat":[15],"product_tag":[],"acf":[],"jetpack_sharing_enabled":true,"_links":{"self":[{"href":"https:\/\/mipcysumundo.com.co\/index.php\/wp-json\/wp\/v2\/product\/5531"}],"collection":[{"href":"https:\/\/mipcysumundo.com.co\/index.php\/wp-json\/wp\/v2\/product"}],"about":[{"href":"https:\/\/mipcysumundo.com.co\/index.php\/wp-json\/wp\/v2\/types\/product"}],"replies":[{"embeddable":true,"href":"https:\/\/mipcysumundo.com.co\/index.php\/wp-json\/wp\/v2\/comments?post=5531"}],"wp:featuredmedia":[{"embeddable":true,"href":"https:\/\/mipcysumundo.com.co\/index.php\/wp-json\/wp\/v2\/media\/5532"}],"wp:attachment":[{"href":"https:\/\/mipcysumundo.com.co\/index.php\/wp-json\/wp\/v2\/media?parent=5531"}],"wp:term":[{"taxonomy":"product_cat","embeddable":true,"href":"https:\/\/mipcysumundo.com.co\/index.php\/wp-json\/wp\/v2\/product_cat?post=5531"},{"taxonomy":"product_tag","embeddable":true,"href":"https:\/\/mipcysumundo.com.co\/index.php\/wp-json\/wp\/v2\/product_tag?post=5531"}],"curies":[{"name":"wp","href":"https:\/\/api.w.org\/{rel}","templated":true}]}}