{"id":5561,"date":"2024-05-14T03:08:37","date_gmt":"2024-05-14T01:08:37","guid":{"rendered":"https:\/\/mipcysumundo.com.co\/?post_type=product&#038;p=5561"},"modified":"2024-05-14T03:08:37","modified_gmt":"2024-05-14T01:08:37","slug":"camara-con-microfono-integrado-hd-1080p-jaltech","status":"publish","type":"product","link":"https:\/\/mipcysumundo.com.co\/index.php\/producto\/camara-con-microfono-integrado-hd-1080p-jaltech\/","title":{"rendered":"CAMARA CON MICROFONO INTEGRADO HD 1080P JALTECH"},"content":{"rendered":"<p>C\u00e1mara WEB Ful HD 1080p de alta definici\u00f3n con micr\u00f3fono con cancelaci\u00f3n de ruido exterior incluido. Ofrece una experiencia completa de audio y video perfecta para clases virtuales, reuniones de trabajo, conferencias, transmisiones en vivo y mucho m\u00e1s.<\/p>\n<p>Esta c\u00e1mara cuenta con una capacidad de 30 FTS (Fotogramas Por segundo) haci\u00e9ndola una de las competitivas en su categor\u00eda y en su relaci\u00f3n de precio. Su posibilidad de adaptarse a cualquier \u00e1ngulo la convierte en una excelente opci\u00f3n para todo tipo de dispositivos de conectividad compatibles.<\/p>\n<p>La virtualidad lleg\u00f3 para quedarse, hoy en d\u00eda tenemos la necesidad de tener a nuestra disposici\u00f3n dispositivos de excelente calidad para mantenernos conectados en clases virtuales, conferencias y trabajar. La Web CAM W18 Jaltech es una excelente opci\u00f3n para estas situaci\u00f3n, su alta resoluci\u00f3n y micr\u00f3fono integrado brinda una soluci\u00f3n eficiente a esta necesidad tan actual.<\/p>\n<p>Esta c\u00e1mara es m\u00e1s que una WEB CAM regular, la Web Cam Jalteh es el complemento perfecto para cualquier equipo de c\u00f3mputo compatible, gracias a su alt\u00edsima calidad de 1080p Full HD y su micr\u00f3fono integrado suple importantes necesidades.<\/p>\n<p>La Web Cam W18 Jaltech podr\u00e1 ser usadas para clases virtuales, conferencias reuniones de trabajo entre otros. Es compatible con aplicaciones como Skype, Microsoft, Zoom entre otros. Una de sus grandes ventajas es que su micr\u00f3fono cuenta con cancelaci\u00f3n de ruido incorporado.<\/p>\n<p>Resoluci\u00f3n: Full HD 1920 x 1080 2K<br \/>\nMicr\u00f3fono: Micr\u00f3fono dual con cancelaci\u00f3n de ruido exterior.<br \/>\nPlug and play<br \/>\nUSB 2.0<br \/>\nAdaptable a cualquier \u00e1ngulo (30 agrados ajustable)<br \/>\nCopatible con Windows 7,8,8.1, 10.<\/p>\n","protected":false},"excerpt":{"rendered":"<p>Web CAM W18 Jaltech<br \/>\n11070<\/p>\n","protected":false},"featured_media":5562,"comment_status":"open","ping_status":"closed","template":"","meta":{"_acf_changed":false,"_joinchat":[]},"product_cat":[15],"product_tag":[],"acf":[],"jetpack_sharing_enabled":true,"_links":{"self":[{"href":"https:\/\/mipcysumundo.com.co\/index.php\/wp-json\/wp\/v2\/product\/5561"}],"collection":[{"href":"https:\/\/mipcysumundo.com.co\/index.php\/wp-json\/wp\/v2\/product"}],"about":[{"href":"https:\/\/mipcysumundo.com.co\/index.php\/wp-json\/wp\/v2\/types\/product"}],"replies":[{"embeddable":true,"href":"https:\/\/mipcysumundo.com.co\/index.php\/wp-json\/wp\/v2\/comments?post=5561"}],"wp:featuredmedia":[{"embeddable":true,"href":"https:\/\/mipcysumundo.com.co\/index.php\/wp-json\/wp\/v2\/media\/5562"}],"wp:attachment":[{"href":"https:\/\/mipcysumundo.com.co\/index.php\/wp-json\/wp\/v2\/media?parent=5561"}],"wp:term":[{"taxonomy":"product_cat","embeddable":true,"href":"https:\/\/mipcysumundo.com.co\/index.php\/wp-json\/wp\/v2\/product_cat?post=5561"},{"taxonomy":"product_tag","embeddable":true,"href":"https:\/\/mipcysumundo.com.co\/index.php\/wp-json\/wp\/v2\/product_tag?post=5561"}],"curies":[{"name":"wp","href":"https:\/\/api.w.org\/{rel}","templated":true}]}}