{"id":5575,"date":"2024-05-14T03:21:08","date_gmt":"2024-05-14T01:21:08","guid":{"rendered":"https:\/\/mipcysumundo.com.co\/?post_type=product&#038;p=5575"},"modified":"2024-05-14T03:21:47","modified_gmt":"2024-05-14T01:21:47","slug":"camara-web-1000x-genius","status":"publish","type":"product","link":"https:\/\/mipcysumundo.com.co\/index.php\/producto\/camara-web-1000x-genius\/","title":{"rendered":"CAMARA WEB 1000X GENIUS"},"content":{"rendered":"<p><strong>C\u00c1MARA WEB FACECAM 1000X 720p HD GENIUS<\/strong><\/p>\n<p>Genius presenta una nueva c\u00e1mara web Plug and Play de 720p HD, FaceCam 1000X, que es excelente para usar en una PC o computadora port\u00e1til para chatear por video. La calidad de imagen HD de 720p y el zoom digital 3X proporcionan una experiencia de pantalla m\u00e1s clara y amplia. FaceCam 1000X tiene un MIC incorporado que distingue su voz con video HD. Adem\u00e1s, incluye el software Arcsoft MiVE que puede usar en msn o skype para crear seguimiento de rostros, efectos de imagen para m\u00e1s diversi\u00f3n.<\/p>\n<p><strong>CARACTERISTICAS<\/strong><\/p>\n<hr \/>\n<ul>\n<li>Resoluci\u00f3n de 720p HD<\/li>\n<li>El zoom digital 3X<\/li>\n<li>Micr\u00f3fono incorporado sensible<\/li>\n<li>Clip universal para panel LCD y port\u00e1til o independiente<\/li>\n<li>Enfoque manual<\/li>\n<\/ul>\n<p><strong>Requisitos del sistema:<\/strong><br \/>\n\u2013 Windows 8\/7 \/ Vista \/ XP SP2; Mac 10.4.6 anteriormente; Linux 2.6.21 anterior<br \/>\n\u2013 Puerto USB 2.0<\/p>\n<p><strong>M\u00ednimo:<\/strong><\/p>\n<p>\u2013 Procesador de 1,8 GHz o equivalente AMD Intel<br \/>\n\u2013 1 GB de RAM o superior<br \/>\n\u2013 Tarjeta gr\u00e1fica de 512 MB<br \/>\n\u2013 200 MB de espacio en disco duro<br \/>\n\u2013 conexi\u00f3n a Internet<br \/>\n\u2013 Puerto USB 2.0<br \/>\nrecomendado:<br \/>\n\u2013 Procesador Intel Core i5<br \/>\n\u2013 2 GB de RAM o superior<br \/>\n\u2013 200 MB de espacio en disco duro<br \/>\n\u2013 Velocidad de subida de 1 Mbps o superior<\/p>\n<p><strong>contenido del paquete:<\/strong><br \/>\n\u2013 FaceCam 1000X<br \/>\n\u2013 gu\u00eda r\u00e1pida<br \/>\nCD incluye<br \/>\n\u2013 Arcsoft Mive<br \/>\n\u2013 manual de usuario<\/p>\n<p><strong>especificaciones<\/strong>\u00a0:<\/p>\n<p>\u2013 Sensor de imagen: CMOS HD 720p p\u00edxeles<br \/>\n\u2013 Tipo de lente: lente de enfoque manual<br \/>\n\u2013 Interfaz: USB 2.0<br \/>\n\u2013 Formato de archivo: MJPEG \/ WMV<br \/>\n\u2013 Micr\u00f3fono interno<br \/>\n\u2013 UVC (Plug &amp; Play)<br \/>\n\u2013 (Mecanismo de Protecci\u00f3n de la imagen) IPM<\/p>\n<p>resoluci\u00f3n (p\u00edxeles)<br \/>\n\u2013 Im\u00e1genes: 1MP, 1280\u00d7720, 640\u00d7480 p\u00edxeles<br \/>\n\u2013 Video: CIF \/ VGA, 720p HD con hasta 30 cuadros por segundo<\/p>\n<p>\u2013 El tama\u00f1o del cuerpo: 60x20x22 mm<br \/>\n\u2013 Tama\u00f1o del paquete: 151x195x40 mm<br \/>\n\u2013 cart\u00f3n: 535x470x345 mm<br \/>\n\u2013 Pcs.\/ctn .: 20<br \/>\n\u2013 Peso corporal: 50g<\/p>\n","protected":false},"excerpt":{"rendered":"<div class=\"product-price-wrap\"><\/div>\n<div class=\"woocommerce-product-details__short-description\">\n<ul>\n<li><strong>Interfaz:<\/strong>\u00a0USB 2.0<\/li>\n<li><strong>Resoluci\u00f3n:<\/strong>\u00a0720 pixeles HD. Sensor: CMOS.<\/li>\n<li><strong>Enfoque:<\/strong>\u00a0Anillo de enfoque manual.<\/li>\n<li><strong>Micr\u00f3fono<\/strong>: Si<\/li>\n<li><strong>Sistema operativo Compatible:<\/strong>\u00a0Windows\u00a0 XP\u00a0\/ Vista \/ 7 \/ 8.<\/li>\n<\/ul>\n<\/div>\n","protected":false},"featured_media":5576,"comment_status":"open","ping_status":"closed","template":"","meta":{"_acf_changed":false,"_joinchat":[]},"product_cat":[15],"product_tag":[],"acf":[],"jetpack_sharing_enabled":true,"_links":{"self":[{"href":"https:\/\/mipcysumundo.com.co\/index.php\/wp-json\/wp\/v2\/product\/5575"}],"collection":[{"href":"https:\/\/mipcysumundo.com.co\/index.php\/wp-json\/wp\/v2\/product"}],"about":[{"href":"https:\/\/mipcysumundo.com.co\/index.php\/wp-json\/wp\/v2\/types\/product"}],"replies":[{"embeddable":true,"href":"https:\/\/mipcysumundo.com.co\/index.php\/wp-json\/wp\/v2\/comments?post=5575"}],"wp:featuredmedia":[{"embeddable":true,"href":"https:\/\/mipcysumundo.com.co\/index.php\/wp-json\/wp\/v2\/media\/5576"}],"wp:attachment":[{"href":"https:\/\/mipcysumundo.com.co\/index.php\/wp-json\/wp\/v2\/media?parent=5575"}],"wp:term":[{"taxonomy":"product_cat","embeddable":true,"href":"https:\/\/mipcysumundo.com.co\/index.php\/wp-json\/wp\/v2\/product_cat?post=5575"},{"taxonomy":"product_tag","embeddable":true,"href":"https:\/\/mipcysumundo.com.co\/index.php\/wp-json\/wp\/v2\/product_tag?post=5575"}],"curies":[{"name":"wp","href":"https:\/\/api.w.org\/{rel}","templated":true}]}}