{"id":5609,"date":"2024-05-24T22:16:48","date_gmt":"2024-05-24T20:16:48","guid":{"rendered":"https:\/\/mipcysumundo.com.co\/?post_type=product&#038;p=5609"},"modified":"2025-11-02T04:17:57","modified_gmt":"2025-11-02T03:17:57","slug":"camara-hd-1080p-tipo-logitech","status":"publish","type":"product","link":"https:\/\/mipcysumundo.com.co\/index.php\/producto\/camara-hd-1080p-tipo-logitech\/","title":{"rendered":"CAMARA HD 1080P TIPO LOGITECH"},"content":{"rendered":"<div class=\"section-container-wrapper\">\n<div class=\"pangea-cmp section-container js-pangea-section-container aem-margin-options dbgsize-cover tbgsize-cover mbgsize-cover dbgpos-center tbgpos-center mbgpos-center \" data-aem-id=\"section-ia6470bc9b0d5b1a9639529ae93787a96\">\n<div class=\"content-ctn aem-content-ctn container\">\n<div class=\"aem-padding-options dptl dpbm tptl tpbm mptl mpbm\" data-aem-id=\"section-ia6470bc9b0d5b1a9639529ae93787a96-padding-options\">\n<div class=\"pangea-cmp body-copy js-pangea-body-copy aem-margin-options tmrxl tmlxl mmrs mmls font-size-normal font-brown-light dc-kohle tc-kohle mc-kohle\" data-aem-id=\"text_editable_272478-i67d21d33e06d465a984be0c07466124b\" data-align-desktop=\"center\" data-align-tablet=\"center\" data-align-mobile=\"center\" data-body-size=\"font-size-normal\">\n<div class=\"aem-content-ctn container\">\n<div class=\"aem-padding-options dpbs tpbs mpbs\" data-aem-id=\"text_editable_272478-i67d21d33e06d465a984be0c07466124b-padding-options\">\n<div class=\"content-ctn rte-field text-width-normal\">\n<h2 class=\"body-copy-title font-title-l font-brown-bold dc-black tc-black mc-black \">VIDEOLLAMADAS CON CLARIDAD FULL HD<\/h2>\n<p>La c\u00e1mara web C920 ofrece v\u00eddeo Full HD (1080p a 30 fps) incre\u00edblemente n\u00edtido y detallado con una lente de cristal Full HD, campo visual de 78\u00b0 y correcci\u00f3n de iluminaci\u00f3n autom\u00e1tica HD, adem\u00e1s de dos micr\u00f3fonos para un sonido est\u00e9reo n\u00edtido. Todo lo que necesitas para ofrecer tu mejor imagen en conferencias y para grabar esmeradas demostraciones.<\/p>\n<\/div>\n<\/div>\n<\/div>\n<\/div>\n<div class=\"pangea-cmp pangea-image aem-margin-options \" data-aem-id=\"image_editable-id35d340832b870b5234cb9a256cfdecb\">\n<div class=\"aem-content-ctn container\">\n<div class=\"aem-padding-options \" data-aem-id=\"image_editable-id35d340832b870b5234cb9a256cfdecb-padding-options\"><img decoding=\"async\" src=\"https:\/\/resource.logitech.com\/w_1206,c_limit,q_auto,f_auto,dpr_1.0\/d_transparent.gif\/content\/dam\/logitech\/en\/products\/webcams\/c920\/c920-intro.png?v=1\" alt=\"V\u00eddeo con claridad Full HD con Logitech C920\" \/><\/div>\n<\/div>\n<\/div>\n<\/div>\n<\/div>\n<\/div>\n<\/div>\n<div class=\"banner-wrapper\" data-analytics-section=\"main-banner\" data-theme-desktop=\"theme-light\" data-theme-tablet=\"theme-light\" data-theme-mobile=\"theme-light\" data-bg-img-desktop=\"https:\/\/resource.logitech.com\/w_1800,h_1800,c_limit,q_auto,f_auto,dpr_1.0\/d_transparent.gif\/content\/dam\/logitech\/en\/products\/webcams\/c920\/c920-feature-1-desktop.png?v=1\" data-bg-img-tablet=\"https:\/\/resource.logitech.com\/w_1024,h_1366,c_limit,q_auto,f_auto,dpr_1.0\/d_transparent.gif\/content\/dam\/logitech\/en\/products\/webcams\/c920\/c920-feature-1-tablet.png?v=1\" data-bg-img-mobile=\"https:\/\/resource.logitech.com\/w_420,h_1024,c_limit,q_auto,f_auto,dpr_1.0\/d_transparent.gif\/content\/dam\/logitech\/en\/products\/webcams\/c920\/c920-feature-1-mobile.png?v=1\">\n<section class=\"pangea-cmp banner js-pangea-banner dbgsize-cover tbgsize-cover mbgsize-cover mbgc-marin dbgpos-center tbgpos-center mbgpos-center init-ready pangea-inited\" data-aem-id=\"banner_836465889_cop-i1b86a9e79b1409d520c3cb9f3a23c5f2\" aria-label=\"ESTUPENDAS VIDEOLLAMADAS. INCLUSO EN CASA.\" data-bg-img-desktop=\"https:\/\/resource.logitech.com\/w_1800,h_1800,c_limit,q_auto,f_auto,dpr_1.0\/d_transparent.gif\/content\/dam\/logitech\/en\/products\/webcams\/c920\/c920-feature-1-desktop.png?v=1\" data-bg-img-tablet=\"https:\/\/resource.logitech.com\/w_1024,h_1366,c_limit,q_auto,f_auto,dpr_1.0\/d_transparent.gif\/content\/dam\/logitech\/en\/products\/webcams\/c920\/c920-feature-1-tablet.png?v=1\" data-bg-img-mobile=\"https:\/\/resource.logitech.com\/w_420,h_1024,c_limit,q_auto,f_auto,dpr_1.0\/d_transparent.gif\/content\/dam\/logitech\/en\/products\/webcams\/c920\/c920-feature-1-mobile.png?v=1\" data-size-desktop=\"size-75vh\" data-size-tablet=\"size-75vh\" data-size-mobile=\"size-75vh\" data-theme-desktop=\"theme-light\" data-theme-tablet=\"theme-light\" data-theme-mobile=\"theme-light\" data-video-display-mode-desktop=\"modal\" data-video-display-mode-tablet=\"modal\" data-video-display-mode-mobile=\"modal\" data-video-host=\"youtube\" data-video-ar=\"16x9\" data-video-play-btn-desktop=\"center\" data-video-play-btn-tablet=\"center\" data-video-play-btn-mobile=\"center\" data-gradient-desktop=\"none\" data-gradient-opacity-desktop=\"50\" data-gradient-tablet=\"none\" data-gradient-opacity-tablet=\"50\" data-gradient-mobile=\"none\" data-gradient-opacity-mobile=\"50\" data-body-icon-position=\"below-ctas\" data-layout-desktop=\"text-only\" data-layout-tablet=\"text-only\" data-layout-mobile=\"text-only\" data-layout-copy-width=\"6\" data-layout-copy-offset=\"3\" data-layout-img-width=\"10\" data-layout-img-offset=\"0\" data-text-align-desktop=\"center\" data-text-align-tablet=\"center\" data-text-align-mobile=\"center\" data-vert-align-content-desktop=\"bottom\" data-vert-align-tablet=\"bottom\" data-vert-align-mobile=\"bottom\" data-vert-align-items-desktop=\"center\" data-analytics-title=\"great-video-calls-even-at-home\" data-display-mode-tablet=\"overlaid\" data-display-mode-mobile=\"overlaid\" data-fg-img-desktop=\"\" data-fg-img-tablet=\"\" data-fg-img-mobile=\"\" data-fg-img-align-desktop=\"\" data-fg-img-align-tablet=\"\" data-fg-img-align-mobile=\"\" data-fg-img-alt=\"\" data-bg-align-desktop=\"center\" data-bg-align-tablet=\"\" data-bg-align-mobile=\"\" data-bg-color-desktop=\"black\" data-bg-color-tablet=\"\" data-bg-color-mobile=\"\" data-bg-size-desktop=\"cover\" data-bg-size-tablet=\"\" data-bg-size-mobile=\"\" data-video-id=\"\" data-bg-video-desktop=\"\" data-bg-video-tablet=\"\" data-bg-video-mobile=\"\" data-layout-copy-width-inner=\"\" data-body-icon-desktop=\"\" data-body-icon-tablet=\"\" data-body-icon-mobile=\"\" data-visible-desktop=\"true\" data-visible-tablet=\"true\" data-visible-mobile=\"true\">\n<div class=\"image-region\">\n<div class=\"stacked-mode-images\"><\/div>\n<\/div>\n<div class=\"container js-banner-main-ctn\">\n<div class=\"grid js-banner-main-grid aem-padding-options dpbm tpbm mpbm\" data-aem-id=\"banner_836465889_cop-i1b86a9e79b1409d520c3cb9f3a23c5f2-padding-options\">\n<div class=\"banner-copy-ctn\">\n<div class=\"banner-extra-content above\">\n<div class=\"parsys-ctn\"><\/div>\n<\/div>\n<div class=\"grid\">\n<div class=\"banner-copy-ctn-inner js-banner-copy-ctn-inner\">\n<h2 class=\"font-title-m js-title \">ESTUPENDAS VIDEOLLAMADAS. INCLUSO EN CASA.<\/h2>\n<div class=\"body-copy-ctn js-body-copy-ctn rte-field \">\n<p>Causa una buena impresi\u00f3n en tus videoconferencias con un campo visual diagonal fijo de 78\u00b0 para encuadrarte perfectamente a ti y a tu espacio, adem\u00e1s de Full HD a 1080p\/30 fps o 720p\/30 fps. La lente con cinco elementos de cristal captura im\u00e1genes nitid\u00edsimas y colores claros. El enfoque autom\u00e1tico se ajusta con precisi\u00f3n y fluidez para ofrecer definici\u00f3n consistente y v\u00eddeo fluido.<\/p>\n<\/div>\n<\/div>\n<\/div>\n<div class=\"banner-extra-content below\">\n<div class=\"parsys-ctn\"><\/div>\n<\/div>\n<\/div>\n<\/div>\n<\/div>\n<\/section>\n<\/div>\n<div class=\"pangea-cmp pangea-grid-layout margin-properties-vertical aem-content-ctn container\" data-vert-align-desktop=\"grid-align-center\" data-vert-align-tablet=\"grid-align-center\" data-vert-align-mobile=\"grid-align-center\" data-row-gutter-tablet=\"false\" data-row-gutter-mobile=\"false\">\n<div class=\"layout-container\" data-advanced-desktop=\"\">\n<div class=\"layout-item\">\n<div class=\"pangea-cmp pangea-image aem-margin-options \" data-aem-id=\"image_editable-i50b6efc7ec027e7ef0aae695d66b798d\">\n<div class=\"aem-content-ctn no-container\">\n<div class=\"aem-padding-options \" data-aem-id=\"image_editable-i50b6efc7ec027e7ef0aae695d66b798d-padding-options\"><img decoding=\"async\" src=\"https:\/\/resource.logitech.com\/w_1206,c_limit,q_auto,f_auto,dpr_1.0\/d_transparent.gif\/content\/dam\/logitech\/en\/products\/webcams\/c920\/c920-feature-2.png?v=1\" alt=\"Imagen de producto - c\u00e1mara web HD Pro C920\" \/><\/div>\n<\/div>\n<\/div>\n<\/div>\n<div class=\"layout-item\">\n<div class=\"pangea-cmp body-copy js-pangea-body-copy aem-margin-options font-size-normal font-brown-light dc-kohle tc-kohle mc-kohle\" data-aem-id=\"text_editable-i846802be496f63e5a234ca2a88aca0eb\" data-align-desktop=\"left\" data-align-tablet=\"center\" data-align-mobile=\"center\" data-body-size=\"font-size-normal\">\n<div class=\"aem-content-ctn no-container\">\n<div class=\"aem-padding-options \" data-aem-id=\"text_editable-i846802be496f63e5a234ca2a88aca0eb-padding-options\">\n<div class=\"content-ctn rte-field text-width-normal\">\n<h2 class=\"body-copy-title font-title-m font-brown-bold \">AUDIO EST\u00c9REO<br \/>\nCON DOS MICR\u00d3FONOS<\/h2>\n<p>Dos micr\u00f3fonos, uno a cada lado de la c\u00e1mara, capturan sonido m\u00e1s realista desde una gama de \u00e1ngulos m\u00e1s amplia para que tu voz se oiga clara y natural en las conferencias.<\/p>\n<\/div>\n<\/div>\n<\/div>\n<\/div>\n<\/div>\n<\/div>\n<\/div>\n<div class=\"pangea-cmp pangea-grid-layout margin-properties-vertical aem-content-ctn container\" data-row-gutter-tablet=\"false\" data-row-gutter-mobile=\"false\">\n<div class=\"layout-container\">\n<div class=\"layout-item\">\n<div class=\"pangea-cmp body-copy js-pangea-body-copy aem-margin-options font-size-normal font-brown-light dc-kohle tc-kohle mc-kohle\" data-aem-id=\"text_editable-iced5903caae02ed2080e2923ee0b808a\" data-align-desktop=\"center\" data-align-tablet=\"center\" data-align-mobile=\"center\" data-body-size=\"font-size-normal\">\n<div class=\"aem-content-ctn container\">\n<div class=\"aem-padding-options \" data-aem-id=\"text_editable-iced5903caae02ed2080e2923ee0b808a-padding-options\">\n<div class=\"content-ctn rte-field text-width-normal\">\n<h2 class=\"body-copy-title font-title-m font-brown-bold \">ILUMINACI\u00d3N \u00d3PTIMA<\/h2>\n<p>Dotada de correcci\u00f3n de iluminaci\u00f3n autom\u00e1tica HD, la C920 utiliza la tecnolog\u00eda RightLight<sup>TM<\/sup>\u00a02 de Logitech para ajustarse a tus condiciones de iluminaci\u00f3n para producir im\u00e1genes claras y bien contrastadas incluso si est\u00e1s en un entorno oscuro.<\/p>\n<\/div>\n<\/div>\n<\/div>\n<\/div>\n<\/div>\n<\/div>\n<\/div>\n<div class=\"pangea-cmp pangea-image aem-margin-options \" data-aem-id=\"image_editable_16141-ib584973e60d7bc5cb3063473dcb0da89\">\n<div class=\"aem-content-ctn container\">\n<div class=\"aem-padding-options \" data-aem-id=\"image_editable_16141-ib584973e60d7bc5cb3063473dcb0da89-padding-options\"><img decoding=\"async\" src=\"https:\/\/resource.logitech.com\/w_1206,c_limit,q_auto,f_auto,dpr_1.0\/d_transparent.gif\/content\/dam\/logitech\/en\/products\/webcams\/c920\/c920-feature-4-desktop.png?v=1\" alt=\"Iluminaci\u00f3n \u00f3ptima\" \/><\/div>\n<\/div>\n<\/div>\n<div class=\"banner-wrapper\" data-analytics-section=\"main-banner\" data-theme-desktop=\"theme-dark\" data-theme-tablet=\"theme-light\" data-theme-mobile=\"theme-light\" data-bg-img-desktop=\"https:\/\/resource.logitech.com\/w_1800,h_1800,c_limit,q_auto,f_auto,dpr_1.0\/d_transparent.gif\/content\/dam\/logitech\/en\/products\/webcams\/c920\/c920-feature-5-desktop.png?v=1\" data-bg-img-tablet=\"https:\/\/resource.logitech.com\/w_1024,h_1366,c_limit,q_auto,f_auto,dpr_1.0\/d_transparent.gif\/content\/dam\/logitech\/en\/products\/webcams\/c920\/c920-feature-5-tablet.png?v=1\" data-bg-img-mobile=\"https:\/\/resource.logitech.com\/w_420,h_1024,c_limit,q_auto,f_auto,dpr_1.0\/d_transparent.gif\/content\/dam\/logitech\/en\/products\/webcams\/c920\/c920-feature-5-mobile.png?v=1\">\n<section class=\"pangea-cmp banner js-pangea-banner dbgsize-cover tbgsize-cover mbgsize-cover dbgpos-center tbgpos-center mbgpos-bottom init-ready pangea-inited\" data-aem-id=\"banner_1426214628_co-i406383e828043f0a865f48b69e5220b1\" aria-label=\"LENTE DE CRISTAL FULL HD\" data-fg-img-alt=\"ESCRITURA SILENCIOSA\" data-bg-img-desktop=\"https:\/\/resource.logitech.com\/w_1800,h_1800,c_limit,q_auto,f_auto,dpr_1.0\/d_transparent.gif\/content\/dam\/logitech\/en\/products\/webcams\/c920\/c920-feature-5-desktop.png?v=1\" data-bg-img-tablet=\"https:\/\/resource.logitech.com\/w_1024,h_1366,c_limit,q_auto,f_auto,dpr_1.0\/d_transparent.gif\/content\/dam\/logitech\/en\/products\/webcams\/c920\/c920-feature-5-tablet.png?v=1\" data-bg-img-mobile=\"https:\/\/resource.logitech.com\/w_420,h_1024,c_limit,q_auto,f_auto,dpr_1.0\/d_transparent.gif\/content\/dam\/logitech\/en\/products\/webcams\/c920\/c920-feature-5-mobile.png?v=1\" data-size-desktop=\"size-75vh\" data-size-tablet=\"size-50vh\" data-size-mobile=\"size-75vh\" data-theme-desktop=\"theme-dark\" data-theme-tablet=\"theme-light\" data-theme-mobile=\"theme-light\" data-video-display-mode-desktop=\"modal\" data-video-display-mode-tablet=\"modal\" data-video-display-mode-mobile=\"modal\" data-video-host=\"youtube\" data-video-ar=\"16x9\" data-video-play-btn-desktop=\"center\" data-video-play-btn-tablet=\"center\" data-video-play-btn-mobile=\"center\" data-gradient-desktop=\"none\" data-gradient-opacity-desktop=\"50\" data-gradient-tablet=\"none\" data-gradient-opacity-tablet=\"50\" data-gradient-mobile=\"none\" data-gradient-opacity-mobile=\"50\" data-layout-desktop=\"text-only\" data-layout-tablet=\"text-only\" data-layout-mobile=\"text-only\" data-layout-copy-width=\"4\" data-layout-copy-offset=\"8\" data-layout-img-width=\"5\" data-layout-img-offset=\"1\" data-text-align-desktop=\"left\" data-text-align-tablet=\"center\" data-text-align-mobile=\"center\" data-vert-align-content-desktop=\"center\" data-vert-align-tablet=\"top\" data-vert-align-mobile=\"top\" data-vert-align-items-desktop=\"center\" data-analytics-title=\"full-hd-glass-lens\" data-display-mode-tablet=\"overlaid\" data-display-mode-mobile=\"overlaid\" data-fg-img-desktop=\"\" data-fg-img-tablet=\"\" data-fg-img-mobile=\"\" data-fg-img-align-desktop=\"\" data-fg-img-align-tablet=\"\" data-fg-img-align-mobile=\"\" data-bg-align-desktop=\"center\" data-bg-align-tablet=\"\" data-bg-align-mobile=\"\" data-bg-color-desktop=\"black\" data-bg-color-tablet=\"\" data-bg-color-mobile=\"\" data-bg-size-desktop=\"cover\" data-bg-size-tablet=\"\" data-bg-size-mobile=\"\" data-video-id=\"\" data-bg-video-desktop=\"\" data-bg-video-tablet=\"\" data-bg-video-mobile=\"\" data-layout-copy-width-inner=\"\" data-body-icon-desktop=\"\" data-body-icon-tablet=\"\" data-body-icon-mobile=\"\" data-body-icon-position=\"\" data-visible-desktop=\"true\" data-visible-tablet=\"true\" data-visible-mobile=\"true\">\n<div class=\"image-region\">\n<div class=\"stacked-mode-images\"><\/div>\n<\/div>\n<div class=\"container js-banner-main-ctn\">\n<div class=\"grid js-banner-main-grid aem-padding-options tpbxl mpbauto\" data-aem-id=\"banner_1426214628_co-i406383e828043f0a865f48b69e5220b1-padding-options\">\n<div class=\"banner-copy-ctn\">\n<div class=\"banner-extra-content above\">\n<div class=\"parsys-ctn\"><\/div>\n<\/div>\n<div class=\"grid\">\n<div class=\"banner-copy-ctn-inner js-banner-copy-ctn-inner\">\n<h2 class=\"font-title-m js-title \">LENTE DE CRISTAL FULL HD<\/h2>\n<div class=\"body-copy-ctn js-body-copy-ctn rte-field \">\n<p>La lente Full HD con cinco elementos de cristal y enfoque autom\u00e1tico premium captura im\u00e1genes totalmente n\u00edtidas y claras ajust\u00e1ndose con fluidez y precisi\u00f3n para proporcionar alta definici\u00f3n consistente en conferencias.<\/p>\n<\/div>\n<\/div>\n<\/div>\n<\/div>\n<\/div>\n<\/div>\n<\/section>\n<\/div>\n","protected":false},"excerpt":{"rendered":"<p>La c\u00e1mara web C920 ofrece v\u00eddeo Full HD incre\u00edblemente n\u00edtido y detallado con una lente de cristal Full HD, campo visual de 78\u00b0 y correcci\u00f3n de iluminaci\u00f3n autom\u00e1tica HD, adem\u00e1s de dos micr\u00f3fonos para un sonido est\u00e9reo n\u00edtido.<\/p>\n","protected":false},"featured_media":5610,"comment_status":"open","ping_status":"closed","template":"","meta":{"_acf_changed":false,"_joinchat":[]},"product_cat":[15],"product_tag":[],"acf":[],"jetpack_sharing_enabled":true,"_links":{"self":[{"href":"https:\/\/mipcysumundo.com.co\/index.php\/wp-json\/wp\/v2\/product\/5609"}],"collection":[{"href":"https:\/\/mipcysumundo.com.co\/index.php\/wp-json\/wp\/v2\/product"}],"about":[{"href":"https:\/\/mipcysumundo.com.co\/index.php\/wp-json\/wp\/v2\/types\/product"}],"replies":[{"embeddable":true,"href":"https:\/\/mipcysumundo.com.co\/index.php\/wp-json\/wp\/v2\/comments?post=5609"}],"wp:featuredmedia":[{"embeddable":true,"href":"https:\/\/mipcysumundo.com.co\/index.php\/wp-json\/wp\/v2\/media\/5610"}],"wp:attachment":[{"href":"https:\/\/mipcysumundo.com.co\/index.php\/wp-json\/wp\/v2\/media?parent=5609"}],"wp:term":[{"taxonomy":"product_cat","embeddable":true,"href":"https:\/\/mipcysumundo.com.co\/index.php\/wp-json\/wp\/v2\/product_cat?post=5609"},{"taxonomy":"product_tag","embeddable":true,"href":"https:\/\/mipcysumundo.com.co\/index.php\/wp-json\/wp\/v2\/product_tag?post=5609"}],"curies":[{"name":"wp","href":"https:\/\/api.w.org\/{rel}","templated":true}]}}