{"id":5619,"date":"2024-05-24T22:30:14","date_gmt":"2024-05-24T20:30:14","guid":{"rendered":"https:\/\/mipcysumundo.com.co\/?post_type=product&#038;p=5619"},"modified":"2024-05-24T22:30:15","modified_gmt":"2024-05-24T20:30:15","slug":"cartucho-hp-20-k","status":"publish","type":"product","link":"https:\/\/mipcysumundo.com.co\/index.php\/producto\/cartucho-hp-20-k\/","title":{"rendered":"CARTUCHO HP 20 &#8211; K"},"content":{"rendered":"<div class=\"jsx-4151168483 specification specification-2-column\">\n<section class=\"jsx-2247763159 container\">\n<div class=\"jsx-2247763159 mkp-headerContainer\"><span class=\"jsx-2247763159\">Especificaciones<\/span><\/div>\n<div class=\"jsx-2247763159 bodyContainer\">\n<table class=\"jsx-960159652 specification-table \">\n<tbody class=\"jsx-960159652\">\n<tr class=\"jsx-960159652\">\n<td class=\"jsx-960159652 property-name\">Detalle de la garant\u00eda<\/td>\n<td class=\"jsx-960159652 property-value\">1MES<\/td>\n<\/tr>\n<tr class=\"jsx-960159652\">\n<td class=\"jsx-960159652 property-name\">Condici\u00f3n del producto<\/td>\n<td class=\"jsx-960159652 property-value\">Nuevo<\/td>\n<\/tr>\n<tr class=\"jsx-960159652\">\n<td class=\"jsx-960159652 property-name\">Color<\/td>\n<td class=\"jsx-960159652 property-value\">NEGRO<\/td>\n<\/tr>\n<tr class=\"jsx-960159652\">\n<td class=\"jsx-960159652 property-name\">Detalle de la condici\u00f3n<\/td>\n<td class=\"jsx-960159652 property-value\">NUEVO<\/td>\n<\/tr>\n<tr class=\"jsx-960159652\">\n<td class=\"jsx-960159652 property-name\">Incluye<\/td>\n<td class=\"jsx-960159652 property-value\">1 CARTUCHO<\/td>\n<\/tr>\n<tr class=\"jsx-960159652\">\n<td class=\"jsx-960159652 property-name\">Modelo<\/td>\n<td class=\"jsx-960159652 property-value\">C6614d<\/td>\n<\/tr>\n<tr class=\"jsx-960159652\">\n<td class=\"jsx-960159652 property-name\">Garant\u00eda<\/td>\n<td class=\"jsx-960159652 property-value\">3 meses<\/td>\n<\/tr>\n<tr class=\"jsx-960159652\">\n<td class=\"jsx-960159652 property-name\">Pa\u00eds de origen<\/td>\n<td class=\"jsx-960159652 property-value\">Estados Unidos<\/td>\n<\/tr>\n<tr class=\"jsx-960159652\">\n<td class=\"jsx-960159652 property-name\">Condiciones de la Garant\u00eda del Vendedor<\/td>\n<td class=\"jsx-960159652 property-value\">1 MES<\/td>\n<\/tr>\n<tr class=\"jsx-960159652\">\n<td class=\"jsx-960159652 property-name\">Tipo de consumible<\/td>\n<td class=\"jsx-960159652 property-value\">Cartucho<\/td>\n<\/tr>\n<tr class=\"jsx-960159652\">\n<td class=\"jsx-960159652 property-name\">Compatible con<\/td>\n<td class=\"jsx-960159652 property-value\">HP deskjet<\/td>\n<\/tr>\n<tr class=\"jsx-960159652\">\n<td class=\"jsx-960159652 property-name\">Dimensiones<\/td>\n<td class=\"jsx-960159652 property-value\">10x10x10<\/td>\n<\/tr>\n<tr class=\"jsx-960159652\">\n<td class=\"jsx-960159652 property-name\">Rendimiento<\/td>\n<td class=\"jsx-960159652 property-value\">500<\/td>\n<\/tr>\n<\/tbody>\n<\/table>\n<\/div>\n<\/section>\n<\/div>\n<div class=\"jsx-4151168483 description description-2-column\">\n<section class=\"jsx-2247763159 container\">\n<div class=\"jsx-2247763159 mkp-headerContainer\"><span class=\"jsx-2247763159\">Informaci\u00f3n adicional<\/span><\/div>\n<div class=\"jsx-2247763159 bodyContainer\">\n<div class=\"fb-product-information__product-information-tab\">\n<div class=\"fb-product-information-tab__copy\">\n<h2 class=\"ui-pdp-specs__title\">Caracter\u00edsticas principales<\/h2>\n<div class=\"ui-pdp-specs__table\">\n<table class=\"andes-table\">\n<tbody class=\"andes-table__body\">\n<tr class=\"andes-table__row\">\n<th class=\"andes-table__header andes-table__header--left ui-pdp-specs__table__column ui-pdp-specs__table__column-title\">Marca<\/th>\n<td class=\"andes-table__column andes-table__column--left ui-pdp-specs__table__column\"><span class=\"andes-table__column--value\">HP<\/span><\/td>\n<\/tr>\n<tr class=\"andes-table__row\">\n<th class=\"andes-table__header andes-table__header--left ui-pdp-specs__table__column ui-pdp-specs__table__column-title\">L\u00ednea<\/th>\n<td class=\"andes-table__column andes-table__column--left ui-pdp-specs__table__column\"><span class=\"andes-table__column--value\">DesignJet<\/span><\/td>\n<\/tr>\n<tr class=\"andes-table__row\">\n<th class=\"andes-table__header andes-table__header--left ui-pdp-specs__table__column ui-pdp-specs__table__column-title\">Modelo<\/th>\n<td class=\"andes-table__column andes-table__column--left ui-pdp-specs__table__column\"><span class=\"andes-table__column--value\">c6614d<\/span><\/td>\n<\/tr>\n<tr class=\"andes-table__row\">\n<th class=\"andes-table__header andes-table__header--left ui-pdp-specs__table__column ui-pdp-specs__table__column-title\">Contenido total en volumen<\/th>\n<td class=\"andes-table__column andes-table__column--left ui-pdp-specs__table__column\"><span class=\"andes-table__column--value\">28 mL<\/span><\/td>\n<\/tr>\n<tr class=\"andes-table__row\">\n<th class=\"andes-table__header andes-table__header--left ui-pdp-specs__table__column ui-pdp-specs__table__column-title\">Color de la tinta<\/th>\n<td class=\"andes-table__column andes-table__column--left ui-pdp-specs__table__column\"><span class=\"andes-table__column--value\">Negro<\/span><\/td>\n<\/tr>\n<tr class=\"andes-table__row\">\n<th class=\"andes-table__header andes-table__header--left ui-pdp-specs__table__column ui-pdp-specs__table__column-title\">Unidades por envase<\/th>\n<td class=\"andes-table__column andes-table__column--left ui-pdp-specs__table__column\"><span class=\"andes-table__column--value\">1<\/span><\/td>\n<\/tr>\n<tr class=\"andes-table__row\">\n<th class=\"andes-table__header andes-table__header--left ui-pdp-specs__table__column ui-pdp-specs__table__column-title\">Formato de venta<\/th>\n<td class=\"andes-table__column andes-table__column--left ui-pdp-specs__table__column\"><span class=\"andes-table__column--value\">1<\/span><\/td>\n<\/tr>\n<tr class=\"andes-table__row\">\n<th class=\"andes-table__header andes-table__header--left ui-pdp-specs__table__column ui-pdp-specs__table__column-title\">Unidades por pack<\/th>\n<td class=\"andes-table__column andes-table__column--left ui-pdp-specs__table__column\"><span class=\"andes-table__column--value\">1<\/span><\/td>\n<\/tr>\n<\/tbody>\n<\/table>\n<\/div>\n<h3 class=\"ui-pdp-specs__subtitle\">Otras caracter\u00edsticas<\/h3>\n<div class=\"ui-pdp-list ui-pdp-specs__list\">\n<ul class=\"ui-pdp-list__wrapper\">\n<li class=\"ui-pdp-list__item\"><span class=\"ui-pdp-color--BLACK ui-pdp-size--XSMALL ui-pdp-family--BOLD\">Tipo de cartucho<\/span>: Original<\/li>\n<li class=\"ui-pdp-list__item\"><span class=\"ui-pdp-color--BLACK ui-pdp-size--XSMALL ui-pdp-family--BOLD\">Es recargable<\/span>: S\u00ed<\/li>\n<\/ul>\n<ul class=\"ui-pdp-list__wrapper\">\n<li class=\"ui-pdp-list__item\"><span class=\"ui-pdp-color--BLACK ui-pdp-size--XSMALL ui-pdp-family--BOLD\">Rendimiento de p\u00e1ginas<\/span>: 500<\/li>\n<li class=\"ui-pdp-list__item\">Descripci\u00f3n del Producto\n<p>CARTUCHO DE TINTA HP 20 NEGRO 500 PAGINAS C6614D<\/p>\n<p>N\u00famero de parte: C6614D, 20<br \/>\nTipo: Cartucho de tinta<br \/>\nRendimiento: 500 p\u00e1ginas<br \/>\nCondici\u00f3n: Genuino \/ OEM , Nuevo<br \/>\nFabricante: Hewlett Packard<br \/>\nN\u00famero de modelo: C6614D<br \/>\nTipo de producto: Cartucho de tinta<br \/>\nColor: Negro<br \/>\nTecnolog\u00eda de impresi\u00f3n: Chorro de tinta<br \/>\nRendimiento m\u00e1ximo: 500 p\u00e1ginas<br \/>\nCantidad envasada: 1<\/li>\n<\/ul>\n<\/div>\n<\/div>\n<\/div>\n<\/div>\n<\/section>\n<\/div>\n","protected":false},"excerpt":{"rendered":"<p>Especificaciones Detalle de la garant\u00eda 1MES Condici\u00f3n del producto Nuevo Color NEGRO Detalle de la condici\u00f3n NUEVO Incluye 1 CARTUCHO Modelo C6614d Garant\u00eda 3 meses Pa\u00eds de origen Estados Unidos<\/p>\n","protected":false},"featured_media":5620,"comment_status":"open","ping_status":"closed","template":"","meta":{"_acf_changed":false,"_joinchat":[]},"product_cat":[17],"product_tag":[],"acf":[],"jetpack_sharing_enabled":true,"_links":{"self":[{"href":"https:\/\/mipcysumundo.com.co\/index.php\/wp-json\/wp\/v2\/product\/5619"}],"collection":[{"href":"https:\/\/mipcysumundo.com.co\/index.php\/wp-json\/wp\/v2\/product"}],"about":[{"href":"https:\/\/mipcysumundo.com.co\/index.php\/wp-json\/wp\/v2\/types\/product"}],"replies":[{"embeddable":true,"href":"https:\/\/mipcysumundo.com.co\/index.php\/wp-json\/wp\/v2\/comments?post=5619"}],"wp:featuredmedia":[{"embeddable":true,"href":"https:\/\/mipcysumundo.com.co\/index.php\/wp-json\/wp\/v2\/media\/5620"}],"wp:attachment":[{"href":"https:\/\/mipcysumundo.com.co\/index.php\/wp-json\/wp\/v2\/media?parent=5619"}],"wp:term":[{"taxonomy":"product_cat","embeddable":true,"href":"https:\/\/mipcysumundo.com.co\/index.php\/wp-json\/wp\/v2\/product_cat?post=5619"},{"taxonomy":"product_tag","embeddable":true,"href":"https:\/\/mipcysumundo.com.co\/index.php\/wp-json\/wp\/v2\/product_tag?post=5619"}],"curies":[{"name":"wp","href":"https:\/\/api.w.org\/{rel}","templated":true}]}}