{"id":5630,"date":"2024-05-26T21:55:19","date_gmt":"2024-05-26T19:55:19","guid":{"rendered":"https:\/\/mipcysumundo.com.co\/?post_type=product&#038;p=5630"},"modified":"2024-05-26T21:55:19","modified_gmt":"2024-05-26T19:55:19","slug":"cartucho-hp-93-c-m-y","status":"publish","type":"product","link":"https:\/\/mipcysumundo.com.co\/index.php\/producto\/cartucho-hp-93-c-m-y\/","title":{"rendered":"CARTUCHO HP 93 &#8211; C , M, Y"},"content":{"rendered":"","protected":false},"excerpt":{"rendered":"<p>M\u00e1s del 50\u00a0% de los cartuchos de tinta originales de HP est\u00e1n fabricados con pl\u00e1stico destinado al oc\u00e9ano y\u00a0<span class=\"m-text-nowrap\">reciclado\u00a0<\/span>.<\/p>\n<ul>\n<li>Color(es) de consumibles de impresi\u00f3n: De tres colores<\/li>\n<li>Rendimiento en cantidad de p\u00e1ginas (color): ~220 p\u00e1ginas<\/li>\n<\/ul>\n","protected":false},"featured_media":5631,"comment_status":"open","ping_status":"closed","template":"","meta":{"_acf_changed":false,"_joinchat":[]},"product_cat":[17],"product_tag":[],"acf":[],"jetpack_sharing_enabled":true,"_links":{"self":[{"href":"https:\/\/mipcysumundo.com.co\/index.php\/wp-json\/wp\/v2\/product\/5630"}],"collection":[{"href":"https:\/\/mipcysumundo.com.co\/index.php\/wp-json\/wp\/v2\/product"}],"about":[{"href":"https:\/\/mipcysumundo.com.co\/index.php\/wp-json\/wp\/v2\/types\/product"}],"replies":[{"embeddable":true,"href":"https:\/\/mipcysumundo.com.co\/index.php\/wp-json\/wp\/v2\/comments?post=5630"}],"wp:featuredmedia":[{"embeddable":true,"href":"https:\/\/mipcysumundo.com.co\/index.php\/wp-json\/wp\/v2\/media\/5631"}],"wp:attachment":[{"href":"https:\/\/mipcysumundo.com.co\/index.php\/wp-json\/wp\/v2\/media?parent=5630"}],"wp:term":[{"taxonomy":"product_cat","embeddable":true,"href":"https:\/\/mipcysumundo.com.co\/index.php\/wp-json\/wp\/v2\/product_cat?post=5630"},{"taxonomy":"product_tag","embeddable":true,"href":"https:\/\/mipcysumundo.com.co\/index.php\/wp-json\/wp\/v2\/product_tag?post=5630"}],"curies":[{"name":"wp","href":"https:\/\/api.w.org\/{rel}","templated":true}]}}