{"id":5632,"date":"2024-05-26T22:08:25","date_gmt":"2024-05-26T20:08:25","guid":{"rendered":"https:\/\/mipcysumundo.com.co\/?post_type=product&#038;p=5632"},"modified":"2024-05-26T22:08:25","modified_gmt":"2024-05-26T20:08:25","slug":"cartucho-hp-670-y","status":"publish","type":"product","link":"https:\/\/mipcysumundo.com.co\/index.php\/producto\/cartucho-hp-670-y\/","title":{"rendered":"CARTUCHO HP 670 &#8211; Y"},"content":{"rendered":"<p>&#8220;Disfrute las ventajas de la calidad superior de HP a bajo costo. Produzca documentos, informes y cartas en colores intensos, mientras mantiene bajos los costos de impresi\u00f3n, utilizando cartuchos de tinta HP originales.<\/p>\n<p>Caracter\u00edsticas:<\/p>\n<p>Obtenga la calidad HP que conoce y en la que conf\u00eda. Imprima atractivos materiales de marketing y fotos resistentes al agua y a las manchas, y reduzca los costos de impresi\u00f3n con los cartuchos de tinta HP originales.<\/p>\n<p>Probado en la e-Todo-en-Uno HP Deskjet Ink Advantage 3525. Promedio aproximado basado en ISO\/IEC 24711 o en la metodolog\u00eda de prueba de HP e impresi\u00f3n continua. El rendimiento real var\u00eda considerablemente de acuerdo con el contenido de las p\u00e1ginas impresas y otros factores. Para ver m\u00e1s detalles, visite http:\/\/www.hp.com\/go\/learnaboutsupplies.<\/p>\n<p>Ahorra en papel, tinta y energ\u00eda con impresiones perfectas el 100% de las veces y dise\u00f1adas para rendir.<\/p>\n<p>Resistentes a la humedad y las salpicaduras, impresiones que no se corren o manchan.<\/p>\n<p>Tecnolog\u00eda anti-curvas, p\u00e1ginas m\u00e1s planas y secas al salir de tu impresora.<\/p>\n<p>Fotos y documentos que duran m\u00e1s de 50 a\u00f1os sin perder su color y calidad.<\/p>\n<p>Resultados superiores desde la primera a la \u00faltima p\u00e1gina, sin obstrucciones o impresiones con bandas.<\/p>\n<p>Impresi\u00f3n sustentable, los cartuchos originales HP son elaborados con hasta 50% de material reciclado.&#8221;<\/p>\n","protected":false},"excerpt":{"rendered":"<p>&#8220;Disfrute las ventajas de la calidad superior de HP a bajo costo. Produzca documentos, informes y cartas en colores intensos, mientras mantiene bajos los costos de impresi\u00f3n, utilizando cartuchos de<\/p>\n","protected":false},"featured_media":5633,"comment_status":"open","ping_status":"closed","template":"","meta":{"_acf_changed":false,"_joinchat":[]},"product_cat":[17],"product_tag":[],"acf":[],"jetpack_sharing_enabled":true,"_links":{"self":[{"href":"https:\/\/mipcysumundo.com.co\/index.php\/wp-json\/wp\/v2\/product\/5632"}],"collection":[{"href":"https:\/\/mipcysumundo.com.co\/index.php\/wp-json\/wp\/v2\/product"}],"about":[{"href":"https:\/\/mipcysumundo.com.co\/index.php\/wp-json\/wp\/v2\/types\/product"}],"replies":[{"embeddable":true,"href":"https:\/\/mipcysumundo.com.co\/index.php\/wp-json\/wp\/v2\/comments?post=5632"}],"wp:featuredmedia":[{"embeddable":true,"href":"https:\/\/mipcysumundo.com.co\/index.php\/wp-json\/wp\/v2\/media\/5633"}],"wp:attachment":[{"href":"https:\/\/mipcysumundo.com.co\/index.php\/wp-json\/wp\/v2\/media?parent=5632"}],"wp:term":[{"taxonomy":"product_cat","embeddable":true,"href":"https:\/\/mipcysumundo.com.co\/index.php\/wp-json\/wp\/v2\/product_cat?post=5632"},{"taxonomy":"product_tag","embeddable":true,"href":"https:\/\/mipcysumundo.com.co\/index.php\/wp-json\/wp\/v2\/product_tag?post=5632"}],"curies":[{"name":"wp","href":"https:\/\/api.w.org\/{rel}","templated":true}]}}