{"id":5636,"date":"2024-05-26T22:18:27","date_gmt":"2024-05-26T20:18:27","guid":{"rendered":"https:\/\/mipcysumundo.com.co\/?post_type=product&#038;p=5636"},"modified":"2024-05-26T22:18:27","modified_gmt":"2024-05-26T20:18:27","slug":"cartucho-hp-670-k-negro","status":"publish","type":"product","link":"https:\/\/mipcysumundo.com.co\/index.php\/producto\/cartucho-hp-670-k-negro\/","title":{"rendered":"CARTUCHO HP 670 &#8211; K   Negro"},"content":{"rendered":"<p>CARTUCHO HP ORIGINAL 670 CZ113AL NEGRO<\/p>\n<p>&nbsp;<\/p>\n<p><strong>IMPRESORAS COMPATIBLES<\/strong><\/p>\n<p>&nbsp;<\/p>\n<table class=\"column_specifications\">\n<tbody class=\"specs\">\n<tr class=\"ProductTitle\">\n<td class=\"undefined\">\n<div class=\"product_title\"><span class=\"prodname\">Impresora HP Deskjet Ink Advantage 3525 e-All-in-One<\/span><span class=\"prodname\">(CZ275A)<\/span><\/div>\n<\/td>\n<td class=\"undefined\">\n<div class=\"product_title\"><span class=\"prodname\">Impresora HP Deskjet Ink Advantage 4615 All-in-One<\/span><span class=\"prodname\">(CZ283A)<\/span><\/div>\n<\/td>\n<td class=\"undefined\">\n<div class=\"product_title\"><span class=\"prodname\">Impresora HP Deskjet Ink Advantage 4625 e-All-in-One<\/span><span class=\"prodname\">(CZ284A)<\/span><\/div>\n<\/td>\n<td class=\"undefined\">\n<div class=\"product_title\"><span class=\"prodname\">Impresora HP Deskjet Ink Advantage 5525 e-All-in-One<\/span><span class=\"prodname\">(CZ282A)<\/span><\/div>\n<\/td>\n<\/tr>\n<\/tbody>\n<\/table>\n<p>&nbsp;<\/p>\n<div class=\"features js_name_features js_content_window clearfix\">\n<div class=\"features js_name_features js_content_window clearfix\">\n<h2 class=\"group_head\">Descripci\u00f3n general<\/h2>\n<dl>\n<dd>Aproveche la calidad superior de HP a un bajo costo. Produzca documentos cotidianos de alta calidad con texto negro n\u00edtido y ahorre en costos de impresi\u00f3n con los cartuchos de tinta originales HP de alta capacidad opcionales.<a class=\"sup_linked sup_ovw\">1<\/a><\/dd>\n<\/dl>\n<h2 class=\"group_head\">Recursos<\/h2>\n<dl>\n<dd>La calidad de HP que conoce y conf\u00eda es ahora m\u00e1s accesible que nunca. Imprima atractivos materiales de marketing y fotos resistentes al agua y a manchas, y ahorre en impresi\u00f3n frecuente con los cartuchos de tinta HP originales de alta capacidad.<a class=\"sup_linked sup_ovw\">1<\/a><\/dd>\n<\/dl>\n<dl>\n<dd>Conf\u00ede en los cartuchos de tinta HP originales que ofrecen resultados excelentes. Los nuevos cartuchos de tinta HP originales son dise\u00f1ados para no presentar defectos de materiales, formulados para evitar da\u00f1os a los cabezales de impresi\u00f3n y est\u00e1n preparados para acoplarse inmediatamente.<\/dd>\n<\/dl>\n<dl>\n<dd>Imprima lo que necesite para tener \u00e9xito mientras reduce su impacto medioambiental. Obtenga reciclaje de cartuchos f\u00e1cil y gratuito a trav\u00e9s de HP Planet Partners.<a class=\"sup_linked sup_ovw\">4<\/a><a class=\"sup_linked sup_ovw\">5<\/a><\/dd>\n<\/dl>\n<\/div>\n<div class=\"js_prog_disc\">\n<div class=\"left prg_dsc_wrapper\">\n<dl class=\"js_prg_dsc_prd_root prg_dsc_prd prog-disc\">\n<dt class=\"prog-disc-item-header\"><\/dt>\n<\/dl>\n<h2 class=\"group_head\">Especificaciones<\/h2>\n<dl>\n<dt>Color(es) de consumibles de impresi\u00f3n<\/dt>\n<dd>Negro<\/dd>\n<\/dl>\n<dl>\n<dt>Gota de tinta<\/dt>\n<dd>14 pl<\/dd>\n<\/dl>\n<dl>\n<dt>Tipos de tinta<\/dt>\n<dd>\n<ul class=\"nobullet\">\n<li>Con base de pigmento<\/li>\n<\/ul>\n<\/dd>\n<\/dl>\n<dl>\n<dt>Rendimiento de la p\u00e1gina (blanco y negro)<\/dt>\n<dd>~550 p\u00e1ginas<\/dd>\n<\/dl>\n<dl>\n<dt>Nota a pie de p\u00e1gina sobre el rendimiento de p\u00e1ginas<\/dt>\n<dd>Probado en la e-Todo-en-Uno HP Deskjet Ink Advantage 3525. Promedio aproximado basado en ISO\/IEC 24711 o en la metodolog\u00eda de prueba de HP e impresi\u00f3n continua.\u00a0El rendimiento real var\u00eda considerablemente de acuerdo con el contenido de las p\u00e1ginas impresas y otros factores. Para ver m\u00e1s detalles, visite http:\/\/www.hp.com\/go\/learnaboutsupplies.<\/dd>\n<\/dl>\n<\/div>\n<\/div>\n<\/div>\n","protected":false},"excerpt":{"rendered":"<p>CARTUCHO HP ORIGINAL 670 CZ113AL NEGRO &nbsp; IMPRESORAS COMPATIBLES &nbsp; Impresora HP Deskjet Ink Advantage 3525 e-All-in-One(CZ275A) Impresora HP Deskjet Ink Advantage 4615 All-in-One(CZ283A) Impresora HP Deskjet Ink Advantage 4625<\/p>\n","protected":false},"featured_media":5637,"comment_status":"open","ping_status":"closed","template":"","meta":{"_acf_changed":false,"_joinchat":[]},"product_cat":[17],"product_tag":[],"acf":[],"jetpack_sharing_enabled":true,"_links":{"self":[{"href":"https:\/\/mipcysumundo.com.co\/index.php\/wp-json\/wp\/v2\/product\/5636"}],"collection":[{"href":"https:\/\/mipcysumundo.com.co\/index.php\/wp-json\/wp\/v2\/product"}],"about":[{"href":"https:\/\/mipcysumundo.com.co\/index.php\/wp-json\/wp\/v2\/types\/product"}],"replies":[{"embeddable":true,"href":"https:\/\/mipcysumundo.com.co\/index.php\/wp-json\/wp\/v2\/comments?post=5636"}],"wp:featuredmedia":[{"embeddable":true,"href":"https:\/\/mipcysumundo.com.co\/index.php\/wp-json\/wp\/v2\/media\/5637"}],"wp:attachment":[{"href":"https:\/\/mipcysumundo.com.co\/index.php\/wp-json\/wp\/v2\/media?parent=5636"}],"wp:term":[{"taxonomy":"product_cat","embeddable":true,"href":"https:\/\/mipcysumundo.com.co\/index.php\/wp-json\/wp\/v2\/product_cat?post=5636"},{"taxonomy":"product_tag","embeddable":true,"href":"https:\/\/mipcysumundo.com.co\/index.php\/wp-json\/wp\/v2\/product_tag?post=5636"}],"curies":[{"name":"wp","href":"https:\/\/api.w.org\/{rel}","templated":true}]}}