{"id":5659,"date":"2024-05-27T23:06:32","date_gmt":"2024-05-27T21:06:32","guid":{"rendered":"https:\/\/mipcysumundo.com.co\/?post_type=product&#038;p=5659"},"modified":"2024-05-27T23:07:46","modified_gmt":"2024-05-27T21:07:46","slug":"combo-teclado-inalambrico-tipo-mac-ctmijr-9","status":"publish","type":"product","link":"https:\/\/mipcysumundo.com.co\/index.php\/producto\/combo-teclado-inalambrico-tipo-mac-ctmijr-9\/","title":{"rendered":"COMBO TECLADO INALAMBRICO TIPO MAC CTMIJR 9"},"content":{"rendered":"<p>Combo inal\u00e1mbrico tipo MAC, mouse \u00f3ptico 5d (5 botones), dise\u00f1o elegante, base Luxury, delgado y de peso ligero, plug and play. Color negro y blanco<\/p>\n<p>&nbsp;<\/p>\n<table class=\"woocommerce-product-attributes shop_attributes\">\n<tbody>\n<tr class=\"woocommerce-product-attributes-item woocommerce-product-attributes-item--attribute_mouse\">\n<th class=\"woocommerce-product-attributes-item__label\">Mouse<\/th>\n<td class=\"woocommerce-product-attributes-item__value\">-Peso ligero<br \/>\n-5 Botones<br \/>\n-Delgado<br \/>\n-Wireless de 6 a 10 mt<br \/>\n-Sensor \u00f3ptico<\/td>\n<\/tr>\n<tr class=\"woocommerce-product-attributes-item woocommerce-product-attributes-item--attribute_teclado\">\n<th class=\"woocommerce-product-attributes-item__label\">Teclado<\/th>\n<td class=\"woocommerce-product-attributes-item__value\">-Base luxury<br \/>\n-5 Teclas multimedia<br \/>\n-Delgado<br \/>\n-Peso ligero<br \/>\n-Wireless de 6 a 10 mt<\/td>\n<\/tr>\n<tr class=\"woocommerce-product-attributes-item woocommerce-product-attributes-item--attribute_pa_color\">\n<th class=\"woocommerce-product-attributes-item__label\">Color<\/th>\n<td class=\"woocommerce-product-attributes-item__value\">Blanco, Negro<\/td>\n<\/tr>\n<\/tbody>\n<\/table>\n","protected":false},"excerpt":{"rendered":"<p>Combo inal\u00e1mbrico tipo MAC, mouse \u00f3ptico 5d (5 botones), dise\u00f1o elegante, base Luxury, delgado y de peso ligero, plug and play. Color negro y blanco &nbsp; Mouse -Peso ligero -5<\/p>\n","protected":false},"featured_media":5660,"comment_status":"open","ping_status":"closed","template":"","meta":{"_acf_changed":false,"_joinchat":[]},"product_cat":[15],"product_tag":[],"acf":[],"jetpack_sharing_enabled":true,"_links":{"self":[{"href":"https:\/\/mipcysumundo.com.co\/index.php\/wp-json\/wp\/v2\/product\/5659"}],"collection":[{"href":"https:\/\/mipcysumundo.com.co\/index.php\/wp-json\/wp\/v2\/product"}],"about":[{"href":"https:\/\/mipcysumundo.com.co\/index.php\/wp-json\/wp\/v2\/types\/product"}],"replies":[{"embeddable":true,"href":"https:\/\/mipcysumundo.com.co\/index.php\/wp-json\/wp\/v2\/comments?post=5659"}],"wp:featuredmedia":[{"embeddable":true,"href":"https:\/\/mipcysumundo.com.co\/index.php\/wp-json\/wp\/v2\/media\/5660"}],"wp:attachment":[{"href":"https:\/\/mipcysumundo.com.co\/index.php\/wp-json\/wp\/v2\/media?parent=5659"}],"wp:term":[{"taxonomy":"product_cat","embeddable":true,"href":"https:\/\/mipcysumundo.com.co\/index.php\/wp-json\/wp\/v2\/product_cat?post=5659"},{"taxonomy":"product_tag","embeddable":true,"href":"https:\/\/mipcysumundo.com.co\/index.php\/wp-json\/wp\/v2\/product_tag?post=5659"}],"curies":[{"name":"wp","href":"https:\/\/api.w.org\/{rel}","templated":true}]}}