{"id":5662,"date":"2024-05-27T23:12:57","date_gmt":"2024-05-27T21:12:57","guid":{"rendered":"https:\/\/mipcysumundo.com.co\/?post_type=product&#038;p=5662"},"modified":"2025-11-02T04:19:35","modified_gmt":"2025-11-02T03:19:35","slug":"combo-teclado-logitech-ianalambrico-mk220","status":"publish","type":"product","link":"https:\/\/mipcysumundo.com.co\/index.php\/producto\/combo-teclado-logitech-ianalambrico-mk220\/","title":{"rendered":"COMBO TECLADO LOGITECH IANALAMBRICO MK220"},"content":{"rendered":"<div class=\"cmp-accordion__item panel active open\" data-cmp-hook-accordion=\"item\" data-title=\"Especificaciones y detalles\" data-panel-name=\"custom-panel-name-0\">\n<div class=\"cmp-accordion__header panel-header\">\n<h2 class=\"tab-title\">Especificaciones y detalles<\/h2>\n<\/div>\n<div class=\"panel-content-wrapper\">\n<div class=\"cmp-accordion__panel cmp-accordion__panel--hidden panel-content \" role=\"region\" data-cmp-hook-accordion=\"panel\" aria-hidden=\"false\" aria-label=\"Especificaciones y detalles\">\n<div class=\"text-aem\">\n<div id=\"item_0\" class=\"body-copy aem-margin-options\">\n<div class=\"content-ctn aem-content-ctn rte-field \">\n<div class=\"aem-padding-options\" data-aem-id=\"buy-mk220-compact-keyboard-mouse-padding-options\">\n<h4 class=\"specs-heading\">Dimensiones<\/h4>\n<div class=\"specs-column\">\n<div class=\"specs-group\">\n<div class=\"specs-block\">\n<h5 class=\"specs-title\">Teclado<\/h5>\n<ul class=\"specs-description-list\">\n<li><strong>Altura<\/strong>: 112\u00a0mm<\/li>\n<li><strong>Ancho<\/strong>: 381 mm<\/li>\n<li><strong>Profundidad<\/strong>: 17,78 mm<\/li>\n<li><strong>Peso<\/strong>: 320 g<\/li>\n<\/ul>\n<\/div>\n<div class=\"specs-block\">\n<h5 class=\"specs-title\">Mouse<\/h5>\n<ul class=\"specs-description-list\">\n<li><strong>Altura<\/strong>: 107 mm<\/li>\n<li><strong>Ancho<\/strong>: 60 mm<\/li>\n<li><strong>Profundidad<\/strong>: 40 mm<\/li>\n<li><strong>Peso<\/strong>: 112 g<\/li>\n<\/ul>\n<\/div>\n<\/div>\n<\/div>\n<h4 class=\"specs-heading\">Especificaciones t\u00e9cnicas<\/h4>\n<div class=\"specs-column\">\n<div class=\"specs-group\">\n<div class=\"specs-block\">\n<div class=\"specs-description\"><strong>Radio de acci\u00f3n inal\u00e1mbrico<\/strong>: 10 metros\u00a0<a class=\"note note-tooltip js-note-tooltip pangea-inited pangea-component-top-element\"><sup aria-label=\"footnote 1\">1<\/sup><span class=\"visually-hidden js-tooltip-descriptor\" aria-hidden=\"true\">El radio de acci\u00f3n inal\u00e1mbrico depende de las condiciones del entorno y de los dispositivos.<\/span><\/a><\/div>\n<\/div>\n<div class=\"specs-block\">\n<h5 class=\"specs-title\">Teclado<\/h5>\n<ul class=\"specs-description-list\">\n<li>Teclado num\u00e9rico con 10 teclas<\/li>\n<li>Controles de m\u00fasica<\/li>\n<li>Hasta 5 millones de pulsaciones (excluida la tecla de bloque num\u00e9rico)<\/li>\n<li><strong>Tipo de teclas<\/strong>: Teclas c\u00f3ncavas<\/li>\n<li>Resistente a salpicaduras\u00a0<a class=\"note note-tooltip js-note-tooltip pangea-inited pangea-component-top-element\"><sup aria-label=\"footnote 2\">2<\/sup><span class=\"visually-hidden js-tooltip-descriptor\" aria-hidden=\"true\">Pruebas realizadas en condiciones limitadas (m\u00e1ximo de 60 ml de l\u00edquido). No sumerjas el teclado en ning\u00fan l\u00edquido.<\/span><\/a><\/li>\n<li>2 pilas AAA (pilas alcalinas)<\/li>\n<\/ul>\n<\/div>\n<div class=\"specs-block\">\n<h5 class=\"specs-title\">Mouse<\/h5>\n<ul class=\"specs-description-list\">\n<li><strong>Tecnolog\u00eda de sensor<\/strong>: Seguimiento \u00f3ptico uniforme<\/li>\n<li><strong>N\u00famero de botones<\/strong>: 3 (click izquierdo\/derecho, click de bot\u00f3n central)<\/li>\n<li><strong>Desplazamiento<\/strong>: l\u00ednea a l\u00ednea<\/li>\n<li><strong>Rueda de desplazamiento<\/strong>: S\u00ed, \u00f3ptico<\/li>\n<li>2 bater\u00edas AA (alcalinas)<\/li>\n<\/ul>\n<\/div>\n<div class=\"specs-block\">\n<h5 class=\"specs-title\">Sostenibilidad<\/h5>\n<ul class=\"specs-description-list\">\n<li><strong>Pl\u00e1stico del mouse<\/strong>: 66% de material reciclado posconsumo\u00a0<a class=\"note note-tooltip js-note-tooltip pangea-inited pangea-component-top-element\"><sup aria-label=\"footnote 3\">3<\/sup><span class=\"visually-hidden js-tooltip-descriptor\" aria-hidden=\"true\">Excluye pl\u00e1stico del empaque.<\/span><\/a><\/li>\n<li><strong>Pl\u00e1stico del teclado<\/strong>: 44% de material reciclado posconsumo\u00a0<a class=\"note note-tooltip js-note-tooltip pangea-inited pangea-component-top-element\"><sup aria-label=\"footnote 4\">4<\/sup><span class=\"visually-hidden js-tooltip-descriptor\" aria-hidden=\"true\">Excluye pl\u00e1stico del empaque.<\/span><\/a><\/li>\n<li><strong>Pl\u00e1stico del receptor<\/strong>: 75% de material reciclado posconsumo\u00a0<a class=\"note note-tooltip js-note-tooltip pangea-inited pangea-component-top-element\"><sup aria-label=\"footnote 5\">5<\/sup><span class=\"visually-hidden js-tooltip-descriptor\" aria-hidden=\"true\">Excluye pl\u00e1stico del empaque.<\/span><\/a><\/li>\n<\/ul>\n<\/div>\n<div class=\"specs-block\">\n<div class=\"specs-description\"><strong>Huella de carbono del producto<\/strong>: 5,72 kg de CO2e<\/div>\n<\/div>\n<div class=\"specs-block\">\n<div class=\"specs-description\">Con certificaci\u00f3n de carbono neutral<\/div>\n<\/div>\n<\/div>\n<\/div>\n<div class=\"specs-column\">\n<div class=\"specs-group\">\n<header class=\"specs-header\">\n<h4 class=\"specs-heading\">Informaci\u00f3n de garant\u00eda<\/h4>\n<\/header>\n<div class=\"specs-block\">\n<div class=\"specs-description\">Tres a\u00f1os de garant\u00eda de hardware limitada.<\/div>\n<\/div>\n<\/div>\n<\/div>\n<div class=\"specs-column\">\n<div class=\"specs-group\">\n<header class=\"specs-header\">\n<h4 class=\"specs-heading\">N\u00famero de referencia<\/h4>\n<\/header>\n<div class=\"specs-block\">\n<ul class=\"specs-description-list\">\n<li>920-004430<\/li>\n<\/ul>\n<\/div>\n<\/div>\n<\/div>\n<\/div>\n<\/div>\n<\/div>\n<\/div>\n<\/div>\n<\/div>\n<\/div>\n<div class=\"cmp-accordion__item panel open\" data-cmp-hook-accordion=\"item\" data-title=\"Compatibilidad\" data-panel-name=\"custom-panel-name-1\">\n<div class=\"cmp-accordion__header panel-header\">\n<div class=\"tab-title\">Compatibilidad<\/div>\n<\/div>\n<div class=\"panel-content-wrapper\">\n<div class=\"cmp-accordion__panel cmp-accordion__panel--hidden panel-content\" role=\"region\" data-cmp-hook-accordion=\"panel\" aria-hidden=\"false\" aria-label=\"Compatibilidad\">\n<div class=\"text-aem\">\n<div id=\"item_1\" class=\"body-copy aem-margin-options\">\n<div class=\"content-ctn aem-content-ctn rte-field \">\n<div class=\"aem-padding-options\" data-aem-id=\"-padding-options\">\n<div class=\"specs-column\">\n<div class=\"specs-group\">\n<div class=\"specs-block\">\n<div class=\"specs-description\">Windows\u00ae\ufe0e 10,11 o posterior<\/div>\n<\/div>\n<div class=\"specs-block\">\n<div class=\"specs-description\">Chrome OS\u2122<\/div>\n<\/div>\n<div class=\"specs-block\">\n<div class=\"specs-description\">Un puerto USB disponible<\/div>\n<\/div>\n<\/div>\n<\/div>\n<\/div>\n<\/div>\n<\/div>\n<\/div>\n<\/div>\n<\/div>\n<\/div>\n<div class=\"cmp-accordion__item panel open\" data-cmp-hook-accordion=\"item\" data-title=\"En la caja\" data-panel-name=\"custom-panel-name-2\">\n<div class=\"cmp-accordion__header panel-header\">\n<div class=\"tab-title\">En la caja<\/div>\n<\/div>\n<div class=\"panel-content-wrapper\">\n<div class=\"cmp-accordion__panel cmp-accordion__panel--hidden panel-content\" role=\"region\" data-cmp-hook-accordion=\"panel\" aria-hidden=\"false\" aria-label=\"En la caja\">\n<div class=\"text-aem\">\n<div id=\"item_2\" class=\"body-copy aem-margin-options\">\n<div class=\"content-ctn aem-content-ctn rte-field \">\n<div class=\"aem-padding-options\" data-aem-id=\"-padding-options\">\n<div class=\"specs-column\">\n<div class=\"specs-group\">\n<div class=\"specs-block\">\n<h5 class=\"specs-title\"><\/h5>\n<ul class=\"specs-description-list\">\n<li>Teclado con 2 bater\u00edas AAA<\/li>\n<li>Mouse con 2 bater\u00edas AA<\/li>\n<li>Receptor USB<\/li>\n<li>Documentaci\u00f3n del usuario<\/li>\n<\/ul>\n<\/div>\n<\/div>\n<\/div>\n<\/div>\n<\/div>\n<\/div>\n<\/div>\n<\/div>\n<\/div>\n<\/div>\n","protected":false},"excerpt":{"rendered":"<p>Disfruta de la libertad de la conexi\u00f3n inal\u00e1mbrica con este combo vers\u00e1til. El teclado compacto est\u00e1 equipado con un teclado num\u00e9rico que resulta ideal para ingresar datos, realizar c\u00e1lculos y navegar, para una mayor productividad con menos espacio. El mouse ambidiestro ofrece un seguimiento y desplazamiento suaves, para una f\u00e1cil navegaci\u00f3n ya sea en casa o en el trabajo.<\/p>\n","protected":false},"featured_media":5663,"comment_status":"open","ping_status":"closed","template":"","meta":{"_acf_changed":false,"_joinchat":[]},"product_cat":[15],"product_tag":[],"acf":[],"jetpack_sharing_enabled":true,"_links":{"self":[{"href":"https:\/\/mipcysumundo.com.co\/index.php\/wp-json\/wp\/v2\/product\/5662"}],"collection":[{"href":"https:\/\/mipcysumundo.com.co\/index.php\/wp-json\/wp\/v2\/product"}],"about":[{"href":"https:\/\/mipcysumundo.com.co\/index.php\/wp-json\/wp\/v2\/types\/product"}],"replies":[{"embeddable":true,"href":"https:\/\/mipcysumundo.com.co\/index.php\/wp-json\/wp\/v2\/comments?post=5662"}],"wp:featuredmedia":[{"embeddable":true,"href":"https:\/\/mipcysumundo.com.co\/index.php\/wp-json\/wp\/v2\/media\/5663"}],"wp:attachment":[{"href":"https:\/\/mipcysumundo.com.co\/index.php\/wp-json\/wp\/v2\/media?parent=5662"}],"wp:term":[{"taxonomy":"product_cat","embeddable":true,"href":"https:\/\/mipcysumundo.com.co\/index.php\/wp-json\/wp\/v2\/product_cat?post=5662"},{"taxonomy":"product_tag","embeddable":true,"href":"https:\/\/mipcysumundo.com.co\/index.php\/wp-json\/wp\/v2\/product_tag?post=5662"}],"curies":[{"name":"wp","href":"https:\/\/api.w.org\/{rel}","templated":true}]}}