{"id":5674,"date":"2024-05-27T23:37:21","date_gmt":"2024-05-27T21:37:21","guid":{"rendered":"https:\/\/mipcysumundo.com.co\/?post_type=product&#038;p=5674"},"modified":"2025-09-21T10:54:02","modified_gmt":"2025-09-21T08:54:02","slug":"computador-portatil-dell-inspiron-15-3520-intel-core-i5-1235u-8gb-ddr4-512gb-ssd-pantalla-156-fhd-hdmi-windows-11-platinum-silver","status":"publish","type":"product","link":"https:\/\/mipcysumundo.com.co\/index.php\/producto\/computador-portatil-dell-inspiron-15-3520-intel-core-i5-1235u-8gb-ddr4-512gb-ssd-pantalla-156-fhd-hdmi-windows-11-platinum-silver\/","title":{"rendered":"COMPUTADOR PORTATIL &#8211; DELL INSPIRON 15 3520 &#8211; INTEL CORE I5 1235U &#8211; 8GB DDR4 &#8211; 512GB SSD &#8211; PANTALLA 15,6&#8243; FHD &#8211; HDMI &#8211; WINDOWS 11 &#8211; PLATINUM SILVER"},"content":{"rendered":"<p>El port\u00e1til Dell Intel Core i5 Inspiron 15 3520 est\u00e1 dise\u00f1ada para mantenerte conectado, alimentado por los \u00faltimos procesadores Intel. Este port\u00e1til est\u00e1 delineado pensando en ti y el medio ambiente, utilizando pl\u00e1sticos reciclados. Adem\u00e1s, est\u00e1 certificado Energy Star 8.0 y construido con un dise\u00f1o ergon\u00f3mico de bisagra de elevaci\u00f3n para mantenerte c\u00f3modamente conectado todo el d\u00eda.<\/p>\n<h4><strong>Viaje ligero<\/strong><\/h4>\n<p>Aproximadamente un 11.88 % m\u00e1s liviana que su generaci\u00f3n anterior, la Inspiron 15 3000 est\u00e1 lista para usarse dondequiera que est\u00e9.<\/p>\n<h4><strong>Mejor visualizaci\u00f3n<\/strong><\/h4>\n<p>Disfrute de m\u00e1s pantalla con bordes estrechos de dos lados que permiten una experiencia de visualizaci\u00f3n expansiva. Revestida en bordes delgados y elegantes, una pantalla HD o FHD antirreflejo ofrece una imagen clara y brillante que es agradable a la vista.<\/p>\n<p>&nbsp;<\/p>\n<h4>Especificaciones<\/h4>\n<ul>\n<li><strong>Portatil Dell Intel Core i5 Inspiron 15 3520<\/strong><\/li>\n<li><strong>Procesador Intel Core I5 1235U<\/strong><\/li>\n<li><strong>Disco Solido: 256GB<\/strong><\/li>\n<li><strong>Ram:\u00a08GB DDR4<\/strong><\/li>\n<li><strong>Pantalla: 15\u20336 FHD<\/strong><\/li>\n<li><strong>Puertos: 2x USB 2.0 Type-A \u2013 1x USB 3.2 Gen 1 Type-A \u2013 1x USB 3.2 Gen<\/strong><\/li>\n<li><strong>1x HDMI 1.4 \u2013<\/strong><\/li>\n<li><strong>Micro SD card reader<\/strong><\/li>\n<li><strong>Graficadora integrada\u00a0Intel<sup>\u00ae<\/sup>\u00a0UHD<\/strong><\/li>\n<li><strong>Bater\u00eda: 36WHrs, 3S1P, 3-cell Li-ion<\/strong><\/li>\n<li><strong>Wi-Fi 5(802.11ac)+Bluetooth 4.2 (Dual band) 2*2<\/strong><\/li>\n<li><strong>Peso: 2\u00a0 Kg<\/strong><\/li>\n<li><strong>Color: Negro<\/strong><\/li>\n<li><strong>N\/P:\u00a0C3VHY<\/strong><\/li>\n<\/ul>\n","protected":false},"excerpt":{"rendered":"<p>Modelo: Inspiron 15 3520<\/p>\n<p>Procesador: Intel Core i5 1235U<\/p>\n<p>Memoria Ram: 8 GB DDR4 3200 MHz<\/p>\n<p>Almacenamiento: SSD PCIe NVMe M.2 de 512GB<\/p>\n<p>Pantalla: 15.6\u2033 FHD (1920\u00d71080)<\/p>\n","protected":false},"featured_media":5675,"comment_status":"open","ping_status":"closed","template":"","meta":{"_acf_changed":false,"_joinchat":[]},"product_cat":[15],"product_tag":[],"acf":[],"jetpack_sharing_enabled":true,"_links":{"self":[{"href":"https:\/\/mipcysumundo.com.co\/index.php\/wp-json\/wp\/v2\/product\/5674"}],"collection":[{"href":"https:\/\/mipcysumundo.com.co\/index.php\/wp-json\/wp\/v2\/product"}],"about":[{"href":"https:\/\/mipcysumundo.com.co\/index.php\/wp-json\/wp\/v2\/types\/product"}],"replies":[{"embeddable":true,"href":"https:\/\/mipcysumundo.com.co\/index.php\/wp-json\/wp\/v2\/comments?post=5674"}],"wp:featuredmedia":[{"embeddable":true,"href":"https:\/\/mipcysumundo.com.co\/index.php\/wp-json\/wp\/v2\/media\/5675"}],"wp:attachment":[{"href":"https:\/\/mipcysumundo.com.co\/index.php\/wp-json\/wp\/v2\/media?parent=5674"}],"wp:term":[{"taxonomy":"product_cat","embeddable":true,"href":"https:\/\/mipcysumundo.com.co\/index.php\/wp-json\/wp\/v2\/product_cat?post=5674"},{"taxonomy":"product_tag","embeddable":true,"href":"https:\/\/mipcysumundo.com.co\/index.php\/wp-json\/wp\/v2\/product_tag?post=5674"}],"curies":[{"name":"wp","href":"https:\/\/api.w.org\/{rel}","templated":true}]}}