{"id":5681,"date":"2024-06-03T03:19:20","date_gmt":"2024-06-03T01:19:20","guid":{"rendered":"https:\/\/mipcysumundo.com.co\/?post_type=product&#038;p=5681"},"modified":"2024-06-03T03:24:50","modified_gmt":"2024-06-03T01:24:50","slug":"computador-portatil-lenovo-loq-15iph8-intel-core-i5-12450h-20g-ssd-512gb-8-ram-ddr5-tv-rtx-2050-156","status":"publish","type":"product","link":"https:\/\/mipcysumundo.com.co\/index.php\/producto\/computador-portatil-lenovo-loq-15iph8-intel-core-i5-12450h-20g-ssd-512gb-8-ram-ddr5-tv-rtx-2050-156\/","title":{"rendered":"COMPUTADOR PORTATIL LENOVO LOQ 15IPH8  &#8211;  INTEL CORE I5 12450H 2,0G &#8211; SSD 512GB -8 RAM DDR5 &#8211; TV RTX 2050 15,6&#8243;"},"content":{"rendered":"<div class=\"new-container__titles alkosto-title\">\n<h1 class=\"js-subtitle-pdp\">Especificaciones<\/h1>\n<\/div>\n<div class=\"new-container__table__classifications--desktop\">\n<div class=\"new-container__table__classifications___type__wrap\">\n<h2 class=\"new-container__table__classifications___type__title\">Almacenamiento y Procesamiento<\/h2>\n<div class=\"new-container__table__classifications___type \">\n<div class=\"new-container__table__classifications___type__item\">Memoria RAM8 GB<\/div>\n<div class=\"new-container__table__classifications___type__item_feature\">Tipos de Discos que Incluye<\/div>\n<div class=\"new-container__table__classifications___type__item_result\">Disco Estado Solido (SSD)<\/div>\n<div class=\"new-container__table__classifications___type__item_feature\">Marca del Procesador<\/div>\n<div class=\"new-container__table__classifications___type__item_result\">INTEL<\/div>\n<div class=\"new-container__table__classifications___type__item_feature\">Modelo del Procesador<\/div>\n<div class=\"new-container__table__classifications___type__item_result\">12450H<\/div>\n<div class=\"new-container__table__classifications___type__item_feature\">Marca Tarjeta de Video\/Grafica<\/div>\n<div class=\"new-container__table__classifications___type__item_result\">NVIDIA<\/div>\n<div class=\"new-container__table__classifications___type__item_feature\">Modelo Tarjeta de Video\/Grafica<\/div>\n<div class=\"new-container__table__classifications___type__item_result\">4GB GDDR6<\/div>\n<div class=\"new-container__table__classifications___type__item_feature\">Procesador<\/div>\n<div class=\"new-container__table__classifications___type__item_result\">Intel Core I5<\/div>\n<div class=\"new-container__table__classifications___type__item_feature\">Tarjeta Grafica<\/div>\n<div class=\"new-container__table__classifications___type__item_result\">GeForce\u00ae RTX 2050<\/div>\n<div class=\"new-container__table__classifications___type__item_feature\">Capacidad de Disco<\/div>\n<div class=\"new-container__table__classifications___type__item_result\">Estado Solido SSD 512 GB<\/div>\n<div class=\"new-container__table__classifications___type__item_feature\">Sistema Operativo<\/div>\n<div class=\"new-container__table__classifications___type__item_result\">Windows<\/div>\n<div class=\"new-container__table__classifications___type__item_feature\">Version Sistema Operativo<\/div>\n<div class=\"new-container__table__classifications___type__item_result\">11 Home S.L<\/div>\n<div class=\"new-container__table__classifications___type__item_feature\">Velocidad del Procesador<\/div>\n<div class=\"new-container__table__classifications___type__item_result\">(4P + 4E) \/ 12T, P-core 2.0 \/ 4.4GHz, E-core 1.5 \/ 3.3GHz, 12MB<\/div>\n<div class=\"new-container__table__classifications___type__item\">Nucleos del Procesador8\u00a0 Nucleos<\/div>\n<div class=\"new-container__table__classifications___type__item new-container__table__classifications___type__item--void\">\n<div><\/div>\n<\/div>\n<\/div>\n<\/div>\n<div class=\"new-container__table__classifications___type__wrap\">\n<div class=\"new-container__table__classifications___type \">\n<div class=\"new-container__table__classifications___type__item new-container__table__classifications___type__item--void\"><\/div>\n<\/div>\n<\/div>\n<\/div>\n","protected":false},"excerpt":{"rendered":"<p>Con LOQ &#8211; LENOVO Gaming es hora de llevar su experiencia de juego m\u00e1s all\u00e1 del \u00e1mbito de normal, destacara entre su c\u00edrculo de juegos, proyecta una confianza serena con im\u00e1genes n\u00edtidas y una jugabilidad fluida que se mantiene fresca ya que cuenta con un sistema t\u00e9rmico perfecto para soportar altas temperaturas mientras vives una experiencia de juego m\u00e1s silenciosa. Adem\u00e1s, cuenta con la funci\u00f3n Q Control, que permite a los usuarios ajustar la velocidad del ventilador del modo silencioso al modo equilibrado, asegur\u00e1ndote que disfrutes de tus juegos favoritos como nunca, lleva el tuyo ahora<\/p>\n","protected":false},"featured_media":5682,"comment_status":"open","ping_status":"closed","template":"","meta":{"_acf_changed":false,"_joinchat":[]},"product_cat":[15],"product_tag":[],"acf":[],"jetpack_sharing_enabled":true,"_links":{"self":[{"href":"https:\/\/mipcysumundo.com.co\/index.php\/wp-json\/wp\/v2\/product\/5681"}],"collection":[{"href":"https:\/\/mipcysumundo.com.co\/index.php\/wp-json\/wp\/v2\/product"}],"about":[{"href":"https:\/\/mipcysumundo.com.co\/index.php\/wp-json\/wp\/v2\/types\/product"}],"replies":[{"embeddable":true,"href":"https:\/\/mipcysumundo.com.co\/index.php\/wp-json\/wp\/v2\/comments?post=5681"}],"wp:featuredmedia":[{"embeddable":true,"href":"https:\/\/mipcysumundo.com.co\/index.php\/wp-json\/wp\/v2\/media\/5682"}],"wp:attachment":[{"href":"https:\/\/mipcysumundo.com.co\/index.php\/wp-json\/wp\/v2\/media?parent=5681"}],"wp:term":[{"taxonomy":"product_cat","embeddable":true,"href":"https:\/\/mipcysumundo.com.co\/index.php\/wp-json\/wp\/v2\/product_cat?post=5681"},{"taxonomy":"product_tag","embeddable":true,"href":"https:\/\/mipcysumundo.com.co\/index.php\/wp-json\/wp\/v2\/product_tag?post=5681"}],"curies":[{"name":"wp","href":"https:\/\/api.w.org\/{rel}","templated":true}]}}