{"id":5691,"date":"2024-06-03T03:25:45","date_gmt":"2024-06-03T01:25:45","guid":{"rendered":"https:\/\/mipcysumundo.com.co\/?post_type=product&#038;p=5691"},"modified":"2026-04-23T03:02:47","modified_gmt":"2026-04-23T01:02:47","slug":"computador-portatil-lenovo-v14-g3-iap-intel-core-i3","status":"publish","type":"product","link":"https:\/\/mipcysumundo.com.co\/index.php\/producto\/computador-portatil-lenovo-v14-g3-iap-intel-core-i3\/","title":{"rendered":"COMPUTADOR PORTATIL LENOVO V14 G3 IAP &#8211; INTEL CORE I3"},"content":{"rendered":"<h4><strong>Pantalla con gran impacto visual<\/strong><\/h4>\n<p>Su pantalla de 14\u2033 Full HD (1920\u00d71080) de resoluci\u00f3n te brindar\u00e1 colores m\u00e1s vivos y definidos. Tus pel\u00edculas y series preferidas cobrar\u00e1n vida, ya que ganar\u00e1n calidad y definici\u00f3n en cada detalle.<\/p>\n<h4><strong>Eficiencia a tu alcance<\/strong><\/h4>\n<p>Su procesador\u00a0<strong>Intel Core i3 1215U\u00a0<\/strong>de 6 n\u00facleos, te permitir\u00e1 ejecutar programas variados y procesos indispensables para desenvolverte en el d\u00eda a d\u00eda, ya sea en tu trabajo o en los momentos de ocio en tu hogar.<\/p>\n<h4><strong>Potente disco s\u00f3lido<\/strong><\/h4>\n<p>El disco s\u00f3lido de 256 GB hace que el equipo funcione a gran velocidad y por lo tanto te brinda mayor agilidad para operar con diversos programas.<\/p>\n<p>&nbsp;<\/p>\n<h4><strong>Especificaciones<\/strong><\/h4>\n<ul>\n<li><strong>Port\u00e1til Lenovo Intel Core i3 V14 G3 IAP<\/strong><\/li>\n<li>Procesador: Intel Core i3 1215U de 6 n\u00facleos \/ 8 HILOS 3.3 \/ 4.4 GHz<\/li>\n<li>Memoria RAM: 8GB DDR4 SO-DIMM<\/li>\n<li>Almacenamiento: SSD PCIe NVMe M.2 de 256GB<\/li>\n<li>Tarjeta de v\u00eddeo: Intel UHD Graphics<\/li>\n<li>Pantalla: Pantalla 14\u2033 FHD (1920\u00d71080) \u00a0antirreflejos, retroiluminaci\u00f3n LED, 220 nits<\/li>\n<li>C\u00e1mara: Camara HD 720p con microfono<\/li>\n<li>Sistema Operativo: FREE-DOS<\/li>\n<li>Puertos:<br \/>\n\u2013 1 USB 2.0<br \/>\n\u2013 2 USB 3.1 Gen 1<br \/>\n\u2013 HDMI<br \/>\n\u2013 Ethernet (RJ-45)<\/li>\n<li>Dimensiones:<br \/>\n324.2 x 215.2 x 19.9 mm (12.76 x 8.47 x 0.78 inches)<\/li>\n<li>Peso: 2.17 KG<\/li>\n<li>Audio y parlantes:<br \/>\nAudio de alta definici\u00f3n (HD), Realtek<br \/>\nAltavoces est\u00e9reo, 1,5 W x2, Dolby Audio<\/li>\n<li>Teclado: Antiderrame de l\u00edquidos y Mouse Touchpad de una sola pieza<\/li>\n<li>Conectividad: Wi-Fi 6, 802.11ax 2\u00d72 Wi-Fi + Bluetooth 5.1<\/li>\n<li>N\/P:\u00a0<strong>82TS00DNLM<\/strong><\/li>\n<\/ul>\n","protected":false},"excerpt":{"rendered":"<p>Dise\u00f1ada para integrarse en cualquier lugar, el\u00a0<strong>port\u00e1til Lenovo Intel Core i3 V14\u00a0<\/strong>ya sea que est\u00e9s en la oficina, con un cliente o trabajando desde un caf\u00e9, la laptop Lenovo V14 (Intel) le da un aspecto premium en todo lo que haces con una pantalla FHD (1920\u00d71080) de 14\u201d para una experiencia visual mejor y m\u00e1s clara. Potenciada por el procesamiento Intel, la laptop Lenovo V14 te permite llevar a cabo cualquier tarea. Con almacenamiento de SSD 256GB y con tarjeta grafica integrada.<\/p>\n","protected":false},"featured_media":5692,"comment_status":"open","ping_status":"closed","template":"","meta":{"_acf_changed":false,"_joinchat":[]},"product_cat":[15],"product_tag":[],"acf":[],"jetpack_sharing_enabled":true,"_links":{"self":[{"href":"https:\/\/mipcysumundo.com.co\/index.php\/wp-json\/wp\/v2\/product\/5691"}],"collection":[{"href":"https:\/\/mipcysumundo.com.co\/index.php\/wp-json\/wp\/v2\/product"}],"about":[{"href":"https:\/\/mipcysumundo.com.co\/index.php\/wp-json\/wp\/v2\/types\/product"}],"replies":[{"embeddable":true,"href":"https:\/\/mipcysumundo.com.co\/index.php\/wp-json\/wp\/v2\/comments?post=5691"}],"wp:featuredmedia":[{"embeddable":true,"href":"https:\/\/mipcysumundo.com.co\/index.php\/wp-json\/wp\/v2\/media\/5692"}],"wp:attachment":[{"href":"https:\/\/mipcysumundo.com.co\/index.php\/wp-json\/wp\/v2\/media?parent=5691"}],"wp:term":[{"taxonomy":"product_cat","embeddable":true,"href":"https:\/\/mipcysumundo.com.co\/index.php\/wp-json\/wp\/v2\/product_cat?post=5691"},{"taxonomy":"product_tag","embeddable":true,"href":"https:\/\/mipcysumundo.com.co\/index.php\/wp-json\/wp\/v2\/product_tag?post=5691"}],"curies":[{"name":"wp","href":"https:\/\/api.w.org\/{rel}","templated":true}]}}