{"id":5703,"date":"2024-06-03T03:45:30","date_gmt":"2024-06-03T01:45:30","guid":{"rendered":"https:\/\/mipcysumundo.com.co\/?post_type=product&#038;p=5703"},"modified":"2026-02-27T02:41:29","modified_gmt":"2026-02-27T01:41:29","slug":"computador-todo-en-uno-lenovo-3-24ada6-amd-ryzen-3","status":"publish","type":"product","link":"https:\/\/mipcysumundo.com.co\/index.php\/producto\/computador-todo-en-uno-lenovo-3-24ada6-amd-ryzen-3\/","title":{"rendered":"COMPUTADOR TODO EN UNO LENOVO 3 24ADA6 &#8211; AMD RYZEN 3"},"content":{"rendered":"<div>Todo En Uno AIO<\/div>\n<div><b>IdeaCentre AIO 3 24ADA6<\/b><\/div>\n<div><\/div>\n<div>La computadora de escritorio all in one Lenovo IdeaCentre AIO 3 te ofrece un procesador AMD Ryzen con gr\u00e1ficos AMD Radeon integrados. Tambi\u00e9n ofrece una gran cantidad de puertos para todos los accesorios de tu PC. Adem\u00e1s de una opci\u00f3n de almacenamiento dual ultrarr\u00e1pido.<\/div>\n<div><\/div>\n<div>Perfecta para la diversi\u00f3n<\/div>\n<div>La elegante PC todo en uno Lenovo IdeaCentre AIO 3 reproduce sonidos a gran calidad gracias a sus altavoces con certificaci\u00f3n Harman Kardon que complementan a su espectacular pantalla FHD de 23.8&#8243;.<\/div>\n<div><\/div>\n<div>\n<div>========================================================<\/div>\n<div><\/div>\n<div>ESPECIFICACIONES<\/div>\n<div>Color Negro<\/div>\n<div>Modelo Ideacentre 3 24ADA6<\/div>\n<div>N\/P F0FX009CLD<\/div>\n<div>Marca Lenovo<\/div>\n<\/div>\n","protected":false},"excerpt":{"rendered":"<ul>\n<li>Elegante computadora de escritorio all in one de alto rendimiento<\/li>\n<li>Procesamiento hasta AMD Ryzen\u2122 7 con gr\u00e1ficos AMD Radeon integrados\u2122<\/li>\n<li>Pantalla de 23.8\u201d FHD, t\u00e1ctil opcional seg\u00fan el modelo<\/li>\n<li>Altavoces con certificaci\u00f3n Harman Kardon\u00ae<\/li>\n<li>Gran espacio de almacenamiento para fotos, canciones y pel\u00edculas<\/li>\n<\/ul>\n","protected":false},"featured_media":5704,"comment_status":"open","ping_status":"closed","template":"","meta":{"_acf_changed":false,"_joinchat":[]},"product_cat":[15],"product_tag":[],"acf":[],"jetpack_sharing_enabled":true,"_links":{"self":[{"href":"https:\/\/mipcysumundo.com.co\/index.php\/wp-json\/wp\/v2\/product\/5703"}],"collection":[{"href":"https:\/\/mipcysumundo.com.co\/index.php\/wp-json\/wp\/v2\/product"}],"about":[{"href":"https:\/\/mipcysumundo.com.co\/index.php\/wp-json\/wp\/v2\/types\/product"}],"replies":[{"embeddable":true,"href":"https:\/\/mipcysumundo.com.co\/index.php\/wp-json\/wp\/v2\/comments?post=5703"}],"wp:featuredmedia":[{"embeddable":true,"href":"https:\/\/mipcysumundo.com.co\/index.php\/wp-json\/wp\/v2\/media\/5704"}],"wp:attachment":[{"href":"https:\/\/mipcysumundo.com.co\/index.php\/wp-json\/wp\/v2\/media?parent=5703"}],"wp:term":[{"taxonomy":"product_cat","embeddable":true,"href":"https:\/\/mipcysumundo.com.co\/index.php\/wp-json\/wp\/v2\/product_cat?post=5703"},{"taxonomy":"product_tag","embeddable":true,"href":"https:\/\/mipcysumundo.com.co\/index.php\/wp-json\/wp\/v2\/product_tag?post=5703"}],"curies":[{"name":"wp","href":"https:\/\/api.w.org\/{rel}","templated":true}]}}