{"id":5708,"date":"2024-06-03T04:07:47","date_gmt":"2024-06-03T02:07:47","guid":{"rendered":"https:\/\/mipcysumundo.com.co\/?post_type=product&#038;p=5708"},"modified":"2026-04-12T09:14:58","modified_gmt":"2026-04-12T07:14:58","slug":"control-de-acceso-stand-alone-cx100-sat","status":"publish","type":"product","link":"https:\/\/mipcysumundo.com.co\/index.php\/producto\/control-de-acceso-stand-alone-cx100-sat\/","title":{"rendered":"CONTROL DE ACCESO STAND ALONE CX100 SAT"},"content":{"rendered":"<p>El Control de acceso con lector biom\u00e9trico SAT CX100, es un lector biom\u00e9trico compacto para control de acceso que incorpora un r\u00e1pido y preciso algoritmo de identificaci\u00f3n de huellas digitales. Est\u00e1 dise\u00f1ado para aplicaciones sencillas de control de acceso, soportando la conexi\u00f3n de una cerradura el\u00e9ctrica, bot\u00f3n de salida, sensor de puerta, salida de alarma y timbre.<\/p>\n<p>El CX100 es un lector biom\u00e9trico compacto para control de acceso que incorpora un r\u00e1pido y preciso algoritmo de identificaci\u00f3n de huellas digitales. Est\u00e1 dise\u00f1ado para aplicaciones sencillas de control de acceso, soportando la conexi\u00f3n de una cerradura el\u00e9ctrica, bot\u00f3n de salida, sensor de puerta, salida de alarma y timbre. Cuenta con lector de huellas digitales, lector de tarjetas ID y teclado.<\/p>\n","protected":false},"excerpt":{"rendered":"<div class=\"product attibute overview\">\n<div class=\"title\"><\/div>\n<div id=\"short_description_content\" class=\"value\">\n<p>El Control de acceso con lector biom\u00e9trico SAT CX100, Cuenta con lector de huellas digitales, lector de tarjetas ID y teclado.<\/p>\n<p>Dise\u00f1o compacto y resistente. Soporta huella, tarjeta y contrase\u00f1a. Identificaci\u00f3n de huellas en 1 segundo. Interfaz de Control de Acceso Cerradura El\u00e9ctrica, Bot\u00f3n de Salida, Sensor de Puerta, Alarma y timbre.<\/p>\n<\/div>\n<\/div>\n","protected":false},"featured_media":5709,"comment_status":"open","ping_status":"closed","template":"","meta":{"_acf_changed":false,"_joinchat":[]},"product_cat":[15],"product_tag":[],"acf":[],"jetpack_sharing_enabled":true,"_links":{"self":[{"href":"https:\/\/mipcysumundo.com.co\/index.php\/wp-json\/wp\/v2\/product\/5708"}],"collection":[{"href":"https:\/\/mipcysumundo.com.co\/index.php\/wp-json\/wp\/v2\/product"}],"about":[{"href":"https:\/\/mipcysumundo.com.co\/index.php\/wp-json\/wp\/v2\/types\/product"}],"replies":[{"embeddable":true,"href":"https:\/\/mipcysumundo.com.co\/index.php\/wp-json\/wp\/v2\/comments?post=5708"}],"wp:featuredmedia":[{"embeddable":true,"href":"https:\/\/mipcysumundo.com.co\/index.php\/wp-json\/wp\/v2\/media\/5709"}],"wp:attachment":[{"href":"https:\/\/mipcysumundo.com.co\/index.php\/wp-json\/wp\/v2\/media?parent=5708"}],"wp:term":[{"taxonomy":"product_cat","embeddable":true,"href":"https:\/\/mipcysumundo.com.co\/index.php\/wp-json\/wp\/v2\/product_cat?post=5708"},{"taxonomy":"product_tag","embeddable":true,"href":"https:\/\/mipcysumundo.com.co\/index.php\/wp-json\/wp\/v2\/product_tag?post=5708"}],"curies":[{"name":"wp","href":"https:\/\/api.w.org\/{rel}","templated":true}]}}