{"id":5722,"date":"2024-06-03T04:35:14","date_gmt":"2024-06-03T02:35:14","guid":{"rendered":"https:\/\/mipcysumundo.com.co\/?post_type=product&#038;p=5722"},"modified":"2024-06-03T04:35:14","modified_gmt":"2024-06-03T02:35:14","slug":"desoldador-ts-301-techman","status":"publish","type":"product","link":"https:\/\/mipcysumundo.com.co\/index.php\/producto\/desoldador-ts-301-techman\/","title":{"rendered":"DESOLDADOR TS-301 TECHMAN"},"content":{"rendered":"","protected":false},"excerpt":{"rendered":"<p><span lang=\"es\">Este extractor de esta\u00f1o est\u00e1 ensamblado con los mejores materiales, posee un resorte fuerte, succi\u00f3n de alta potencia, dise\u00f1ado para operar con una sola mano y es duradero e ideal para trabajos de limpieza de soldadura. Su forma de uso es bastante sencilla,\u00a0<\/span>se acerca la punta de la herramienta al lugar de donde se quiere aspirar el esta\u00f1o (previamente fundido con el soldador), y se presiona el bot\u00f3n lateral. Si no se consigue retirar todo el esta\u00f1o, hay que repetir esta operaci\u00f3n.<\/p>\n","protected":false},"featured_media":5723,"comment_status":"open","ping_status":"closed","template":"","meta":{"_acf_changed":false,"_joinchat":[]},"product_cat":[15],"product_tag":[],"acf":[],"jetpack_sharing_enabled":true,"_links":{"self":[{"href":"https:\/\/mipcysumundo.com.co\/index.php\/wp-json\/wp\/v2\/product\/5722"}],"collection":[{"href":"https:\/\/mipcysumundo.com.co\/index.php\/wp-json\/wp\/v2\/product"}],"about":[{"href":"https:\/\/mipcysumundo.com.co\/index.php\/wp-json\/wp\/v2\/types\/product"}],"replies":[{"embeddable":true,"href":"https:\/\/mipcysumundo.com.co\/index.php\/wp-json\/wp\/v2\/comments?post=5722"}],"wp:featuredmedia":[{"embeddable":true,"href":"https:\/\/mipcysumundo.com.co\/index.php\/wp-json\/wp\/v2\/media\/5723"}],"wp:attachment":[{"href":"https:\/\/mipcysumundo.com.co\/index.php\/wp-json\/wp\/v2\/media?parent=5722"}],"wp:term":[{"taxonomy":"product_cat","embeddable":true,"href":"https:\/\/mipcysumundo.com.co\/index.php\/wp-json\/wp\/v2\/product_cat?post=5722"},{"taxonomy":"product_tag","embeddable":true,"href":"https:\/\/mipcysumundo.com.co\/index.php\/wp-json\/wp\/v2\/product_tag?post=5722"}],"curies":[{"name":"wp","href":"https:\/\/api.w.org\/{rel}","templated":true}]}}