{"id":5726,"date":"2024-06-03T04:40:47","date_gmt":"2024-06-03T02:40:47","guid":{"rendered":"https:\/\/mipcysumundo.com.co\/?post_type=product&#038;p=5726"},"modified":"2024-06-03T04:40:47","modified_gmt":"2024-06-03T02:40:47","slug":"diadema-con-microfono-62-mv-jr","status":"publish","type":"product","link":"https:\/\/mipcysumundo.com.co\/index.php\/producto\/diadema-con-microfono-62-mv-jr\/","title":{"rendered":"DIADEMA CON MICROFONO 62 MV J&amp;R"},"content":{"rendered":"<table class=\"woocommerce-product-attributes shop_attributes\">\n<tbody>\n<tr class=\"woocommerce-product-attributes-item woocommerce-product-attributes-item--attribute_di%c3%a1metro-de-la-bocina\">\n<th class=\"woocommerce-product-attributes-item__label\">Di\u00e1metro de la bocina<\/th>\n<td class=\"woocommerce-product-attributes-item__value\">40mm.<\/td>\n<\/tr>\n<tr class=\"woocommerce-product-attributes-item woocommerce-product-attributes-item--attribute_frecuencia-de-la-bocina\">\n<th class=\"woocommerce-product-attributes-item__label\">Frecuencia de la bocina<\/th>\n<td class=\"woocommerce-product-attributes-item__value\">20 Hz-20 KHz<\/td>\n<\/tr>\n<tr class=\"woocommerce-product-attributes-item woocommerce-product-attributes-item--attribute_impedancia-de-la-bocina\">\n<th class=\"woocommerce-product-attributes-item__label\">Impedancia de la bocina<\/th>\n<td class=\"woocommerce-product-attributes-item__value\">32 Ohm.<\/td>\n<\/tr>\n<tr class=\"woocommerce-product-attributes-item woocommerce-product-attributes-item--attribute_sensibilidad-de-la-bocina\">\n<th class=\"woocommerce-product-attributes-item__label\">Sensibilidad de la bocina<\/th>\n<td class=\"woocommerce-product-attributes-item__value\">105dB +\/- 3dB.<\/td>\n<\/tr>\n<tr class=\"woocommerce-product-attributes-item woocommerce-product-attributes-item--attribute_micr%c3%b3fono\">\n<th class=\"woocommerce-product-attributes-item__label\">Micr\u00f3fono<\/th>\n<td class=\"woocommerce-product-attributes-item__value\">Incorporado<\/td>\n<\/tr>\n<tr class=\"woocommerce-product-attributes-item woocommerce-product-attributes-item--attribute_tipo-de-conexi%c3%b3n\">\n<th class=\"woocommerce-product-attributes-item__label\">Tipo de conexi\u00f3n<\/th>\n<td class=\"woocommerce-product-attributes-item__value\">3,5mm<\/td>\n<\/tr>\n<tr class=\"woocommerce-product-attributes-item woocommerce-product-attributes-item--attribute_longitud-del-cable\">\n<th class=\"woocommerce-product-attributes-item__label\">Longitud del cable<\/th>\n<td class=\"woocommerce-product-attributes-item__value\">1.2 m.<\/td>\n<\/tr>\n<tr class=\"woocommerce-product-attributes-item woocommerce-product-attributes-item--attribute_pa_color\">\n<th class=\"woocommerce-product-attributes-item__label\">Color<\/th>\n<td class=\"woocommerce-product-attributes-item__value\">Blanco, Negro<\/td>\n<\/tr>\n<\/tbody>\n<\/table>\n","protected":false},"excerpt":{"rendered":"<p>Diadema est\u00e9reo edici\u00f3n especial\u00a0<strong>\u201cBlack and White\u201d<\/strong>, dise\u00f1o exclusivo, elegante y c\u00f3modo de usar, almohadillas microperforadas para una mayor duraci\u00f3n, cuenta con micr\u00f3fono incorporado, conexi\u00f3n de un solo plug 3.5mm compatible con: PC, laptop, smartphone, PS4, Nintendo Switch y otros dispositivos, bot\u00f3n para contestar llamadas, dise\u00f1o vers\u00e1til y plegable para f\u00e1cil almacenamiento, color: negro o blanco.<\/p>\n","protected":false},"featured_media":5727,"comment_status":"open","ping_status":"closed","template":"","meta":{"_acf_changed":false,"_joinchat":[]},"product_cat":[15],"product_tag":[],"acf":[],"jetpack_sharing_enabled":true,"_links":{"self":[{"href":"https:\/\/mipcysumundo.com.co\/index.php\/wp-json\/wp\/v2\/product\/5726"}],"collection":[{"href":"https:\/\/mipcysumundo.com.co\/index.php\/wp-json\/wp\/v2\/product"}],"about":[{"href":"https:\/\/mipcysumundo.com.co\/index.php\/wp-json\/wp\/v2\/types\/product"}],"replies":[{"embeddable":true,"href":"https:\/\/mipcysumundo.com.co\/index.php\/wp-json\/wp\/v2\/comments?post=5726"}],"wp:featuredmedia":[{"embeddable":true,"href":"https:\/\/mipcysumundo.com.co\/index.php\/wp-json\/wp\/v2\/media\/5727"}],"wp:attachment":[{"href":"https:\/\/mipcysumundo.com.co\/index.php\/wp-json\/wp\/v2\/media?parent=5726"}],"wp:term":[{"taxonomy":"product_cat","embeddable":true,"href":"https:\/\/mipcysumundo.com.co\/index.php\/wp-json\/wp\/v2\/product_cat?post=5726"},{"taxonomy":"product_tag","embeddable":true,"href":"https:\/\/mipcysumundo.com.co\/index.php\/wp-json\/wp\/v2\/product_tag?post=5726"}],"curies":[{"name":"wp","href":"https:\/\/api.w.org\/{rel}","templated":true}]}}