{"id":5756,"date":"2024-06-06T19:03:34","date_gmt":"2024-06-06T17:03:34","guid":{"rendered":"https:\/\/mipcysumundo.com.co\/?post_type=product&#038;p=5756"},"modified":"2024-06-06T19:03:35","modified_gmt":"2024-06-06T17:03:35","slug":"diademas-akz-020-usb-plug-35mm","status":"publish","type":"product","link":"https:\/\/mipcysumundo.com.co\/index.php\/producto\/diademas-akz-020-usb-plug-35mm\/","title":{"rendered":"DIADEMAS AKZ-020 USB + PLUG 3,5mm"},"content":{"rendered":"","protected":false},"excerpt":{"rendered":"<p>Diadema al\u00e1mbrica para computador. Dise\u00f1o moderno y portable, con apariencia imponente y un sonido excepcional. Para que disfrutes escuchando tu m\u00fasica preferida, podcast, audio libro que m\u00e1s te guste, incluso hasta una buena pel\u00edcula. Tambi\u00e9n ideal para jugar alg\u00fan videojuego en el computador y hablar con tus amigos del juego.<\/p>\n<p>&#8212;<\/p>\n<p>Diadema al\u00e1mbrica con dise\u00f1o moderno y portable.<\/p>\n<p>Apariencia imponente.<\/p>\n<p>Calidad de sonido.<\/p>\n<p>C\u00f3modas almohadillas que a\u00edslan el sonido exterior.<\/p>\n<p>Las orejas de gato se pueden quitar.<\/p>\n<p>Sensibilidad: 115dB<\/p>\n<p>Frecuencia de respuesta: 20-20.000Hz Cable: 1,2 m \u00b1 0<\/p>\n<p>Tama\u00f1o de paquete \u00fanico: 11X11X5 cm<\/p>\n<p>Peso bruto \u00fanico: 0,800 kilogramos<\/p>\n","protected":false},"featured_media":5759,"comment_status":"open","ping_status":"closed","template":"","meta":{"_acf_changed":false,"_joinchat":[]},"product_cat":[247],"product_tag":[],"acf":[],"jetpack_sharing_enabled":true,"_links":{"self":[{"href":"https:\/\/mipcysumundo.com.co\/index.php\/wp-json\/wp\/v2\/product\/5756"}],"collection":[{"href":"https:\/\/mipcysumundo.com.co\/index.php\/wp-json\/wp\/v2\/product"}],"about":[{"href":"https:\/\/mipcysumundo.com.co\/index.php\/wp-json\/wp\/v2\/types\/product"}],"replies":[{"embeddable":true,"href":"https:\/\/mipcysumundo.com.co\/index.php\/wp-json\/wp\/v2\/comments?post=5756"}],"wp:featuredmedia":[{"embeddable":true,"href":"https:\/\/mipcysumundo.com.co\/index.php\/wp-json\/wp\/v2\/media\/5759"}],"wp:attachment":[{"href":"https:\/\/mipcysumundo.com.co\/index.php\/wp-json\/wp\/v2\/media?parent=5756"}],"wp:term":[{"taxonomy":"product_cat","embeddable":true,"href":"https:\/\/mipcysumundo.com.co\/index.php\/wp-json\/wp\/v2\/product_cat?post=5756"},{"taxonomy":"product_tag","embeddable":true,"href":"https:\/\/mipcysumundo.com.co\/index.php\/wp-json\/wp\/v2\/product_tag?post=5756"}],"curies":[{"name":"wp","href":"https:\/\/api.w.org\/{rel}","templated":true}]}}