{"id":5773,"date":"2024-06-06T19:15:33","date_gmt":"2024-06-06T17:15:33","guid":{"rendered":"https:\/\/mipcysumundo.com.co\/?post_type=product&#038;p=5773"},"modified":"2024-06-06T19:16:01","modified_gmt":"2024-06-06T17:16:01","slug":"diademas-con-microfono-stereo-12-mv-jr","status":"publish","type":"product","link":"https:\/\/mipcysumundo.com.co\/index.php\/producto\/diademas-con-microfono-stereo-12-mv-jr\/","title":{"rendered":"DIADEMAS CON MICROFONO STEREO 12 MV J&amp;R"},"content":{"rendered":"<div class=\"woocommerce-tabs wc-tabs-wrapper\">\n<div id=\"tab-additional_information\" class=\"woocommerce-Tabs-panel woocommerce-Tabs-panel--additional_information panel entry-content wc-tab\" role=\"tabpanel\" aria-labelledby=\"tab-title-additional_information\">\n<table class=\"woocommerce-product-attributes shop_attributes\">\n<tbody>\n<tr class=\"woocommerce-product-attributes-item woocommerce-product-attributes-item--weight\">\n<th class=\"woocommerce-product-attributes-item__label\">Peso<\/th>\n<td class=\"woocommerce-product-attributes-item__value\">0.12 kg<\/td>\n<\/tr>\n<tr class=\"woocommerce-product-attributes-item woocommerce-product-attributes-item--dimensions\">\n<th class=\"woocommerce-product-attributes-item__label\">Dimensiones<\/th>\n<td class=\"woocommerce-product-attributes-item__value\">22 \u00d7 6 \u00d7 16.5 cm<\/td>\n<\/tr>\n<tr class=\"woocommerce-product-attributes-item woocommerce-product-attributes-item--attribute_conductor-de-inicio\">\n<th class=\"woocommerce-product-attributes-item__label\">Conductor de inicio:<\/th>\n<td class=\"woocommerce-product-attributes-item__value\">40mm (diadema), 6x5mm (micr\u00f3fono)<\/td>\n<\/tr>\n<tr class=\"woocommerce-product-attributes-item woocommerce-product-attributes-item--attribute_rango-de-frecuencia\">\n<th class=\"woocommerce-product-attributes-item__label\">Rango de frecuencia<\/th>\n<td class=\"woocommerce-product-attributes-item__value\">20Hz-20KHz (diadema y micr\u00f3fono)<\/td>\n<\/tr>\n<tr class=\"woocommerce-product-attributes-item woocommerce-product-attributes-item--attribute_impedancia\">\n<th class=\"woocommerce-product-attributes-item__label\">Impedancia<\/th>\n<td class=\"woocommerce-product-attributes-item__value\">32 Ohm (diadema), 2.0K Ohm (micr\u00f3fono)<\/td>\n<\/tr>\n<tr class=\"woocommerce-product-attributes-item woocommerce-product-attributes-item--attribute_potencia-m%c3%a1xima-de-entrada\">\n<th class=\"woocommerce-product-attributes-item__label\">Potencia m\u00e1xima de entrada<\/th>\n<td class=\"woocommerce-product-attributes-item__value\">100mW (diadema), 0.4mW (micr\u00f3fono)<\/td>\n<\/tr>\n<tr class=\"woocommerce-product-attributes-item woocommerce-product-attributes-item--attribute_sensibilidad\">\n<th class=\"woocommerce-product-attributes-item__label\">Sensibilidad<\/th>\n<td class=\"woocommerce-product-attributes-item__value\">105dB S.P.L. a 1Khz+\/-2% (diadema), -55dB, 0dB = 1V\/Pa a 1Khz (micr\u00f3fono)<\/td>\n<\/tr>\n<tr class=\"woocommerce-product-attributes-item woocommerce-product-attributes-item--attribute_plug\">\n<th class=\"woocommerce-product-attributes-item__label\">Plug<\/th>\n<td class=\"woocommerce-product-attributes-item__value\">3.5mm<\/td>\n<\/tr>\n<tr class=\"woocommerce-product-attributes-item woocommerce-product-attributes-item--attribute_longitud-del-cable\">\n<th class=\"woocommerce-product-attributes-item__label\">Longitud del cable<\/th>\n<td class=\"woocommerce-product-attributes-item__value\">2.4 m<\/td>\n<\/tr>\n<tr class=\"woocommerce-product-attributes-item woocommerce-product-attributes-item--attribute_pa_color\">\n<th class=\"woocommerce-product-attributes-item__label\">Color<\/th>\n<td class=\"woocommerce-product-attributes-item__value\">Amarillo, Azul, Gris, Naranja, Verde<\/td>\n<\/tr>\n<\/tbody>\n<\/table>\n<\/div>\n<\/div>\n","protected":false},"excerpt":{"rendered":"<p>Diadema est\u00e9reo con micr\u00f3fono tipo DJ (indestructible), conexi\u00f3n de un solo plug 3.5mm compatible con: PC, laptop, smartphone, PS4, Xbox One y otros dispositivos, cuenta con control de volumen, color: amarillo, verde, azul, gris y naranjado.<\/p>\n","protected":false},"featured_media":5774,"comment_status":"open","ping_status":"closed","template":"","meta":{"_acf_changed":false,"_joinchat":[]},"product_cat":[247],"product_tag":[],"acf":[],"jetpack_sharing_enabled":true,"_links":{"self":[{"href":"https:\/\/mipcysumundo.com.co\/index.php\/wp-json\/wp\/v2\/product\/5773"}],"collection":[{"href":"https:\/\/mipcysumundo.com.co\/index.php\/wp-json\/wp\/v2\/product"}],"about":[{"href":"https:\/\/mipcysumundo.com.co\/index.php\/wp-json\/wp\/v2\/types\/product"}],"replies":[{"embeddable":true,"href":"https:\/\/mipcysumundo.com.co\/index.php\/wp-json\/wp\/v2\/comments?post=5773"}],"wp:featuredmedia":[{"embeddable":true,"href":"https:\/\/mipcysumundo.com.co\/index.php\/wp-json\/wp\/v2\/media\/5774"}],"wp:attachment":[{"href":"https:\/\/mipcysumundo.com.co\/index.php\/wp-json\/wp\/v2\/media?parent=5773"}],"wp:term":[{"taxonomy":"product_cat","embeddable":true,"href":"https:\/\/mipcysumundo.com.co\/index.php\/wp-json\/wp\/v2\/product_cat?post=5773"},{"taxonomy":"product_tag","embeddable":true,"href":"https:\/\/mipcysumundo.com.co\/index.php\/wp-json\/wp\/v2\/product_tag?post=5773"}],"curies":[{"name":"wp","href":"https:\/\/api.w.org\/{rel}","templated":true}]}}