{"id":5780,"date":"2024-06-06T20:15:15","date_gmt":"2024-06-06T18:15:15","guid":{"rendered":"https:\/\/mipcysumundo.com.co\/?post_type=product&#038;p=5780"},"modified":"2024-06-06T20:15:39","modified_gmt":"2024-06-06T18:15:39","slug":"diademas-inalambricas-y08","status":"publish","type":"product","link":"https:\/\/mipcysumundo.com.co\/index.php\/producto\/diademas-inalambricas-y08\/","title":{"rendered":"DIADEMAS INALAMBRICAS Y08"},"content":{"rendered":"<p>Hermosos aud\u00edfonos con dise\u00f1o innovador, inal\u00e1mbricos con gran sonido envolvente, con sistema bluetooth y gran capacidad de bater\u00eda.<\/p>\n<p>&nbsp;<\/p>\n<ul>\n<li><strong>Material:<\/strong>\u00a0Pl\u00e1stico.<\/li>\n<li><strong>Tama\u00f1o Aprox. producto:<\/strong>\u00a019 x 19 x\u00a07 cm<\/li>\n<li><strong>Peso:<\/strong>\u00a0111 g.<\/li>\n<li><strong>Funcionamiento:<\/strong>\u00a0Bater\u00eda recargable USB.<\/li>\n<li><strong>Poder:<\/strong>\u00a010mW*2<\/li>\n<li><strong>Respuesta de frecuencia:<\/strong>\u00a0120-20000Hz<\/li>\n<li><strong>Tiempo de carga:<\/strong>\u00a03 horas.<\/li>\n<li><strong>Tiempo de uso:<\/strong>\u00a0Llamadas: 12 horas \/ M\u00fasica: 10 horas.<\/li>\n<li>Con estas poderosas diademas tendr\u00e1s un sonido envolvente.<\/li>\n<li>Las diademas pueden usarse en computadores, tablets, celulares o cualquier reproductor de audio.<\/li>\n<li>Ideal para las aficionadas a los juegos que realizan streaming, con un llamativo dise\u00f1o moderno.<\/li>\n<li>Las almohadas de los auriculares son suaves para los o\u00eddos y transmiten un sonido n\u00edtido y claro, adem\u00e1s de contar con un sistema que aumenta los bajos y vibraciones.<\/li>\n<li>Para usar las diademas debes encender el bluetooth de tu celular y buscar al dispositivo cuando las diademas empiecen a alumbrar intermitentemente para emparejarlos.<\/li>\n<\/ul>\n<p><strong>Contenido del paquete:<\/strong><\/p>\n<ul>\n<li>1 Aud\u00edfonos inal\u00e1mbricos.<\/li>\n<li>1 Cable usb.<\/li>\n<li><strong>100 % Nuevos.<\/strong><\/li>\n<\/ul>\n","protected":false},"excerpt":{"rendered":"<p>bluetooth jerry v5.0<br \/>\n\u2013 lector de memorias<br \/>\n\u2013 fm<br \/>\n\u2013 bater\u00eda 150mah<br \/>\n\u2013 tiempo de uso hasta 5h<br \/>\n\u2013 rango 10 mtrs<\/p>\n","protected":false},"featured_media":5781,"comment_status":"open","ping_status":"closed","template":"","meta":{"_acf_changed":false,"_joinchat":[]},"product_cat":[247],"product_tag":[],"acf":[],"jetpack_sharing_enabled":true,"_links":{"self":[{"href":"https:\/\/mipcysumundo.com.co\/index.php\/wp-json\/wp\/v2\/product\/5780"}],"collection":[{"href":"https:\/\/mipcysumundo.com.co\/index.php\/wp-json\/wp\/v2\/product"}],"about":[{"href":"https:\/\/mipcysumundo.com.co\/index.php\/wp-json\/wp\/v2\/types\/product"}],"replies":[{"embeddable":true,"href":"https:\/\/mipcysumundo.com.co\/index.php\/wp-json\/wp\/v2\/comments?post=5780"}],"wp:featuredmedia":[{"embeddable":true,"href":"https:\/\/mipcysumundo.com.co\/index.php\/wp-json\/wp\/v2\/media\/5781"}],"wp:attachment":[{"href":"https:\/\/mipcysumundo.com.co\/index.php\/wp-json\/wp\/v2\/media?parent=5780"}],"wp:term":[{"taxonomy":"product_cat","embeddable":true,"href":"https:\/\/mipcysumundo.com.co\/index.php\/wp-json\/wp\/v2\/product_cat?post=5780"},{"taxonomy":"product_tag","embeddable":true,"href":"https:\/\/mipcysumundo.com.co\/index.php\/wp-json\/wp\/v2\/product_tag?post=5780"}],"curies":[{"name":"wp","href":"https:\/\/api.w.org\/{rel}","templated":true}]}}