{"id":5824,"date":"2024-06-06T20:49:54","date_gmt":"2024-06-06T18:49:54","guid":{"rendered":"https:\/\/mipcysumundo.com.co\/?post_type=product&#038;p=5824"},"modified":"2026-04-23T03:05:16","modified_gmt":"2026-04-23T01:05:16","slug":"dvr-4k-hdcvi-dahua","status":"publish","type":"product","link":"https:\/\/mipcysumundo.com.co\/index.php\/producto\/dvr-4k-hdcvi-dahua\/","title":{"rendered":"DVR 4K HDCVI DAHUA"},"content":{"rendered":"<ul>\n<li>Resoluci\u00f3n de grabaci\u00f3n 4K a 7 fps en todos los canales HDCVI<\/li>\n<li>Disponible con disco duro preinstalado de 2 TB, 4 TB, 6 TB u 8 TB<\/li>\n<li>Grabaci\u00f3n de v\u00eddeo de doble flujo<\/li>\n<li>Tecnolog\u00eda de codificaci\u00f3n AI para v\u00eddeo humano\/veh\u00edculo de alta calidad<\/li>\n<li>Detecci\u00f3n y configuraci\u00f3n autom\u00e1tica de entradas de v\u00eddeo<\/li>\n<li>8 + 8 canales de c\u00e1mara IP, cada canal de hasta 8 MP<\/li>\n<li>Ancho de banda entrante m\u00e1ximo de 128 Mbps<\/li>\n<li>Protecci\u00f3n perimetral y detecci\u00f3n inteligente de movimiento (SMD)<\/li>\n<li>Transmisi\u00f3n de v\u00eddeo a larga distancia<\/li>\n<\/ul>\n","protected":false},"excerpt":{"rendered":"<p>El DVR HDCVI serie X82B ofrece grabaci\u00f3n 4K en cada canal HDCVI y una gran cantidad de caracter\u00edsticas y funciones avanzadas. El X82B aprovecha la tecnolog\u00eda HDCVI para integrarse f\u00e1cilmente en los sistemas de videoseguridad existentes, al tiempo que aprovecha las redes, el cableado y las c\u00e1maras existentes. La tecnolog\u00eda de acceso pentah\u00edbrido graba sin problemas v\u00eddeo de fuentes HDCVI, AHD, TVI, CVBS e IP simult\u00e1neamente, y adem\u00e1s el DVR ofrece resoluci\u00f3n 4K en cada canal HDCVI o IP. Este grabador es la soluci\u00f3n ideal para la supervisi\u00f3n activa de tiendas minoristas, propiedades personales y hogares.<\/p>\n<p>Traducci\u00f3n realizada con la versi\u00f3n gratuita del traductor DeepL.com<\/p>\n","protected":false},"featured_media":5831,"comment_status":"open","ping_status":"closed","template":"","meta":{"_acf_changed":false,"_joinchat":[]},"product_cat":[15],"product_tag":[],"acf":[],"jetpack_sharing_enabled":true,"_links":{"self":[{"href":"https:\/\/mipcysumundo.com.co\/index.php\/wp-json\/wp\/v2\/product\/5824"}],"collection":[{"href":"https:\/\/mipcysumundo.com.co\/index.php\/wp-json\/wp\/v2\/product"}],"about":[{"href":"https:\/\/mipcysumundo.com.co\/index.php\/wp-json\/wp\/v2\/types\/product"}],"replies":[{"embeddable":true,"href":"https:\/\/mipcysumundo.com.co\/index.php\/wp-json\/wp\/v2\/comments?post=5824"}],"wp:featuredmedia":[{"embeddable":true,"href":"https:\/\/mipcysumundo.com.co\/index.php\/wp-json\/wp\/v2\/media\/5831"}],"wp:attachment":[{"href":"https:\/\/mipcysumundo.com.co\/index.php\/wp-json\/wp\/v2\/media?parent=5824"}],"wp:term":[{"taxonomy":"product_cat","embeddable":true,"href":"https:\/\/mipcysumundo.com.co\/index.php\/wp-json\/wp\/v2\/product_cat?post=5824"},{"taxonomy":"product_tag","embeddable":true,"href":"https:\/\/mipcysumundo.com.co\/index.php\/wp-json\/wp\/v2\/product_tag?post=5824"}],"curies":[{"name":"wp","href":"https:\/\/api.w.org\/{rel}","templated":true}]}}