{"id":5825,"date":"2024-06-06T20:53:41","date_gmt":"2024-06-06T18:53:41","guid":{"rendered":"https:\/\/mipcysumundo.com.co\/?post_type=product&#038;p=5825"},"modified":"2025-08-27T04:52:40","modified_gmt":"2025-08-27T02:52:40","slug":"dvr-dh-xvr1a04-2mp-4-canales-dahua","status":"publish","type":"product","link":"https:\/\/mipcysumundo.com.co\/index.php\/producto\/dvr-dh-xvr1a04-2mp-4-canales-dahua\/","title":{"rendered":"DVR DH-XVR1A04 2MP 4 CANALES DAHUA"},"content":{"rendered":"<div id=\"content-column-0\" class=\"box-container row mx-0 pb-1 px-0 align-items-center w-100\" data-v-8765dc82=\"\">\n<div class=\"container px-0 row mx-0 mx-auto justify-content-center align-items-center\" data-v-8765dc82=\"\">\n<div class=\"column-content position-relative px-0 col-12\" data-v-8765dc82=\"\">\n<div class=\"my-mb-3 my-0 mb-0\" data-v-8765dc82=\"\">\n<div data-v-216c970a=\"\" data-v-8765dc82=\"\">\n<div class=\"ql-editor \" data-v-216c970a=\"\">\n<p>&nbsp;<\/p>\n<h3><strong>Cooper Series XVR<\/strong><\/h3>\n<p>Dahua, es la compa\u00f1\u00eda l\u00edder en tecnolog\u00eda\u00a0en la \u00a0industria de seguridad y en esta ocasi\u00f3n presenta el XVR de serie Cooper. Dise\u00f1ado como un producto de compatibilidad completa, el XVR ofrece al usuario final toda la simplicidad de un sistema an\u00e1logo con su bajo costo del sistema y una instalaci\u00f3n simple. Su versatilidad lo hace util para instalaci\u00f3nes de uso civil como seguridad para tiendas y negocios personales, protecci\u00f3n del hogar, etc.<\/p>\n<p>El alto rendimiento y bajo precio hace que la serie Cooper sea una gran soluci\u00f3n para usuarios con presupuesto ajustado, que requieren tanto calidad como rendimiento.<\/p>\n<\/div>\n<\/div>\n<\/div>\n<\/div>\n<\/div>\n<\/div>\n<div id=\"content-column-1\" class=\"box-container row mx-0 pb-1 px-0 align-items-center w-100\" data-v-8765dc82=\"\">\n<div class=\"container px-0 row mx-0 mx-auto justify-content-center align-items-center\" data-v-8765dc82=\"\">\n<div class=\"column-content position-relative px-0 col-12\" data-v-8765dc82=\"\">\n<div class=\"my-mb-3 my-0 mb-0\" data-v-8765dc82=\"\">\n<div data-v-216c970a=\"\" data-v-8765dc82=\"\">\n<div class=\"ql-editor \" data-v-216c970a=\"\">\n<h3><\/h3>\n<h3><strong>Caracter\u00edsticas principales<\/strong><\/h3>\n<\/div>\n<\/div>\n<\/div>\n<\/div>\n<\/div>\n<\/div>\n<div id=\"content-column-2\" class=\"box-container row mx-0 pb-1 px-0 align-items-center w-100\" data-v-8765dc82=\"\">\n<div class=\"container px-0 row mx-0 mx-auto justify-content-center align-items-center\" data-v-8765dc82=\"\">\n<div class=\"column-content position-relative px-0 col-12\" data-v-8765dc82=\"\">\n<div class=\"my-mb-3 my-0 mb-0\" data-v-8765dc82=\"\">\n<div data-v-216c970a=\"\" data-v-8765dc82=\"\">\n<div class=\"ql-editor \" data-v-216c970a=\"\">\n<h5><strong>Auto detecci\u00f3n HDCVI\/AHD\/TVI\/CVBS\/IP<\/strong><\/h5>\n<p>XVR puede reconocer de manera autom\u00e1tica la se\u00f1al de la c\u00e1mara fontal sin ninguna configuraci\u00f3n previa. Haciendo su operaci\u00f3n de manera m\u00e1s amigable y conveniente.<\/p>\n<\/div>\n<\/div>\n<\/div>\n<\/div>\n<\/div>\n<\/div>\n<div id=\"content-column-3\" class=\"box-container row mx-0 pb-1 px-0 align-items-center w-100\" data-v-8765dc82=\"\">\n<div class=\"container px-0 row mx-0 mx-auto justify-content-center align-items-center\" data-v-8765dc82=\"\">\n<div class=\"column-content position-relative px-0 col-12\" data-v-8765dc82=\"\">\n<div class=\"my-mb-3 my-0 mb-0\" data-v-8765dc82=\"\">\n<div data-v-216c970a=\"\" data-v-8765dc82=\"\">\n<div class=\"ql-editor \" data-v-216c970a=\"\">\n<h5><strong>Soporte a input IPC<\/strong><\/h5>\n<p>La XVR1A04 soporta hasta 2MP de input IPC.<\/p>\n<\/div>\n<\/div>\n<\/div>\n<\/div>\n<\/div>\n<\/div>\n<div id=\"content-column-4\" class=\"box-container row mx-0 pb-1 px-0 align-items-center w-100\" data-v-8765dc82=\"\">\n<div class=\"container px-0 row mx-0 mx-auto justify-content-center align-items-center\" data-v-8765dc82=\"\">\n<div class=\"column-content position-relative px-0 col-12\" data-v-8765dc82=\"\">\n<div class=\"my-mb-3 my-0 mb-0\" data-v-8765dc82=\"\">\n<div data-v-216c970a=\"\" data-v-8765dc82=\"\">\n<div class=\"ql-editor \" data-v-216c970a=\"\">\n<h4><strong>Audio coaxial \/ actualizaci\u00f3n \/ alarma<\/strong><\/h4>\n<p>El dise\u00f1o integrado puede reducir los problemas de cableado, lo que lo hace mucho m\u00e1s econ\u00f3mico y conveniente para la instalaci\u00f3n.<\/p>\n<\/div>\n<\/div>\n<\/div>\n<\/div>\n<\/div>\n<\/div>\n<div id=\"content-column-5\" class=\"box-container row mx-0 pb-1 px-0 align-items-center w-100\" data-v-8765dc82=\"\">\n<div class=\"container px-0 row mx-0 mx-auto justify-content-center align-items-center\" data-v-8765dc82=\"\">\n<div class=\"column-content position-relative px-0 col-12 col-md-6\" data-v-8765dc82=\"\">\n<div data-v-8765dc82=\"\">\n<div class=\"w-100 video-item\" data-v-dcd6f27a=\"\" data-v-8765dc82=\"\"><\/div>\n<\/div>\n<\/div>\n<div class=\"column-content position-relative px-0 col-12 col-md-6\" data-v-8765dc82=\"\">\n<div class=\"my-mb-3 my-0 mb-0\" data-v-8765dc82=\"\">\n<div data-v-216c970a=\"\" data-v-8765dc82=\"\">\n<div class=\"ql-editor \" data-v-216c970a=\"\">\n<h4><strong>Transmisi\u00f3n de larga distancia El sistema HDCVI <\/strong><\/h4>\n<p>Admite la transmisi\u00f3n a larga distancia a trav\u00e9s de cable coaxial y UTP, m\u00e1x. 800m para 1080P y 1200m para 720P.<\/p>\n<\/div>\n<\/div>\n<\/div>\n<\/div>\n<\/div>\n<\/div>\n<div id=\"content-column-6\" class=\"box-container row mx-0 pb-1 px-0 align-items-center w-100\" data-v-8765dc82=\"\">\n<div class=\"container px-0 row mx-0 mx-auto justify-content-center align-items-center\" data-v-8765dc82=\"\">\n<div class=\"column-content position-relative px-0 col-12 col-md-6\" data-v-8765dc82=\"\">\n<div data-v-8765dc82=\"\">\n<div class=\"content-columns\" data-v-111e791c=\"\" data-v-8765dc82=\"\">\n<div class=\"row mx-0 py-2\" data-v-111e791c=\"\">\n<div class=\"col-12 mt-3 mx-auto\" data-v-111e791c=\"\">\n<div data-v-111e791c=\"\">\n<div class=\"ql-editor\" data-v-111e791c=\"\">\n<h5 class=\"ql-align-center\"><strong>Dimensiones (mm)<\/strong><\/h5>\n<\/div>\n<div class=\"img-container d-flex align-items-center\" data-v-111e791c=\"\"><img decoding=\"async\" class=\"mx-auto text-img\" src=\"https:\/\/www.gvscolombia.com\/assets\/posts\/imagenPost-1583180077.jpeg\" alt=\"\" data-v-111e791c=\"\" \/><\/div>\n<\/div>\n<\/div>\n<\/div>\n<\/div>\n<\/div>\n<\/div>\n<div class=\"column-content position-relative px-0 col-12 col-md-6\" data-v-8765dc82=\"\">\n<div data-v-8765dc82=\"\">\n<div class=\"content-columns\" data-v-111e791c=\"\" data-v-8765dc82=\"\">\n<div class=\"row mx-0 py-2\" data-v-111e791c=\"\">\n<div class=\"col-12 mt-3 mx-auto\" data-v-111e791c=\"\">\n<div data-v-111e791c=\"\">\n<div class=\"ql-editor\" data-v-111e791c=\"\">\n<h5 class=\"ql-align-center\"><strong>Panel trasero<\/strong><\/h5>\n<\/div>\n<div class=\"img-container d-flex align-items-center\" data-v-111e791c=\"\"><img decoding=\"async\" class=\"mx-auto text-img\" src=\"https:\/\/www.gvscolombia.com\/assets\/posts\/imagenPost-1583180554.jpeg\" alt=\"\" data-v-111e791c=\"\" \/><\/div>\n<\/div>\n<div data-v-111e791c=\"\"><\/div>\n<\/div>\n<\/div>\n<\/div>\n<\/div>\n<\/div>\n<\/div>\n<\/div>\n","protected":false},"excerpt":{"rendered":"<div id=\"content-column-0\" class=\"box-container row mx-0 pb-1 px-0 align-items-center w-100\" data-v-8765dc82=\"\">\n<div class=\"container px-0 row mx-0 mx-auto justify-content-center align-items-center\" data-v-8765dc82=\"\">\n<div class=\"column-content position-relative px-0 col-12\" data-v-8765dc82=\"\">\n<div class=\"my-mb-3 my-0 mb-0\" data-v-8765dc82=\"\">\n<div data-v-216c970a=\"\" data-v-8765dc82=\"\">\n<div class=\"ql-editor \" data-v-216c970a=\"\">\n<h6 class=\"description-title my-3\" data-v-55ead892=\"\"><b data-v-55ead892=\"\">Caracter\u00edsticas<\/b><\/h6>\n<ul data-v-55ead892=\"\">\n<li data-v-55ead892=\"\">Tipo: XVR Hibrido (5 tecnologias)<\/li>\n<li data-v-55ead892=\"\">Serie: Cooper,<\/li>\n<li data-v-55ead892=\"\">Tecnolog\u00eda: 4 en 1<\/li>\n<li data-v-55ead892=\"\">Entrada Anal\u00f3gica: 4CH<\/li>\n<li data-v-55ead892=\"\">Entrada IP: M\u00e1s 1CH IP<\/li>\n<li data-v-55ead892=\"\">Resoluci\u00f3n m\u00e1xima IP: MAX IP 2MP<\/li>\n<li data-v-55ead892=\"\">Compresi\u00f3n: H.264,<\/li>\n<li data-v-55ead892=\"\">Resolucion Grabaci\u00f3n Maxima: Grabaci\u00f3n hasta 1080N@30FPS,<\/li>\n<li data-v-55ead892=\"\">Todos los canales a: 1080N@30FPS,<\/li>\n<li data-v-55ead892=\"\">Interfaz de red: RJ45 10\/100 Mbps<\/li>\n<li data-v-55ead892=\"\">SATA: 1 SATA<\/li>\n<li data-v-55ead892=\"\">Cp. HDD: HASTA 6TB<\/li>\n<li data-v-55ead892=\"\">Salidas HDMI y VGA: 1P HDM1, 1P VGA,<\/li>\n<li data-v-55ead892=\"\">Resoluci\u00f3n m\u00e1xima salida HDMI 1: HDMI1 1920 \u00d7 1080\/60Hz<\/li>\n<li data-v-55ead892=\"\">Reproducci\u00f3n simult\u00e1nea: Reproducci\u00f3n simult\u00e1nea 4-ch<\/li>\n<li data-v-55ead892=\"\">Anal\u00edticas: Detecci\u00f3n de movimiento,<\/li>\n<li data-v-55ead892=\"\">Audio bidireccional: RCA Audio Bidireccional<\/li>\n<li data-v-55ead892=\"\">Consumo sin HDD: 10W<\/li>\n<\/ul>\n<\/div>\n<\/div>\n<\/div>\n<\/div>\n<\/div>\n<\/div>\n","protected":false},"featured_media":5826,"comment_status":"open","ping_status":"closed","template":"","meta":{"_acf_changed":false,"_joinchat":[]},"product_cat":[15],"product_tag":[],"acf":[],"jetpack_sharing_enabled":true,"_links":{"self":[{"href":"https:\/\/mipcysumundo.com.co\/index.php\/wp-json\/wp\/v2\/product\/5825"}],"collection":[{"href":"https:\/\/mipcysumundo.com.co\/index.php\/wp-json\/wp\/v2\/product"}],"about":[{"href":"https:\/\/mipcysumundo.com.co\/index.php\/wp-json\/wp\/v2\/types\/product"}],"replies":[{"embeddable":true,"href":"https:\/\/mipcysumundo.com.co\/index.php\/wp-json\/wp\/v2\/comments?post=5825"}],"wp:featuredmedia":[{"embeddable":true,"href":"https:\/\/mipcysumundo.com.co\/index.php\/wp-json\/wp\/v2\/media\/5826"}],"wp:attachment":[{"href":"https:\/\/mipcysumundo.com.co\/index.php\/wp-json\/wp\/v2\/media?parent=5825"}],"wp:term":[{"taxonomy":"product_cat","embeddable":true,"href":"https:\/\/mipcysumundo.com.co\/index.php\/wp-json\/wp\/v2\/product_cat?post=5825"},{"taxonomy":"product_tag","embeddable":true,"href":"https:\/\/mipcysumundo.com.co\/index.php\/wp-json\/wp\/v2\/product_tag?post=5825"}],"curies":[{"name":"wp","href":"https:\/\/api.w.org\/{rel}","templated":true}]}}