{"id":5874,"date":"2024-07-23T00:02:20","date_gmt":"2024-07-22T22:02:20","guid":{"rendered":"https:\/\/mipcysumundo.com.co\/?post_type=product&#038;p=5874"},"modified":"2026-04-12T09:13:09","modified_gmt":"2026-04-12T07:13:09","slug":"combo-mujer-pink-diadema","status":"publish","type":"product","link":"https:\/\/mipcysumundo.com.co\/index.php\/producto\/combo-mujer-pink-diadema\/","title":{"rendered":"COMBO MUJER PINK + DIADEMA"},"content":{"rendered":"<ul>\n<li><span class=\"OYPEnA font-feature-liga-off font-feature-clig-off font-feature-calt-off text-decoration-none text-strikethrough-none\">Audio n\u00edtido para llamadas por Internet y m\u00fasica.<\/span><\/li>\n<li><span class=\"OYPEnA font-feature-liga-off font-feature-clig-off font-feature-calt-off text-decoration-none text-strikethrough-none\">Micr\u00f3fono con supresi\u00f3n de ruido para una comunicaci\u00f3n clara.<\/span><\/li>\n<li><span class=\"OYPEnA font-feature-liga-off font-feature-clig-off font-feature-calt-off text-decoration-none text-strikethrough-none\">Controles integrados en el cable para ajustar el volumen y silenciar el micr\u00f3fono.<\/span><\/li>\n<li><span class=\"OYPEnA font-feature-liga-off font-feature-clig-off font-feature-calt-off text-decoration-none text-strikethrough-none\">Conexi\u00f3n USB-A simple.<\/span><\/li>\n<li><span class=\"OYPEnA font-feature-liga-off font-feature-clig-off font-feature-calt-off text-decoration-none text-strikethrough-none\">Dise\u00f1o c\u00f3modo y ligero.<\/span><\/li>\n<li><span class=\"OYPEnA font-feature-liga-off font-feature-clig-off font-feature-calt-off text-decoration-none text-strikethrough-none\">Color rosa.<\/span><\/li>\n<\/ul>\n","protected":false},"excerpt":{"rendered":"<p>Audio n\u00edtido para llamadas por Internet y m\u00fasica. Micr\u00f3fono con supresi\u00f3n de ruido para una comunicaci\u00f3n clara. Controles integrados en el cable para ajustar el volumen y silenciar el micr\u00f3fono.<\/p>\n","protected":false},"featured_media":5875,"comment_status":"open","ping_status":"closed","template":"","meta":{"_acf_changed":false,"_joinchat":[]},"product_cat":[15],"product_tag":[],"acf":[],"jetpack_sharing_enabled":true,"_links":{"self":[{"href":"https:\/\/mipcysumundo.com.co\/index.php\/wp-json\/wp\/v2\/product\/5874"}],"collection":[{"href":"https:\/\/mipcysumundo.com.co\/index.php\/wp-json\/wp\/v2\/product"}],"about":[{"href":"https:\/\/mipcysumundo.com.co\/index.php\/wp-json\/wp\/v2\/types\/product"}],"replies":[{"embeddable":true,"href":"https:\/\/mipcysumundo.com.co\/index.php\/wp-json\/wp\/v2\/comments?post=5874"}],"wp:featuredmedia":[{"embeddable":true,"href":"https:\/\/mipcysumundo.com.co\/index.php\/wp-json\/wp\/v2\/media\/5875"}],"wp:attachment":[{"href":"https:\/\/mipcysumundo.com.co\/index.php\/wp-json\/wp\/v2\/media?parent=5874"}],"wp:term":[{"taxonomy":"product_cat","embeddable":true,"href":"https:\/\/mipcysumundo.com.co\/index.php\/wp-json\/wp\/v2\/product_cat?post=5874"},{"taxonomy":"product_tag","embeddable":true,"href":"https:\/\/mipcysumundo.com.co\/index.php\/wp-json\/wp\/v2\/product_tag?post=5874"}],"curies":[{"name":"wp","href":"https:\/\/api.w.org\/{rel}","templated":true}]}}