{"id":5876,"date":"2024-07-23T00:06:41","date_gmt":"2024-07-22T22:06:41","guid":{"rendered":"https:\/\/mipcysumundo.com.co\/?post_type=product&#038;p=5876"},"modified":"2024-07-23T00:40:48","modified_gmt":"2024-07-22T22:40:48","slug":"diadema-para-pc-h2105d-havit","status":"publish","type":"product","link":"https:\/\/mipcysumundo.com.co\/index.php\/producto\/diadema-para-pc-h2105d-havit\/","title":{"rendered":"DIADEMA PARA PC H2105D HAVIT"},"content":{"rendered":"<ul>\n<li><span class=\"OYPEnA font-feature-liga-off font-feature-clig-off font-feature-calt-off text-decoration-none text-strikethrough-none\">Sonido est\u00e9reo: Los auriculares de 40 mm ofrecen un sonido n\u00edtido y rico en graves.<\/span><\/li>\n<li><span class=\"OYPEnA font-feature-liga-off font-feature-clig-off font-feature-calt-off text-decoration-none text-strikethrough-none\">Micr\u00f3fono cancelaci\u00f3n de ruido: El micr\u00f3fono ajustable con cancelaci\u00f3n de ruido garantiza que te escuchen con claridad en las llamadas por Internet.<\/span><\/li>\n<\/ul>\n","protected":false},"excerpt":{"rendered":"<p>Sonido est\u00e9reo: Los auriculares de 40 mm ofrecen un sonido n\u00edtido y rico en graves. Micr\u00f3fono cancelaci\u00f3n de ruido: El micr\u00f3fono ajustable con cancelaci\u00f3n de ruido garantiza que te escuchen<\/p>\n","protected":false},"featured_media":5877,"comment_status":"open","ping_status":"closed","template":"","meta":{"_acf_changed":false,"_joinchat":[]},"product_cat":[15],"product_tag":[],"acf":[],"jetpack_sharing_enabled":true,"_links":{"self":[{"href":"https:\/\/mipcysumundo.com.co\/index.php\/wp-json\/wp\/v2\/product\/5876"}],"collection":[{"href":"https:\/\/mipcysumundo.com.co\/index.php\/wp-json\/wp\/v2\/product"}],"about":[{"href":"https:\/\/mipcysumundo.com.co\/index.php\/wp-json\/wp\/v2\/types\/product"}],"replies":[{"embeddable":true,"href":"https:\/\/mipcysumundo.com.co\/index.php\/wp-json\/wp\/v2\/comments?post=5876"}],"wp:featuredmedia":[{"embeddable":true,"href":"https:\/\/mipcysumundo.com.co\/index.php\/wp-json\/wp\/v2\/media\/5877"}],"wp:attachment":[{"href":"https:\/\/mipcysumundo.com.co\/index.php\/wp-json\/wp\/v2\/media?parent=5876"}],"wp:term":[{"taxonomy":"product_cat","embeddable":true,"href":"https:\/\/mipcysumundo.com.co\/index.php\/wp-json\/wp\/v2\/product_cat?post=5876"},{"taxonomy":"product_tag","embeddable":true,"href":"https:\/\/mipcysumundo.com.co\/index.php\/wp-json\/wp\/v2\/product_tag?post=5876"}],"curies":[{"name":"wp","href":"https:\/\/api.w.org\/{rel}","templated":true}]}}