{"id":5878,"date":"2024-07-23T00:07:43","date_gmt":"2024-07-22T22:07:43","guid":{"rendered":"https:\/\/mipcysumundo.com.co\/?post_type=product&#038;p=5878"},"modified":"2024-07-23T00:40:24","modified_gmt":"2024-07-22T22:40:24","slug":"diadema-con-microfono-62-mv-jyr","status":"publish","type":"product","link":"https:\/\/mipcysumundo.com.co\/index.php\/producto\/diadema-con-microfono-62-mv-jyr\/","title":{"rendered":"DIADEMA CON MICROFONO 62 MV JYR"},"content":{"rendered":"<p class=\"cvGsUA direction-ltr align-center para-style-body\"><span class=\"OYPEnA font-feature-liga-off font-feature-clig-off font-feature-calt-off text-decoration-none text-strikethrough-none\">Micr\u00f3fono incorporado para llamadas manos libres.<\/span><\/p>\n<p class=\"cvGsUA direction-ltr align-center para-style-body\"><span class=\"OYPEnA font-feature-liga-off font-feature-clig-off font-feature-calt-off text-decoration-none text-strikethrough-none\">Almohadillas suaves para mayor comodidad.<\/span><\/p>\n<p class=\"cvGsUA direction-ltr align-center para-style-body\"><span class=\"OYPEnA font-feature-liga-off font-feature-clig-off font-feature-calt-off text-decoration-none text-strikethrough-none\">Dise\u00f1o plegable para facilitar su almacenamiento.<\/span><\/p>\n<p class=\"cvGsUA direction-ltr align-center para-style-body\"><span class=\"OYPEnA font-feature-liga-off font-feature-clig-off font-feature-calt-off text-decoration-none text-strikethrough-none\">Compatible con PC, port\u00e1tiles, smartphones, PS4, Xbox One y otros dispositivos.<\/span><\/p>\n","protected":false},"excerpt":{"rendered":"<p>Micr\u00f3fono incorporado para llamadas manos libres. Almohadillas suaves para mayor comodidad. Dise\u00f1o plegable para facilitar su almacenamiento. Compatible con PC, port\u00e1tiles, smartphones, PS4, Xbox One y otros dispositivos.<\/p>\n","protected":false},"featured_media":5879,"comment_status":"open","ping_status":"closed","template":"","meta":{"_acf_changed":false,"_joinchat":[]},"product_cat":[15],"product_tag":[],"acf":[],"jetpack_sharing_enabled":true,"_links":{"self":[{"href":"https:\/\/mipcysumundo.com.co\/index.php\/wp-json\/wp\/v2\/product\/5878"}],"collection":[{"href":"https:\/\/mipcysumundo.com.co\/index.php\/wp-json\/wp\/v2\/product"}],"about":[{"href":"https:\/\/mipcysumundo.com.co\/index.php\/wp-json\/wp\/v2\/types\/product"}],"replies":[{"embeddable":true,"href":"https:\/\/mipcysumundo.com.co\/index.php\/wp-json\/wp\/v2\/comments?post=5878"}],"wp:featuredmedia":[{"embeddable":true,"href":"https:\/\/mipcysumundo.com.co\/index.php\/wp-json\/wp\/v2\/media\/5879"}],"wp:attachment":[{"href":"https:\/\/mipcysumundo.com.co\/index.php\/wp-json\/wp\/v2\/media?parent=5878"}],"wp:term":[{"taxonomy":"product_cat","embeddable":true,"href":"https:\/\/mipcysumundo.com.co\/index.php\/wp-json\/wp\/v2\/product_cat?post=5878"},{"taxonomy":"product_tag","embeddable":true,"href":"https:\/\/mipcysumundo.com.co\/index.php\/wp-json\/wp\/v2\/product_tag?post=5878"}],"curies":[{"name":"wp","href":"https:\/\/api.w.org\/{rel}","templated":true}]}}