{"id":5886,"date":"2024-07-23T00:13:31","date_gmt":"2024-07-22T22:13:31","guid":{"rendered":"https:\/\/mipcysumundo.com.co\/?post_type=product&#038;p=5886"},"modified":"2024-07-23T00:38:10","modified_gmt":"2024-07-22T22:38:10","slug":"diademas-akz-020-usb-plug-35mm-2","status":"publish","type":"product","link":"https:\/\/mipcysumundo.com.co\/index.php\/producto\/diademas-akz-020-usb-plug-35mm-2\/","title":{"rendered":"DIADEMAS AKZ-020 USB + PLUG 3,5mm"},"content":{"rendered":"<ul>\n<li><span class=\"OYPEnA font-feature-liga-off font-feature-clig-off font-feature-calt-off text-decoration-none text-strikethrough-none\">Sonido est\u00e9reo: Los auriculares de 40 mm ofrecen un sonido n\u00edtido y rico en graves.<\/span><\/li>\n<li><span class=\"OYPEnA font-feature-liga-off font-feature-clig-off font-feature-calt-off text-decoration-none text-strikethrough-none\">Micr\u00f3fono con cancelaci\u00f3n de ruido: El micr\u00f3fono ajustable con cancelaci\u00f3n de ruido garantiza que te escuchen con claridad en las chats de voz del juego.<\/span><\/li>\n<li><span class=\"OYPEnA font-feature-liga-off font-feature-clig-off font-feature-calt-off text-decoration-none text-strikethrough-none\">C\u00f3modas de usar: Las almohadillas de piel sint\u00e9tica acolchadas y la diadema ajustable proporcionan comodidad durante horas de juego.<\/span><\/li>\n<\/ul>\n","protected":false},"excerpt":{"rendered":"<p>Sonido est\u00e9reo: Los auriculares de 40 mm ofrecen un sonido n\u00edtido y rico en graves. Micr\u00f3fono con cancelaci\u00f3n de ruido: El micr\u00f3fono ajustable con cancelaci\u00f3n de ruido garantiza que te<\/p>\n","protected":false},"featured_media":5887,"comment_status":"open","ping_status":"closed","template":"","meta":{"_acf_changed":false,"_joinchat":[]},"product_cat":[15],"product_tag":[],"acf":[],"jetpack_sharing_enabled":true,"_links":{"self":[{"href":"https:\/\/mipcysumundo.com.co\/index.php\/wp-json\/wp\/v2\/product\/5886"}],"collection":[{"href":"https:\/\/mipcysumundo.com.co\/index.php\/wp-json\/wp\/v2\/product"}],"about":[{"href":"https:\/\/mipcysumundo.com.co\/index.php\/wp-json\/wp\/v2\/types\/product"}],"replies":[{"embeddable":true,"href":"https:\/\/mipcysumundo.com.co\/index.php\/wp-json\/wp\/v2\/comments?post=5886"}],"wp:featuredmedia":[{"embeddable":true,"href":"https:\/\/mipcysumundo.com.co\/index.php\/wp-json\/wp\/v2\/media\/5887"}],"wp:attachment":[{"href":"https:\/\/mipcysumundo.com.co\/index.php\/wp-json\/wp\/v2\/media?parent=5886"}],"wp:term":[{"taxonomy":"product_cat","embeddable":true,"href":"https:\/\/mipcysumundo.com.co\/index.php\/wp-json\/wp\/v2\/product_cat?post=5886"},{"taxonomy":"product_tag","embeddable":true,"href":"https:\/\/mipcysumundo.com.co\/index.php\/wp-json\/wp\/v2\/product_tag?post=5886"}],"curies":[{"name":"wp","href":"https:\/\/api.w.org\/{rel}","templated":true}]}}